{"id":1057,"date":"2017-02-10T16:58:26","date_gmt":"2017-02-10T16:58:26","guid":{"rendered":"http:\/\/www.miasa.com.mx\/?page_id=1057"},"modified":"2023-08-31T14:20:59","modified_gmt":"2023-08-31T14:20:59","slug":"nosotros","status":"publish","type":"page","link":"https:\/\/www.miasa.com.mx\/en\/nosotros\/","title":{"rendered":"Miasa\u00ae &#8211; \u00bfQui\u00e9nes Somos?"},"content":{"rendered":"<div class=\"vc_row wpb_row vc_row-fluid vc_custom_1678726033110 vc_row-o-equal-height vc_row-o-content-middle vc_row-flex\"><div class=\"wpb_column vc_column_container vc_col-sm-12\"><div class=\"vc_column-inner\"><div class=\"wpb_wrapper\">\n\t<div class=\"wpb_text_column wpb_content_element\">\n\t\t<div class=\"wpb_wrapper\">\n\t\t\t<h1 style=\"text-align: center;\"><span style=\"color: #ffffff;\">We are Miasa\u00ae <em>The best equipped industrial metrology laboratory in northern Mexico.<\/em><\/span><\/h1>\n\n\t\t<\/div>\n\t<\/div>\n<\/div><\/div><\/div><\/div><!-- Row Backgrounds --><div class=\"upb_color\" data-bg-override=\"full\" data-bg-color=\"#036b81\" data-fadeout=\"\" data-fadeout-percentage=\"30\" data-parallax-content=\"\" data-parallax-content-sense=\"30\" data-row-effect-mobile-disable=\"true\" data-img-parallax-mobile-disable=\"true\" data-rtl=\"false\"  data-custom-vc-row=\"\"  data-vc=\"4.12\"  data-is_old_vc=\"\"  data-theme-support=\"\"   data-overlay=\"false\" data-overlay-color=\"\" data-overlay-pattern=\"\" data-overlay-pattern-opacity=\"\" data-overlay-pattern-size=\"\"    ><\/div><div class=\"vc_row wpb_row vc_row-fluid vc_custom_1661187412253 vc_row-o-equal-height vc_row-o-content-middle vc_row-flex\"><div class=\"wpb_column vc_column_container vc_col-sm-6\"><div class=\"vc_column-inner\"><div class=\"wpb_wrapper\">\n\t<div class=\"wpb_text_column wpb_content_element\">\n\t\t<div class=\"wpb_wrapper\">\n\t\t\t<h2><span style=\"color: #333333;\">In a <em>firm voice...<\/em><\/span><\/h2>\n<p><span style=\"color: #333333;\">And with the support of our collaborators, staff, customers, suppliers and business partners around the world, we can humbly assure that we are one of the best and most equipped metrology laboratories in the country.<\/span><\/p>\n<p><span style=\"color: #333333;\">Our knowledge in the field of metrology has not stopped evolving, we are always at the forefront of technology to provide users with sophisticated tools and measuring equipment to meet different needs, from the simplest to the most complex.<\/span><\/p>\n<p><span style=\"color: #333333;\">Our experience is confirmed by our reputation as one of the best specialist laboratories for different types of measurements in industrial applications, in fields where precision is required.<\/span><\/p>\n<p><span style=\"color: #333333;\">A company with 30 years of experience in the field of metrology is rare, so we emphasize that we can legitimately claim a very high level of expertise that is hardly to be found on the market. As experts in state-of-the-art measurements, we offer a carefully selected range of equipment and materials. All equipment complies with current standards, which is a guarantee in terms of performance and longevity. All our products are produced in European countries such as Germany, Switzerland and Denmark, and in Asia, such as Japan.<\/span><\/p>\n\n\t\t<\/div>\n\t<\/div>\n<\/div><\/div><\/div><div class=\"wpb_column vc_column_container vc_col-sm-6\"><div class=\"vc_column-inner\"><div class=\"wpb_wrapper\">\n\t<div class=\"wpb_single_image wpb_content_element vc_align_center\">\n\t\t\n\t\t<figure class=\"wpb_wrapper vc_figure\">\n\t\t\t<div class=\"vc_single_image-wrapper   vc_box_border_grey\"><img loading=\"lazy\" decoding=\"async\" width=\"300\" height=\"300\" src=\"https:\/\/www.miasa.com.mx\/wp-content\/uploads\/2021\/12\/logo-miasa300dpim-300x300.png\" class=\"vc_single_image-img attachment-medium\" alt=\"\" srcset=\"https:\/\/www.miasa.com.mx\/wp-content\/uploads\/2021\/12\/logo-miasa300dpim-300x300.png 300w, https:\/\/www.miasa.com.mx\/wp-content\/uploads\/2021\/12\/logo-miasa300dpim-150x150.png 150w, https:\/\/www.miasa.com.mx\/wp-content\/uploads\/2021\/12\/logo-miasa300dpim-768x768.png 768w, https:\/\/www.miasa.com.mx\/wp-content\/uploads\/2021\/12\/logo-miasa300dpim-e1693500197264-12x12.png 12w, https:\/\/www.miasa.com.mx\/wp-content\/uploads\/2021\/12\/logo-miasa300dpim-e1693500197264.png 100w\" sizes=\"auto, (max-width: 300px) 100vw, 300px\" \/><\/div>\n\t\t<\/figure>\n\t<\/div>\n<\/div><\/div><\/div><\/div><!-- Row Backgrounds --><div class=\"upb_color\" data-bg-override=\"full\" data-bg-color=\"\" data-fadeout=\"\" data-fadeout-percentage=\"30\" data-parallax-content=\"\" data-parallax-content-sense=\"30\" data-row-effect-mobile-disable=\"true\" data-img-parallax-mobile-disable=\"true\" data-rtl=\"false\"  data-custom-vc-row=\"\"  data-vc=\"4.12\"  data-is_old_vc=\"\"  data-theme-support=\"\"   data-overlay=\"false\" data-overlay-color=\"\" data-overlay-pattern=\"\" data-overlay-pattern-opacity=\"\" data-overlay-pattern-size=\"\"    ><\/div>","protected":false},"excerpt":{"rendered":"Somos Miasa\u00ae El laboratorio de metrolog\u00eda industrial mejor equipado del norte de M\u00e9xico. Con voz firme... Y con respaldo de nuestros colaboradores, personal, clientes, proveedores y socios comerciales alrededor del mundo, podemos asegurar con total humildad, que somos uno de los mejores, y m\u00e1s equipados laboratorios de metrolog\u00eda, en el pa\u00eds. Nuestro conocimiento en el [...]","protected":false},"author":1,"featured_media":0,"parent":0,"menu_order":2,"comment_status":"closed","ping_status":"closed","template":"homepage-template.php","meta":{"footnotes":""},"class_list":["post-1057","page","type-page","status-publish","hentry"],"_links":{"self":[{"href":"https:\/\/www.miasa.com.mx\/en\/wp-json\/wp\/v2\/pages\/1057","targetHints":{"allow":["GET"]}}],"collection":[{"href":"https:\/\/www.miasa.com.mx\/en\/wp-json\/wp\/v2\/pages"}],"about":[{"href":"https:\/\/www.miasa.com.mx\/en\/wp-json\/wp\/v2\/types\/page"}],"author":[{"embeddable":true,"href":"https:\/\/www.miasa.com.mx\/en\/wp-json\/wp\/v2\/users\/1"}],"replies":[{"embeddable":true,"href":"https:\/\/www.miasa.com.mx\/en\/wp-json\/wp\/v2\/comments?post=1057"}],"version-history":[{"count":77,"href":"https:\/\/www.miasa.com.mx\/en\/wp-json\/wp\/v2\/pages\/1057\/revisions"}],"predecessor-version":[{"id":15553,"href":"https:\/\/www.miasa.com.mx\/en\/wp-json\/wp\/v2\/pages\/1057\/revisions\/15553"}],"wp:attachment":[{"href":"https:\/\/www.miasa.com.mx\/en\/wp-json\/wp\/v2\/media?parent=1057"}],"curies":[{"name":"wp","href":"https:\/\/api.w.org\/{rel}","templated":true}]}}