{"id":1213,"date":"2017-03-15T18:17:20","date_gmt":"2017-03-15T18:17:20","guid":{"rendered":"http:\/\/www.miasa.com.mx\/?page_id=1213"},"modified":"2023-08-31T14:27:55","modified_gmt":"2023-08-31T14:27:55","slug":"aviso-de-privacidad","status":"publish","type":"page","link":"https:\/\/www.miasa.com.mx\/en\/aviso-de-privacidad\/","title":{"rendered":"Miasa\u00ae &#8211; Aviso de Privacidad"},"content":{"rendered":"<div class=\"vc_row wpb_row vc_row-fluid\"><div class=\"wpb_column vc_column_container vc_col-sm-12\"><div class=\"vc_column-inner\"><div class=\"wpb_wrapper\">\n\t<div class=\"wpb_text_column wpb_content_element\">\n\t\t<div class=\"wpb_wrapper\">\n\t\t\t<h1>AVISO DE PRIVACIDAD<\/h1>\n\n\t\t<\/div>\n\t<\/div>\n\n\t<div class=\"wpb_text_column wpb_content_element\">\n\t\t<div class=\"wpb_wrapper\">\n\t\t\t<p>Con fundamento en los art\u00edculos 15 y 16 de la Ley Federal de Protecci\u00f3n de Datos Personales en Posesi\u00f3n de Particulares hacemos de su conocimiento que Metrolog\u00eda e Ingenier\u00eda Avanzada S.A. de C.V., con domicilio en Azucena # 200, Col. Miraflores, San Nicol\u00e1s de los Garza, Nuevo Le\u00f3n. C.P. 66410 es responsable de recabar sus datos personales, del uso que se le d\u00e9 a los mismos y de su protecci\u00f3n.<\/p>\n<p>Su informaci\u00f3n personal ser\u00e1 utilizada para las siguientes finalidades: proveer los servicios y productos que ha solicitado; compartir resultados de calibraci\u00f3n y pruebas; notificarle sobre nuevos servicios o productos que tengan relaci\u00f3n con los ya contratados o adquiridos; comunicarle sobre cambios en los mismos; elaborar estudios y programas que son necesarios para determinar h\u00e1bitos de consumo; realizar evaluaciones peri\u00f3dicas de nuestros productos y servicios a efecto de mejorar la calidad de los mismos; evaluar la calidad del servicio que brindamos, y en general, para dar cumplimiento a las obligaciones que hemos contra\u00eddo con usted.<\/p>\n<p>Para las finalidades antes mencionadas, requerimos obtener los siguientes datos personales:<\/p>\n<ul>\n<li>Nombre completo<\/li>\n<li>Tel\u00e9fono fijo y\/o celular<\/li>\n<li>Mail<\/li>\n<\/ul>\n<p>Es importante informarle que usted tiene derecho al Acceso, Rectificaci\u00f3n y Cancelaci\u00f3n de sus datos personales, a Oponerse al tratamiento de los mismos o a revocar el consentimiento que para dicho fin nos haya otorgado.<\/p>\n<p>Para ello, es necesario que env\u00ede la solicitud en los t\u00e9rminos que marca la Ley en su Art. 29 a DEPARTAMENTO DE PROTECCI\u00d3N DE DATOS, responsable de nuestro Departamento de Protecci\u00f3n de Datos Personales, ubicado en Metrolog\u00eda e Ingenier\u00eda Avanzada S.A. de C.V., con domicilio en Azucena # 200, Col. Miraflores, San Nicol\u00e1s de los Garza, Nuevo Le\u00f3n. C.P. 66410, o bien, se comunique al tel\u00e9fono (81) 1505 9601 o v\u00eda correo electr\u00f3nico a contacto@miasa.com.mx, el cual solicitamos confirme v\u00eda telef\u00f3nica para garantizar su correcta recepci\u00f3n.<\/p>\n<p>Importante: Cualquier modificaci\u00f3n a este Aviso de Privacidad podr\u00e1 consultarlo en https:\/\/www.miasa.com.mx<\/p>\n<p>Fecha de \u00faltima actualizaci\u00f3n: 27\/07\/2023<\/p>\n<p>&nbsp;<\/p>\n<p>&nbsp;<\/p>\n\n\t\t<\/div>\n\t<\/div>\n\n\t<div class=\"wpb_single_image wpb_content_element vc_align_center\">\n\t\t\n\t\t<figure class=\"wpb_wrapper vc_figure\">\n\t\t\t<div class=\"vc_single_image-wrapper   vc_box_border_grey\"><img loading=\"lazy\" decoding=\"async\" width=\"150\" height=\"150\" src=\"https:\/\/www.miasa.com.mx\/wp-content\/uploads\/2021\/12\/logo-miasa300dpim-150x150.png\" class=\"vc_single_image-img attachment-thumbnail\" alt=\"\" srcset=\"https:\/\/www.miasa.com.mx\/wp-content\/uploads\/2021\/12\/logo-miasa300dpim-150x150.png 150w, https:\/\/www.miasa.com.mx\/wp-content\/uploads\/2021\/12\/logo-miasa300dpim-300x300.png 300w, https:\/\/www.miasa.com.mx\/wp-content\/uploads\/2021\/12\/logo-miasa300dpim-768x768.png 768w, https:\/\/www.miasa.com.mx\/wp-content\/uploads\/2021\/12\/logo-miasa300dpim-e1693500197264-12x12.png 12w, https:\/\/www.miasa.com.mx\/wp-content\/uploads\/2021\/12\/logo-miasa300dpim-e1693500197264.png 100w\" sizes=\"auto, (max-width: 150px) 100vw, 150px\" \/><\/div>\n\t\t<\/figure>\n\t<\/div>\n<\/div><\/div><\/div><\/div>","protected":false},"excerpt":{"rendered":"AVISO DE PRIVACIDAD Con fundamento en los art\u00edculos 15 y 16 de la Ley Federal de Protecci\u00f3n de Datos Personales en Posesi\u00f3n de Particulares hacemos de su conocimiento que Metrolog\u00eda e Ingenier\u00eda Avanzada S.A. de C.V., con domicilio en Azucena # 200, Col. Miraflores, San Nicol\u00e1s de los Garza, Nuevo Le\u00f3n. C.P. 66410 es responsable [...]","protected":false},"author":1,"featured_media":0,"parent":0,"menu_order":0,"comment_status":"closed","ping_status":"closed","template":"homepage-template.php","meta":{"footnotes":""},"class_list":["post-1213","page","type-page","status-publish","hentry"],"_links":{"self":[{"href":"https:\/\/www.miasa.com.mx\/en\/wp-json\/wp\/v2\/pages\/1213","targetHints":{"allow":["GET"]}}],"collection":[{"href":"https:\/\/www.miasa.com.mx\/en\/wp-json\/wp\/v2\/pages"}],"about":[{"href":"https:\/\/www.miasa.com.mx\/en\/wp-json\/wp\/v2\/types\/page"}],"author":[{"embeddable":true,"href":"https:\/\/www.miasa.com.mx\/en\/wp-json\/wp\/v2\/users\/1"}],"replies":[{"embeddable":true,"href":"https:\/\/www.miasa.com.mx\/en\/wp-json\/wp\/v2\/comments?post=1213"}],"version-history":[{"count":13,"href":"https:\/\/www.miasa.com.mx\/en\/wp-json\/wp\/v2\/pages\/1213\/revisions"}],"predecessor-version":[{"id":15538,"href":"https:\/\/www.miasa.com.mx\/en\/wp-json\/wp\/v2\/pages\/1213\/revisions\/15538"}],"wp:attachment":[{"href":"https:\/\/www.miasa.com.mx\/en\/wp-json\/wp\/v2\/media?parent=1213"}],"curies":[{"name":"wp","href":"https:\/\/api.w.org\/{rel}","templated":true}]}}