{"id":13440,"date":"2021-02-10T23:18:39","date_gmt":"2021-02-10T23:18:39","guid":{"rendered":"http:\/\/www.miasa.com.mx\/?page_id=13440"},"modified":"2023-09-01T16:57:04","modified_gmt":"2023-09-01T16:57:04","slug":"miasablog","status":"publish","type":"page","link":"https:\/\/www.miasa.com.mx\/en\/miasablog\/","title":{"rendered":"MiasaBlog\u00ae"},"content":{"rendered":"<div class=\"vc_row wpb_row vc_row-fluid vc_row-o-equal-height vc_row-o-content-middle vc_row-flex\"><div class=\"wpb_column vc_column_container vc_col-sm-6\"><div class=\"vc_column-inner\"><div class=\"wpb_wrapper\">\n\t<div class=\"wpb_single_image wpb_content_element vc_align_center  wpb_animate_when_almost_visible wpb_left-to-right\">\n\t\t\n\t\t<figure class=\"wpb_wrapper vc_figure\">\n\t\t\t<div class=\"vc_single_image-wrapper   vc_box_border_grey\"><img loading=\"lazy\" decoding=\"async\" class=\"vc_single_image-img\" src=\"https:\/\/www.miasa.com.mx\/wp-content\/uploads\/2023\/08\/MIASAblog-400x400.png\" width=\"400\" height=\"400\" alt=\"MIASAblog\" title=\"MIASAblog\" \/><\/div>\n\t\t<\/figure>\n\t<\/div>\n<\/div><\/div><\/div><div class=\"wpb_column vc_column_container vc_col-sm-6\"><div class=\"vc_column-inner\"><div class=\"wpb_wrapper\">\n\t<div class=\"wpb_text_column wpb_content_element\">\n\t\t<div class=\"wpb_wrapper\">\n\t\t\t<h1><span style=\"color: #ffffff;\">Tu espacio para las ideas.<\/span><\/h1>\n\n\t\t<\/div>\n\t<\/div>\n<\/div><\/div><\/div><\/div><!-- Row Backgrounds --><div class=\"upb_color\" data-bg-override=\"full\" data-bg-color=\"#000000\" data-fadeout=\"\" data-fadeout-percentage=\"30\" data-parallax-content=\"\" data-parallax-content-sense=\"30\" data-row-effect-mobile-disable=\"true\" data-img-parallax-mobile-disable=\"true\" data-rtl=\"false\"  data-custom-vc-row=\"\"  data-vc=\"4.12\"  data-is_old_vc=\"\"  data-theme-support=\"\"   data-overlay=\"false\" data-overlay-color=\"\" data-overlay-pattern=\"\" data-overlay-pattern-opacity=\"\" data-overlay-pattern-size=\"\"    ><\/div><div class=\"vc_row wpb_row vc_row-fluid\"><div class=\"wpb_column vc_column_container vc_col-sm-12\"><div class=\"vc_column-inner\"><div class=\"wpb_wrapper\"><div class=\"vc_separator wpb_content_element vc_separator_align_center vc_sep_width_100 vc_sep_pos_align_center vc_separator_no_text vc_sep_color_grey vc_custom_1613001000899  vc_custom_1613001000899\"><span class=\"vc_sep_holder vc_sep_holder_l\"><span  class=\"vc_sep_line\"><\/span><\/span><span class=\"vc_sep_holder vc_sep_holder_r\"><span  class=\"vc_sep_line\"><\/span><\/span>\n<\/div><\/div><\/div><\/div><\/div><div class=\"vc_row wpb_row vc_row-fluid\"><div class=\"wpb_column vc_column_container vc_col-sm-6\"><div class=\"vc_column-inner\"><div class=\"wpb_wrapper\"><section class=\"vc_cta3-container\">\n\t<div class=\"vc_general vc_cta3 vc_cta3-style-classic vc_cta3-shape-rounded vc_cta3-align-left vc_cta3-color-black vc_cta3-icon-size-md vc_cta3-actions-bottom\">\n\t\t\t\t\t\t<div class=\"vc_cta3_content-container\">\n\t\t\t\t\t\t\t\t\t<div class=\"vc_cta3-content\">\n\t\t\t\t<header class=\"vc_cta3-content-header\">\n\t\t\t\t\t<h2>Actualizaci\u00f3n en nuestra acreditaci\u00f3n.<\/h2>\t\t\t\t\t<h4>por Metrologia e Ingenier\u00eda Avanzada<\/h4>\t\t\t\t<\/header>\n\t\t\t\t<p>Cada a\u00f1o nos proponemos la meta de agregar nuevos alcances a nuestro scope, y este 2022, sin dudas, no fue la excepci\u00f3n.<\/p>\n\t\t\t<\/div>\n\t\t\t<div class=\"vc_cta3-actions\"><div class=\"vc_btn3-container vc_btn3-center\"><a class=\"vc_general vc_btn3 vc_btn3-size-md vc_btn3-shape-rounded vc_btn3-style-flat vc_btn3-block vc_btn3-icon-left vc_btn3-color-black\" href=\"https:\/\/www.miasa.com.mx\/en\/miasablog\/acreditacion-actualizada\/\" title=\"\"><i class=\"vc_btn3-icon fa fa-newspaper-o\"><\/i> Leer m\u00e1s.<\/a><\/div>\n<\/div>\t\t\t\t\t<\/div>\n\t\t\t\t\t<\/div>\n<\/section>\n\n<\/div><\/div><\/div><div class=\"wpb_column vc_column_container vc_col-sm-6\"><div class=\"vc_column-inner\"><div class=\"wpb_wrapper\"><section class=\"vc_cta3-container\">\n\t<div class=\"vc_general vc_cta3 vc_cta3-style-classic vc_cta3-shape-rounded vc_cta3-align-left vc_cta3-color-classic vc_cta3-icon-size-md vc_cta3-actions-bottom\">\n\t\t\t\t\t\t<div class=\"vc_cta3_content-container\">\n\t\t\t\t\t\t\t\t\t<div class=\"vc_cta3-content\">\n\t\t\t\t<header class=\"vc_cta3-content-header\">\n\t\t\t\t\t<h2>Capacitaci\u00f3n semestral Werth.<\/h2>\t\t\t\t\t<h4>por Metrolog\u00eda e Ingenier\u00eda Avanzada<\/h4>\t\t\t\t<\/header>\n\t\t\t\t<p>La constante capacitaci\u00f3n en la gama de soluciones metrol\u00f3gicas de Werth Messtechnik, de la mano de la presencia de la marca, son de suma importancia.<\/p>\n\t\t\t<\/div>\n\t\t\t<div class=\"vc_cta3-actions\"><div class=\"vc_btn3-container vc_btn3-center\"><a class=\"vc_general vc_btn3 vc_btn3-size-md vc_btn3-shape-rounded vc_btn3-style-modern vc_btn3-block vc_btn3-icon-left vc_btn3-color-black\" href=\"https:\/\/www.miasa.com.mx\/en\/miasablog\/capacitacion-werth\/\" title=\"\"><i class=\"vc_btn3-icon fa fa-newspaper-o\"><\/i> Leer m\u00e1s.<\/a><\/div>\n<\/div>\t\t\t\t\t<\/div>\n\t\t\t\t\t<\/div>\n<\/section>\n\n<\/div><\/div><\/div><\/div><div class=\"vc_row wpb_row vc_row-fluid\"><div class=\"wpb_column vc_column_container vc_col-sm-6\"><div class=\"vc_column-inner\"><div class=\"wpb_wrapper\"><section class=\"vc_cta3-container\">\n\t<div class=\"vc_general vc_cta3 vc_cta3-style-classic vc_cta3-shape-rounded vc_cta3-align-left vc_cta3-color-classic vc_cta3-icon-size-md vc_cta3-actions-bottom\">\n\t\t\t\t\t\t<div class=\"vc_cta3_content-container\">\n\t\t\t\t\t\t\t\t\t<div class=\"vc_cta3-content\">\n\t\t\t\t<header class=\"vc_cta3-content-header\">\n\t\t\t\t\t<h2>\u00bfPodemos confiar en equipos port\u00e1tiles?<\/h2>\t\t\t\t\t<h4>por Metrologia e Ingenier\u00eda Avanzada<\/h4>\t\t\t\t<\/header>\n\t\t\t\t<p>Las empresas no se pueden permitir el lujo de renunciar a controles de calidad eficaces.<\/p>\n\t\t\t<\/div>\n\t\t\t<div class=\"vc_cta3-actions\"><div class=\"vc_btn3-container vc_btn3-center\"><a class=\"vc_general vc_btn3 vc_btn3-size-md vc_btn3-shape-rounded vc_btn3-style-flat vc_btn3-block vc_btn3-icon-left vc_btn3-color-black\" href=\"https:\/\/www.miasa.com.mx\/en\/miasablog\/blog-portatiles\/\" title=\"\"><i class=\"vc_btn3-icon fa fa-newspaper-o\"><\/i> Leer m\u00e1s.<\/a><\/div>\n<\/div>\t\t\t\t\t<\/div>\n\t\t\t\t\t<\/div>\n<\/section>\n\n<\/div><\/div><\/div><div class=\"wpb_column vc_column_container vc_col-sm-6\"><div class=\"vc_column-inner\"><div class=\"wpb_wrapper\"><section class=\"vc_cta3-container\">\n\t<div class=\"vc_general vc_cta3 vc_cta3-style-classic vc_cta3-shape-rounded vc_cta3-align-left vc_cta3-color-classic vc_cta3-icon-size-md vc_cta3-actions-bottom\">\n\t\t\t\t\t\t<div class=\"vc_cta3_content-container\">\n\t\t\t\t\t\t\t\t\t<div class=\"vc_cta3-content\">\n\t\t\t\t<header class=\"vc_cta3-content-header\">\n\t\t\t\t\t<h2>Los esc\u00e1neres podr\u00edan sustituir al m\u00e9todo de palpado convencional.<\/h2>\t\t\t\t\t<h4>por Metrolog\u00eda e Ingenier\u00eda Avanzada<\/h4>\t\t\t\t<\/header>\n\t\t\t\t<p>\u00bfQu\u00e9 es mejor para medir: un esc\u00e1ner de barrido l\u00e1ser o un esc\u00e1ner de fotogrametr\u00eda de luz estructurada?.<\/p>\n\t\t\t<\/div>\n\t\t\t<div class=\"vc_cta3-actions\"><div class=\"vc_btn3-container vc_btn3-center\"><a class=\"vc_general vc_btn3 vc_btn3-size-md vc_btn3-shape-rounded vc_btn3-style-modern vc_btn3-block vc_btn3-icon-left vc_btn3-color-black\" href=\"https:\/\/www.miasa.com.mx\/en\/miasablog\/escaneres\/\" title=\"\"><i class=\"vc_btn3-icon fa fa-newspaper-o\"><\/i> Leer m\u00e1s.<\/a><\/div>\n<\/div>\t\t\t\t\t<\/div>\n\t\t\t\t\t<\/div>\n<\/section>\n\n<\/div><\/div><\/div><\/div><div class=\"vc_row wpb_row vc_row-fluid\"><div class=\"wpb_column vc_column_container vc_col-sm-6\"><div class=\"vc_column-inner\"><div class=\"wpb_wrapper\"><section class=\"vc_cta3-container\">\n\t<div class=\"vc_general vc_cta3 vc_cta3-style-classic vc_cta3-shape-rounded vc_cta3-align-left vc_cta3-color-classic vc_cta3-icon-size-md vc_cta3-actions-bottom\">\n\t\t\t\t\t\t<div class=\"vc_cta3_content-container\">\n\t\t\t\t\t\t\t\t\t<div class=\"vc_cta3-content\">\n\t\t\t\t<header class=\"vc_cta3-content-header\">\n\t\t\t\t\t<h2>\u00a1Expo Manufactura 2022, todo un \u00e9xito!<\/h2>\t\t\t\t\t<h4>por Metrologia e Ingenier\u00eda Avanzada<\/h4>\t\t\t\t<\/header>\n\t\t\t\t<p>Este 2022 fuimos part\u00edcipes de la vigesimoquinta edici\u00f3n del evento m\u00e1s importante de la industria manufacturera de M\u00e9xico.<\/p>\n\t\t\t<\/div>\n\t\t\t<div class=\"vc_cta3-actions\"><div class=\"vc_btn3-container vc_btn3-center\"><a class=\"vc_general vc_btn3 vc_btn3-size-md vc_btn3-shape-rounded vc_btn3-style-flat vc_btn3-block vc_btn3-icon-left vc_btn3-color-black\" href=\"https:\/\/www.miasa.com.mx\/en\/miasablog\/expo-manufactura-2022\/\" title=\"\"><i class=\"vc_btn3-icon fa fa-newspaper-o\"><\/i> Leer m\u00e1s.<\/a><\/div>\n<\/div>\t\t\t\t\t<\/div>\n\t\t\t\t\t<\/div>\n<\/section>\n\n<\/div><\/div><\/div><div class=\"wpb_column vc_column_container vc_col-sm-6\"><div class=\"vc_column-inner\"><div class=\"wpb_wrapper\"><section class=\"vc_cta3-container\">\n\t<div class=\"vc_general vc_cta3 vc_cta3-style-classic vc_cta3-shape-rounded vc_cta3-align-left vc_cta3-color-classic vc_cta3-icon-size-md vc_cta3-actions-bottom\">\n\t\t\t\t\t\t<div class=\"vc_cta3_content-container\">\n\t\t\t\t\t\t\t\t\t<div class=\"vc_cta3-content\">\n\t\t\t\t<header class=\"vc_cta3-content-header\">\n\t\t\t\t\t<h2>La metrolog\u00eda detr\u00e1s de la Copa Mundial de la FIFA Catar 2022\u2122.<\/h2>\t\t\t\t\t<h4>por Metrolog\u00eda e Ingenier\u00eda Avanzada<\/h4>\t\t\t\t<\/header>\n\t\t\t\t<p class=\"hero-article_heroTitle__CFWlc\">La tecnolog\u00eda semiautomatizada usada en la Copa Mundial de la FIFA Catar 2022\u2122 para la detecci\u00f3n del fuera de juego.<\/p>\n\t\t\t<\/div>\n\t\t\t<div class=\"vc_cta3-actions\"><div class=\"vc_btn3-container vc_btn3-center\"><a class=\"vc_general vc_btn3 vc_btn3-size-md vc_btn3-shape-rounded vc_btn3-style-modern vc_btn3-block vc_btn3-icon-left vc_btn3-color-black\" href=\"https:\/\/www.miasa.com.mx\/en\/miasablog\/fifa-catar-2022\/\" title=\"\"><i class=\"vc_btn3-icon fa fa-newspaper-o\"><\/i> Leer m\u00e1s.<\/a><\/div>\n<\/div>\t\t\t\t\t<\/div>\n\t\t\t\t\t<\/div>\n<\/section>\n\n<\/div><\/div><\/div><\/div><div class=\"vc_row wpb_row vc_row-fluid\"><div class=\"wpb_column vc_column_container vc_col-sm-6\"><div class=\"vc_column-inner\"><div class=\"wpb_wrapper\"><section class=\"vc_cta3-container\">\n\t<div class=\"vc_general vc_cta3 vc_cta3-style-classic vc_cta3-shape-rounded vc_cta3-align-left vc_cta3-color-classic vc_cta3-icon-size-md vc_cta3-actions-bottom\">\n\t\t\t\t\t\t<div class=\"vc_cta3_content-container\">\n\t\t\t\t\t\t\t\t\t<div class=\"vc_cta3-content\">\n\t\t\t\t<header class=\"vc_cta3-content-header\">\n\t\t\t\t\t<h2>M\u00e9xico supera a Alemania.<\/h2>\t\t\t\t\t<h4>por Metrologia e Ingenier\u00eda Avanzada<\/h4>\t\t\t\t<\/header>\n\t\t\t\t<p>M\u00e9xico supera a Alemania y se convierte en el cuarto productor de autopartes a nivel mundial.<\/p>\n\t\t\t<\/div>\n\t\t\t<div class=\"vc_cta3-actions\"><div class=\"vc_btn3-container vc_btn3-center\"><a class=\"vc_general vc_btn3 vc_btn3-size-md vc_btn3-shape-rounded vc_btn3-style-flat vc_btn3-block vc_btn3-icon-left vc_btn3-color-black\" href=\"https:\/\/www.miasa.com.mx\/en\/miasablog\/mexico-autopartes\/\" title=\"\"><i class=\"vc_btn3-icon fa fa-newspaper-o\"><\/i> Leer m\u00e1s.<\/a><\/div>\n<\/div>\t\t\t\t\t<\/div>\n\t\t\t\t\t<\/div>\n<\/section>\n\n<\/div><\/div><\/div><div class=\"wpb_column vc_column_container vc_col-sm-6\"><div class=\"vc_column-inner\"><div class=\"wpb_wrapper\"><section class=\"vc_cta3-container\">\n\t<div class=\"vc_general vc_cta3 vc_cta3-style-classic vc_cta3-shape-rounded vc_cta3-align-left vc_cta3-color-classic vc_cta3-icon-size-md vc_cta3-actions-bottom\">\n\t\t\t\t\t\t<div class=\"vc_cta3_content-container\">\n\t\t\t\t\t\t\t\t\t<div class=\"vc_cta3-content\">\n\t\t\t\t<header class=\"vc_cta3-content-header\">\n\t\t\t\t\t<h2>La tecnolog\u00eda de medici\u00f3n en el Super Bowl LVII.<\/h2>\t\t\t\t\t<h4>por Metrolog\u00eda e Ingenier\u00eda Avanzada<\/h4>\t\t\t\t<\/header>\n\t\t\t\t<p class=\"p-large ff-text-grey-slate\">Los sensores en los uniformes y el bal\u00f3n nos dan una idea de las fortalezas y estrategias de los equipos que se enfrentar\u00e1n el pr\u00f3ximo 12 de febrero.<\/p>\n\t\t\t<\/div>\n\t\t\t<div class=\"vc_cta3-actions\"><div class=\"vc_btn3-container vc_btn3-center\"><a class=\"vc_general vc_btn3 vc_btn3-size-md vc_btn3-shape-rounded vc_btn3-style-modern vc_btn3-block vc_btn3-icon-left vc_btn3-color-black\" href=\"https:\/\/www.miasa.com.mx\/en\/miasablog\/super-bowl\/\" title=\"\"><i class=\"vc_btn3-icon fa fa-newspaper-o\"><\/i> Leer m\u00e1s.<\/a><\/div>\n<\/div>\t\t\t\t\t<\/div>\n\t\t\t\t\t<\/div>\n<\/section>\n\n<\/div><\/div><\/div><\/div><div class=\"vc_row wpb_row vc_row-fluid\"><div class=\"wpb_column vc_column_container vc_col-sm-6\"><div class=\"vc_column-inner\"><div class=\"wpb_wrapper\"><section class=\"vc_cta3-container\">\n\t<div class=\"vc_general vc_cta3 vc_cta3-style-classic vc_cta3-shape-rounded vc_cta3-align-left vc_cta3-color-classic vc_cta3-icon-size-md vc_cta3-actions-bottom\">\n\t\t\t\t\t\t<div class=\"vc_cta3_content-container\">\n\t\t\t\t\t\t\t\t\t<div class=\"vc_cta3-content\">\n\t\t\t\t<header class=\"vc_cta3-content-header\">\n\t\t\t\t\t<h2>\u00bfExiste un reloj absolutamente exacto?.<\/h2>\t\t\t\t\t<h4>por Metrologia e Ingenier\u00eda Avanzada<\/h4>\t\t\t\t<\/header>\n\t\t\t\t<p>\u00bfTienes un segundo?. La pregunta, a bote pronto, puede parecer muy sencilla. Pero, \u00bfQu\u00e9 es un segundo? \u00bfQu\u00e9 utilizan los cient\u00edficos para medirlo con precisi\u00f3n?<\/p>\n\t\t\t<\/div>\n\t\t\t<div class=\"vc_cta3-actions\"><div class=\"vc_btn3-container vc_btn3-center\"><a class=\"vc_general vc_btn3 vc_btn3-size-md vc_btn3-shape-rounded vc_btn3-style-flat vc_btn3-block vc_btn3-icon-left vc_btn3-color-black\" href=\"https:\/\/www.miasa.com.mx\/en\/miasablog\/reloj-atomico\/\" title=\"\"><i class=\"vc_btn3-icon fa fa-newspaper-o\"><\/i> Leer m\u00e1s.<\/a><\/div>\n<\/div>\t\t\t\t\t<\/div>\n\t\t\t\t\t<\/div>\n<\/section>\n\n<\/div><\/div><\/div><div class=\"wpb_column vc_column_container vc_col-sm-6\"><div class=\"vc_column-inner\"><div class=\"wpb_wrapper\"><section class=\"vc_cta3-container\">\n\t<div class=\"vc_general vc_cta3 vc_cta3-style-classic vc_cta3-shape-rounded vc_cta3-align-left vc_cta3-color-classic vc_cta3-icon-size-md vc_cta3-actions-bottom\">\n\t\t\t\t\t\t<div class=\"vc_cta3_content-container\">\n\t\t\t\t\t\t\t\t\t<div class=\"vc_cta3-content\">\n\t\t\t\t<header class=\"vc_cta3-content-header\">\n\t\t\t\t\t<h2>Tesla instalar\u00e1 Gigafactory en M\u00e9xico.<\/h2>\t\t\t\t\t<h4>por Metrolog\u00eda e Ingenier\u00eda Avanzada<\/h4>\t\t\t\t<\/header>\n\t\t\t\t<p>Con una inversi\u00f3n aproximada a los 5 mil millones de d\u00f3lares, la Gigafactory de Tesla, en Nuevo Le\u00f3n, se convertir\u00e1 en la planta de producci\u00f3n de autos el\u00e9ctricos, m\u00e1s grande del mundo.<\/p>\n\t\t\t<\/div>\n\t\t\t<div class=\"vc_cta3-actions\"><div class=\"vc_btn3-container vc_btn3-center\"><a class=\"vc_general vc_btn3 vc_btn3-size-md vc_btn3-shape-rounded vc_btn3-style-modern vc_btn3-block vc_btn3-icon-left vc_btn3-color-black\" href=\"https:\/\/www.miasa.com.mx\/en\/miasablog\/tesla-instalara-gigafactory-en-mexico\/\" title=\"\"><i class=\"vc_btn3-icon fa fa-newspaper-o\"><\/i> Leer m\u00e1s.<\/a><\/div>\n<\/div>\t\t\t\t\t<\/div>\n\t\t\t\t\t<\/div>\n<\/section>\n\n<\/div><\/div><\/div><\/div><div class=\"vc_row wpb_row vc_row-fluid\"><div class=\"wpb_column vc_column_container vc_col-sm-6\"><div class=\"vc_column-inner\"><div class=\"wpb_wrapper\"><section class=\"vc_cta3-container\">\n\t<div class=\"vc_general vc_cta3 vc_cta3-style-classic vc_cta3-shape-rounded vc_cta3-align-left vc_cta3-color-classic vc_cta3-icon-size-md\">\n\t\t\t\t\t\t<div class=\"vc_cta3_content-container\">\n\t\t\t\t\t\t\t\t\t<div class=\"vc_cta3-content\">\n\t\t\t\t<header class=\"vc_cta3-content-header\">\n\t\t\t\t\t\t\t\t\t\t\t\t\t\t<\/header>\n\t\t\t\t\t\t\t<\/div>\n\t\t\t\t\t\t\t\t<\/div>\n\t\t\t\t\t<\/div>\n<\/section>\n\n<\/div><\/div><\/div><div class=\"wpb_column vc_column_container vc_col-sm-6\"><div class=\"vc_column-inner\"><div class=\"wpb_wrapper\"><section class=\"vc_cta3-container\">\n\t<div class=\"vc_general vc_cta3 vc_cta3-style-classic vc_cta3-shape-rounded vc_cta3-align-left vc_cta3-color-classic vc_cta3-icon-size-md\">\n\t\t\t\t\t\t<div class=\"vc_cta3_content-container\">\n\t\t\t\t\t\t\t\t\t<div class=\"vc_cta3-content\">\n\t\t\t\t<header class=\"vc_cta3-content-header\">\n\t\t\t\t\t\t\t\t\t\t\t\t\t\t<\/header>\n\t\t\t\t\t\t\t<\/div>\n\t\t\t\t\t\t\t\t<\/div>\n\t\t\t\t\t<\/div>\n<\/section>\n\n<\/div><\/div><\/div><\/div>","protected":false},"excerpt":{"rendered":"Tu espacio para las ideas. Actualizaci\u00f3n en nuestra acreditaci\u00f3n. por Metrologia e Ingenier\u00eda Avanzada Cada a\u00f1o nos proponemos la meta de agregar nuevos alcances a nuestro scope, y este 2022, sin dudas, no fue la excepci\u00f3n. Leer m\u00e1s. Capacitaci\u00f3n semestral Werth. por Metrolog\u00eda e Ingenier\u00eda Avanzada La constante capacitaci\u00f3n en la gama de soluciones metrol\u00f3gicas [...]","protected":false},"author":3,"featured_media":0,"parent":0,"menu_order":0,"comment_status":"closed","ping_status":"closed","template":"homepage-template.php","meta":{"footnotes":""},"class_list":["post-13440","page","type-page","status-publish","hentry"],"_links":{"self":[{"href":"https:\/\/www.miasa.com.mx\/en\/wp-json\/wp\/v2\/pages\/13440","targetHints":{"allow":["GET"]}}],"collection":[{"href":"https:\/\/www.miasa.com.mx\/en\/wp-json\/wp\/v2\/pages"}],"about":[{"href":"https:\/\/www.miasa.com.mx\/en\/wp-json\/wp\/v2\/types\/page"}],"author":[{"embeddable":true,"href":"https:\/\/www.miasa.com.mx\/en\/wp-json\/wp\/v2\/users\/3"}],"replies":[{"embeddable":true,"href":"https:\/\/www.miasa.com.mx\/en\/wp-json\/wp\/v2\/comments?post=13440"}],"version-history":[{"count":13,"href":"https:\/\/www.miasa.com.mx\/en\/wp-json\/wp\/v2\/pages\/13440\/revisions"}],"predecessor-version":[{"id":15665,"href":"https:\/\/www.miasa.com.mx\/en\/wp-json\/wp\/v2\/pages\/13440\/revisions\/15665"}],"wp:attachment":[{"href":"https:\/\/www.miasa.com.mx\/en\/wp-json\/wp\/v2\/media?parent=13440"}],"curies":[{"name":"wp","href":"https:\/\/api.w.org\/{rel}","templated":true}]}}