{"id":14669,"date":"2022-03-09T21:50:40","date_gmt":"2022-03-09T21:50:40","guid":{"rendered":"https:\/\/www.miasa.com.mx\/?page_id=14669"},"modified":"2022-07-28T22:44:40","modified_gmt":"2022-07-28T22:44:40","slug":"a-line","status":"publish","type":"page","link":"https:\/\/www.miasa.com.mx\/en\/trimosmeasurement\/a-line\/","title":{"rendered":"Trimos A-Line"},"content":{"rendered":"<div class=\"vc_row wpb_row vc_row-fluid vc_custom_1646693530908 vc_row-o-equal-height vc_row-o-content-middle vc_row-flex\"><div class=\"wpb_column vc_column_container vc_col-sm-6\"><div class=\"vc_column-inner\"><div class=\"wpb_wrapper\">\n\t<div class=\"wpb_text_column wpb_content_element\">\n\t\t<div class=\"wpb_wrapper\">\n\t\t\t<h1>Trimos A-Line.<\/h1>\n<h5>\nTrimos A-line portable articulated measuring arms allow extremely easy and accurate 3D measurement.<br \/>\nA-line arms certified to ISO10360-12 or ISO10360-02 allow quality control, inspection, verification of small and large parts. Thanks to an extremely stable carbon structure, all models are light and easy to handle. You can choose from A3, A4, A5, A6+, A7, A8+, A9 and AT models according to your application.<\/h5>\n\n\t\t<\/div>\n\t<\/div>\n<div class=\"vc_btn3-container vc_btn3-left\"><a onmouseleave=\"this.style.borderColor='#0a0a0a'; this.style.backgroundColor='transparent'; this.style.color='#0a0a0a'\" onmouseenter=\"this.style.borderColor='#e61e2c'; this.style.backgroundColor='#e61e2c'; this.style.color='#ffffff';\" style=\"border-color:#0a0a0a; color:#0a0a0a;\" class=\"vc_general vc_btn3 vc_btn3-size-md vc_btn3-shape-round vc_btn3-style-outline-custom\" href=\"https:\/\/www.miasa.com.mx\/en\/brochure-aline\/\" title=\"Brochure Trimos A-Line en espa\u00f1ol.\">Download free brochure in Spanish.<\/a><\/div>\n<\/div><\/div><\/div><div class=\"wpb_column vc_column_container vc_col-sm-6\"><div class=\"vc_column-inner\"><div class=\"wpb_wrapper\">\n\t<div class=\"wpb_single_image wpb_content_element vc_align_center\">\n\t\t\n\t\t<figure class=\"wpb_wrapper vc_figure\">\n\t\t\t<div class=\"vc_single_image-wrapper   vc_box_border_grey\"><img loading=\"lazy\" decoding=\"async\" width=\"660\" height=\"695\" src=\"https:\/\/www.miasa.com.mx\/wp-content\/uploads\/2021\/06\/a6-trimos-973x1024.png\" class=\"vc_single_image-img attachment-large\" alt=\"\" srcset=\"https:\/\/www.miasa.com.mx\/wp-content\/uploads\/2021\/06\/a6-trimos-973x1024.png 973w, https:\/\/www.miasa.com.mx\/wp-content\/uploads\/2021\/06\/a6-trimos-285x300.png 285w, https:\/\/www.miasa.com.mx\/wp-content\/uploads\/2021\/06\/a6-trimos-768x808.png 768w, https:\/\/www.miasa.com.mx\/wp-content\/uploads\/2021\/06\/a6-trimos-1459x1536.png 1459w, https:\/\/www.miasa.com.mx\/wp-content\/uploads\/2021\/06\/a6-trimos-1946x2048.png 1946w\" sizes=\"auto, (max-width: 660px) 100vw, 660px\" \/><\/div>\n\t\t<\/figure>\n\t<\/div>\n<\/div><\/div><\/div><\/div><!-- Row Backgrounds --><div class=\"upb_color\" data-bg-override=\"full\" data-bg-color=\"#ebf1f1\" data-fadeout=\"\" data-fadeout-percentage=\"30\" data-parallax-content=\"\" data-parallax-content-sense=\"30\" data-row-effect-mobile-disable=\"true\" data-img-parallax-mobile-disable=\"true\" data-rtl=\"false\"  data-custom-vc-row=\"\"  data-vc=\"4.12\"  data-is_old_vc=\"\"  data-theme-support=\"\"   data-overlay=\"false\" data-overlay-color=\"\" data-overlay-pattern=\"\" data-overlay-pattern-opacity=\"\" data-overlay-pattern-size=\"\"    ><\/div><div class=\"vc_row wpb_row vc_row-fluid vc_custom_1646695090332 vc_row-o-equal-height vc_row-o-content-middle vc_row-flex\"><div class=\"wpb_column vc_column_container vc_col-sm-6\"><div class=\"vc_column-inner\"><div class=\"wpb_wrapper\">\n\t<div class=\"wpb_text_column wpb_content_element\">\n\t\t<div class=\"wpb_wrapper\">\n\t\t\t<h1>Use and application.<\/h1>\n<h5>\nMeasuring ranges from 250 mm to 9000 mm.<br \/>\nPortable measuring instrument.<br \/>\nExtremely easy to use.<br \/>\nCertified according to ISO 10360-12.<br \/>\nThey are available in 5, 6 or 7-axis configuration.<br \/>\nElectromagnetic brake protection.<br \/>\nLaser scanners for 7-axis arms.<\/h5>\n\n\t\t<\/div>\n\t<\/div>\n<\/div><\/div><\/div><div class=\"wpb_column vc_column_container vc_col-sm-6\"><div class=\"vc_column-inner\"><div class=\"wpb_wrapper\">\n\t<div class=\"wpb_video_widget wpb_content_element vc_clearfix   vc_video-aspect-ratio-169 vc_video-el-width-100 vc_video-align-left\">\n\t\t<div class=\"wpb_wrapper\">\n\t\t\t\n\t\t\t<div class=\"wpb_video_wrapper\"><iframe loading=\"lazy\" title=\"Portable Measuring Arm - A-Line\" width=\"660\" height=\"371\" src=\"https:\/\/www.youtube.com\/embed\/FN5Htd0Lx0M?start=51&feature=oembed\" frameborder=\"0\" allow=\"accelerometer; autoplay; clipboard-write; encrypted-media; gyroscope; picture-in-picture; web-share\" referrerpolicy=\"strict-origin-when-cross-origin\" allowfullscreen><\/iframe><\/div>\n\t\t<\/div>\n\t<\/div>\n<\/div><\/div><\/div><\/div><div class=\"vc_row wpb_row vc_row-fluid vc_custom_1646688467780\"><div class=\"wpb_column vc_column_container vc_col-sm-3\"><div class=\"vc_column-inner\"><div class=\"wpb_wrapper\">\n<div id=\"interactive-banner-1-wrap-2734\" class=\"ult-banner-block ult-adjust-bottom-margin ult-bb-none  banner-style13\"   style=\"\">\n\t<img decoding=\"async\" src=\"https:\/\/www.miasa.com.mx\/wp-content\/uploads\/2022\/03\/a-line-measuring-arm-applications-10.jpg\" alt=\"null\">\n\t<div class=\"mask opaque-background\" style=\"background:rgba(255,255,255,0.9);\">\n\t\t<div  data-ultimate-target='#interactive-banner-1-wrap-2734 .bb-description'  data-responsive-json-new='{\"font-size\":\"\",\"line-height\":\"\"}'  class=\"bb-description ult-responsive\" style=\"font-weight:normal;color:#444444;\"><\/div>\n\t<\/div>\n<\/div><\/div><\/div><\/div><div class=\"wpb_column vc_column_container vc_col-sm-3\"><div class=\"vc_column-inner\"><div class=\"wpb_wrapper\">\n<div id=\"interactive-banner-1-wrap-6570\" class=\"ult-banner-block ult-adjust-bottom-margin ult-bb-none  banner-style13\"   style=\"\">\n\t<img decoding=\"async\" src=\"https:\/\/www.miasa.com.mx\/wp-content\/uploads\/2022\/03\/a-line-measuring-arm-application-11.jpg\" alt=\"null\">\n\t<div class=\"mask opaque-background\" style=\"background:rgba(255,255,255,0.92);\">\n\t\t<div  data-ultimate-target='#interactive-banner-1-wrap-6570 .bb-description'  data-responsive-json-new='{\"font-size\":\"\",\"line-height\":\"\"}'  class=\"bb-description ult-responsive\" style=\"font-weight:normal;color:#444444;\"><\/div>\n\t<\/div>\n<\/div><\/div><\/div><\/div><div class=\"wpb_column vc_column_container vc_col-sm-3\"><div class=\"vc_column-inner\"><div class=\"wpb_wrapper\">\n<div id=\"interactive-banner-1-wrap-5502\" class=\"ult-banner-block ult-adjust-bottom-margin ult-bb-none  banner-style13\"   style=\"\">\n\t<img decoding=\"async\" src=\"https:\/\/www.miasa.com.mx\/wp-content\/uploads\/2022\/03\/a-line-measuring-arm-application-9.jpg\" alt=\"null\">\n\t<div class=\"mask opaque-background\" style=\"background:rgba(255,255,255,0.9);\">\n\t\t<div  data-ultimate-target='#interactive-banner-1-wrap-5502 .bb-description'  data-responsive-json-new='{\"font-size\":\"\",\"line-height\":\"\"}'  class=\"bb-description ult-responsive\" style=\"font-weight:normal;color:#444444;\"><\/div>\n\t<\/div>\n<\/div><\/div><\/div><\/div><div class=\"wpb_column vc_column_container vc_col-sm-3\"><div class=\"vc_column-inner\"><div class=\"wpb_wrapper\">\n<div id=\"interactive-banner-1-wrap-7706\" class=\"ult-banner-block ult-adjust-bottom-margin ult-bb-none  banner-style13\"   style=\"\">\n\t<img decoding=\"async\" src=\"https:\/\/www.miasa.com.mx\/wp-content\/uploads\/2022\/03\/a-line-measuring-arm-application-8.jpg\" alt=\"null\">\n\t<div class=\"mask opaque-background\" style=\"background:rgba(255,255,255,0.89);\">\n\t\t<div  data-ultimate-target='#interactive-banner-1-wrap-7706 .bb-description'  data-responsive-json-new='{\"font-size\":\"\",\"line-height\":\"\"}'  class=\"bb-description ult-responsive\" style=\"font-weight:normal;color:#444444;\"><\/div>\n\t<\/div>\n<\/div><\/div><\/div><\/div><\/div><!-- Row Backgrounds --><div class=\"upb_color\" data-bg-override=\"full\" data-bg-color=\"#ffffff\" data-fadeout=\"\" data-fadeout-percentage=\"30\" data-parallax-content=\"\" data-parallax-content-sense=\"30\" data-row-effect-mobile-disable=\"true\" data-img-parallax-mobile-disable=\"true\" data-rtl=\"false\"  data-custom-vc-row=\"\"  data-vc=\"4.12\"  data-is_old_vc=\"\"  data-theme-support=\"\"   data-overlay=\"false\" data-overlay-color=\"\" data-overlay-pattern=\"\" data-overlay-pattern-opacity=\"\" data-overlay-pattern-size=\"\"    ><\/div><div class=\"vc_row wpb_row vc_row-fluid vc_custom_1646688467780\"><div class=\"wpb_column vc_column_container vc_col-sm-3\"><div class=\"vc_column-inner\"><div class=\"wpb_wrapper\">\n<div id=\"interactive-banner-1-wrap-7351\" class=\"ult-banner-block ult-adjust-bottom-margin ult-bb-none  banner-style13\"   style=\"\">\n\t<img decoding=\"async\" src=\"https:\/\/www.miasa.com.mx\/wp-content\/uploads\/2022\/03\/a-line-measuring-arm-application-6.jpg\" alt=\"null\">\n\t<div class=\"mask opaque-background\" style=\"background:rgba(255,255,255,0.9);\">\n\t\t<div  data-ultimate-target='#interactive-banner-1-wrap-7351 .bb-description'  data-responsive-json-new='{\"font-size\":\"\",\"line-height\":\"\"}'  class=\"bb-description ult-responsive\" style=\"font-weight:normal;color:#444444;\"><\/div>\n\t<\/div>\n<\/div><\/div><\/div><\/div><div class=\"wpb_column vc_column_container vc_col-sm-3\"><div class=\"vc_column-inner\"><div class=\"wpb_wrapper\">\n<div id=\"interactive-banner-1-wrap-9558\" class=\"ult-banner-block ult-adjust-bottom-margin ult-bb-none  banner-style13\"   style=\"\">\n\t<img decoding=\"async\" src=\"https:\/\/www.miasa.com.mx\/wp-content\/uploads\/2022\/03\/a-line-measuring-arm-application-5.jpg\" alt=\"null\">\n\t<div class=\"mask opaque-background\" style=\"background:rgba(255,255,255,0.92);\">\n\t\t<div  data-ultimate-target='#interactive-banner-1-wrap-9558 .bb-description'  data-responsive-json-new='{\"font-size\":\"\",\"line-height\":\"\"}'  class=\"bb-description ult-responsive\" style=\"font-weight:normal;color:#444444;\"><\/div>\n\t<\/div>\n<\/div><\/div><\/div><\/div><div class=\"wpb_column vc_column_container vc_col-sm-3\"><div class=\"vc_column-inner\"><div class=\"wpb_wrapper\">\n<div id=\"interactive-banner-1-wrap-3165\" class=\"ult-banner-block ult-adjust-bottom-margin ult-bb-none  banner-style13\"   style=\"\">\n\t<img decoding=\"async\" src=\"https:\/\/www.miasa.com.mx\/wp-content\/uploads\/2022\/03\/a-line-measuring-arm-application-4.png\" alt=\"null\">\n\t<div class=\"mask opaque-background\" style=\"background:rgba(255,255,255,0.9);\">\n\t\t<div  data-ultimate-target='#interactive-banner-1-wrap-3165 .bb-description'  data-responsive-json-new='{\"font-size\":\"\",\"line-height\":\"\"}'  class=\"bb-description ult-responsive\" style=\"font-weight:normal;color:#444444;\"><\/div>\n\t<\/div>\n<\/div><\/div><\/div><\/div><div class=\"wpb_column vc_column_container vc_col-sm-3\"><div class=\"vc_column-inner\"><div class=\"wpb_wrapper\">\n<div id=\"interactive-banner-1-wrap-8970\" class=\"ult-banner-block ult-adjust-bottom-margin ult-bb-none  banner-style13\"   style=\"\">\n\t<img decoding=\"async\" src=\"https:\/\/www.miasa.com.mx\/wp-content\/uploads\/2022\/03\/a-line-measuring-arm-application-3_2.png\" alt=\"null\">\n\t<div class=\"mask opaque-background\" style=\"background:rgba(255,255,255,0.89);\">\n\t\t<div  data-ultimate-target='#interactive-banner-1-wrap-8970 .bb-description'  data-responsive-json-new='{\"font-size\":\"\",\"line-height\":\"\"}'  class=\"bb-description ult-responsive\" style=\"font-weight:normal;color:#444444;\"><\/div>\n\t<\/div>\n<\/div><\/div><\/div><\/div><\/div><!-- Row Backgrounds --><div class=\"upb_color\" data-bg-override=\"full\" data-bg-color=\"#ffffff\" data-fadeout=\"\" data-fadeout-percentage=\"30\" data-parallax-content=\"\" data-parallax-content-sense=\"30\" data-row-effect-mobile-disable=\"true\" data-img-parallax-mobile-disable=\"true\" data-rtl=\"false\"  data-custom-vc-row=\"\"  data-vc=\"4.12\"  data-is_old_vc=\"\"  data-theme-support=\"\"   data-overlay=\"false\" data-overlay-color=\"\" data-overlay-pattern=\"\" data-overlay-pattern-opacity=\"\" data-overlay-pattern-size=\"\"    ><\/div><div class=\"vc_row wpb_row vc_row-fluid vc_custom_1646846528439 vc_row-o-equal-height vc_row-o-content-middle vc_row-flex\"><div class=\"wpb_column vc_column_container vc_col-sm-6\"><div class=\"vc_column-inner\"><div class=\"wpb_wrapper\">\n\t<div class=\"wpb_text_column wpb_content_element\">\n\t\t<div class=\"wpb_wrapper\">\n\t\t\t<p>Accesorios.<\/p>\n\n\t\t<\/div>\n\t<\/div>\n<\/div><\/div><\/div><div class=\"wpb_column vc_column_container vc_col-sm-6\"><div class=\"vc_column-inner\"><div class=\"wpb_wrapper\"><\/div><\/div><\/div><\/div><div class=\"vc_row wpb_row vc_row-fluid vc_row-o-equal-height vc_row-o-content-middle vc_row-flex\"><div class=\"wpb_column vc_column_container vc_col-sm-6\"><div class=\"vc_column-inner\"><div class=\"wpb_wrapper\">\n\t<div class=\"wpb_single_image wpb_content_element vc_align_center\">\n\t\t\n\t\t<figure class=\"wpb_wrapper vc_figure\">\n\t\t\t<div class=\"vc_single_image-wrapper   vc_box_border_grey\"><img loading=\"lazy\" decoding=\"async\" width=\"717\" height=\"616\" src=\"https:\/\/www.miasa.com.mx\/wp-content\/uploads\/2022\/03\/noname7.png\" class=\"vc_single_image-img attachment-full\" alt=\"\" srcset=\"https:\/\/www.miasa.com.mx\/wp-content\/uploads\/2022\/03\/noname7.png 717w, https:\/\/www.miasa.com.mx\/wp-content\/uploads\/2022\/03\/noname7-300x258.png 300w, https:\/\/www.miasa.com.mx\/wp-content\/uploads\/2022\/03\/noname7-70x60.png 70w\" sizes=\"auto, (max-width: 717px) 100vw, 717px\" \/><\/div>\n\t\t<\/figure>\n\t<\/div>\n<\/div><\/div><\/div><div class=\"wpb_column vc_column_container vc_col-sm-6\"><div class=\"vc_column-inner\"><div class=\"wpb_wrapper\">\n\t<div class=\"wpb_text_column wpb_content_element\">\n\t\t<div class=\"wpb_wrapper\">\n\t\t\t<h1>Laser scanner.<\/h1>\n<h5>\nFor complex profile contour scanning, different laser scanners can be combined with our 7-axis arms.<br \/>\nWe offer the PreciTrack 3D laser scanner.<\/h5>\n\n\t\t<\/div>\n\t<\/div>\n<\/div><\/div><\/div><\/div><div class=\"vc_row wpb_row vc_row-fluid vc_row-o-equal-height vc_row-o-content-middle vc_row-flex\"><div class=\"wpb_column vc_column_container vc_col-sm-6\"><div class=\"vc_column-inner\"><div class=\"wpb_wrapper\">\n\t<div class=\"wpb_text_column wpb_content_element\">\n\t\t<div class=\"wpb_wrapper\">\n\t\t\t<h1>Touch-trigger stylus.<\/h1>\n<h5>\nThe touch trigger probe acquires points by applying minimum force on the measured part. It is very accurate, fast and comfortable to use, it acquires points only by touching the surface, without pushing buttons.<\/h5>\n\n\t\t<\/div>\n\t<\/div>\n<\/div><\/div><\/div><div class=\"wpb_column vc_column_container vc_col-sm-6\"><div class=\"vc_column-inner\"><div class=\"wpb_wrapper\">\n\t<div class=\"wpb_single_image wpb_content_element vc_align_center\">\n\t\t\n\t\t<figure class=\"wpb_wrapper vc_figure\">\n\t\t\t<div class=\"vc_single_image-wrapper   vc_box_border_grey\"><img loading=\"lazy\" decoding=\"async\" width=\"391\" height=\"391\" src=\"https:\/\/www.miasa.com.mx\/wp-content\/uploads\/2022\/03\/noname4.png\" class=\"vc_single_image-img attachment-full\" alt=\"\" srcset=\"https:\/\/www.miasa.com.mx\/wp-content\/uploads\/2022\/03\/noname4.png 391w, https:\/\/www.miasa.com.mx\/wp-content\/uploads\/2022\/03\/noname4-300x300.png 300w, https:\/\/www.miasa.com.mx\/wp-content\/uploads\/2022\/03\/noname4-150x150.png 150w\" sizes=\"auto, (max-width: 391px) 100vw, 391px\" \/><\/div>\n\t\t<\/figure>\n\t<\/div>\n<\/div><\/div><\/div><\/div><div class=\"vc_row wpb_row vc_row-fluid vc_row-o-equal-height vc_row-o-content-middle vc_row-flex\"><div class=\"wpb_column vc_column_container vc_col-sm-6\"><div class=\"vc_column-inner\"><div class=\"wpb_wrapper\">\n\t<div class=\"wpb_single_image wpb_content_element vc_align_center\">\n\t\t\n\t\t<figure class=\"wpb_wrapper vc_figure\">\n\t\t\t<div class=\"vc_single_image-wrapper   vc_box_border_grey\"><img loading=\"lazy\" decoding=\"async\" width=\"382\" height=\"382\" src=\"https:\/\/www.miasa.com.mx\/wp-content\/uploads\/2022\/03\/noname.png\" class=\"vc_single_image-img attachment-full\" alt=\"\" srcset=\"https:\/\/www.miasa.com.mx\/wp-content\/uploads\/2022\/03\/noname.png 382w, https:\/\/www.miasa.com.mx\/wp-content\/uploads\/2022\/03\/noname-300x300.png 300w, https:\/\/www.miasa.com.mx\/wp-content\/uploads\/2022\/03\/noname-150x150.png 150w\" sizes=\"auto, (max-width: 382px) 100vw, 382px\" \/><\/div>\n\t\t<\/figure>\n\t<\/div>\n<\/div><\/div><\/div><div class=\"wpb_column vc_column_container vc_col-sm-6\"><div class=\"vc_column-inner\"><div class=\"wpb_wrapper\">\n\t<div class=\"wpb_text_column wpb_content_element\">\n\t\t<div class=\"wpb_wrapper\">\n\t\t\t<h1>Mechanical probe.<\/h1>\n<h5>\nThe mechanical probe is the standard touch probe, available with different ball diameters. Points can be taken by touching the part and pressing the button on board the probe body. The smallest usable diameter is 1 mm to guarantee point accuracy, the maximum suggested length is 100 mm.<\/h5>\n\n\t\t<\/div>\n\t<\/div>\n<\/div><\/div><\/div><\/div><div class=\"vc_row wpb_row vc_row-fluid vc_row-o-equal-height vc_row-o-content-middle vc_row-flex\"><div class=\"wpb_column vc_column_container vc_col-sm-6\"><div class=\"vc_column-inner\"><div class=\"wpb_wrapper\">\n\t<div class=\"wpb_text_column wpb_content_element\">\n\t\t<div class=\"wpb_wrapper\">\n\t\t\t<h1>Laser Fork for tube measurement.<\/h1>\n<h5>\nIdeal accessory for quick measurement without direct contact with the pipe. 5 fork sizes available (mm): 30, 50, 80, 150, 200<br \/>\nThe smaller forks are equipped with a laser pointer to detect small pipes during measurement. Pipes from 2 mm to 180 mm diameter can be measured with the use of laser forks, larger diameters can be measured with the contact probe.<\/h5>\n\n\t\t<\/div>\n\t<\/div>\n<\/div><\/div><\/div><div class=\"wpb_column vc_column_container vc_col-sm-6\"><div class=\"vc_column-inner\"><div class=\"wpb_wrapper\">\n\t<div class=\"wpb_single_image wpb_content_element vc_align_center\">\n\t\t\n\t\t<figure class=\"wpb_wrapper vc_figure\">\n\t\t\t<div class=\"vc_single_image-wrapper   vc_box_border_grey\"><img loading=\"lazy\" decoding=\"async\" width=\"945\" height=\"723\" src=\"https:\/\/www.miasa.com.mx\/wp-content\/uploads\/2022\/03\/noname6.png\" class=\"vc_single_image-img attachment-full\" alt=\"\" srcset=\"https:\/\/www.miasa.com.mx\/wp-content\/uploads\/2022\/03\/noname6.png 945w, https:\/\/www.miasa.com.mx\/wp-content\/uploads\/2022\/03\/noname6-300x230.png 300w, https:\/\/www.miasa.com.mx\/wp-content\/uploads\/2022\/03\/noname6-768x588.png 768w\" sizes=\"auto, (max-width: 945px) 100vw, 945px\" \/><\/div>\n\t\t<\/figure>\n\t<\/div>\n<\/div><\/div><\/div><\/div><div class=\"vc_row wpb_row vc_row-fluid vc_row-o-equal-height vc_row-o-content-middle vc_row-flex\"><div class=\"wpb_column vc_column_container vc_col-sm-6\"><div class=\"vc_column-inner\"><div class=\"wpb_wrapper\">\n\t<div class=\"wpb_single_image wpb_content_element vc_align_center\">\n\t\t\n\t\t<figure class=\"wpb_wrapper vc_figure\">\n\t\t\t<div class=\"vc_single_image-wrapper   vc_box_border_grey\"><img loading=\"lazy\" decoding=\"async\" width=\"395\" height=\"395\" src=\"https:\/\/www.miasa.com.mx\/wp-content\/uploads\/2022\/03\/noname3.png\" class=\"vc_single_image-img attachment-full\" alt=\"\" srcset=\"https:\/\/www.miasa.com.mx\/wp-content\/uploads\/2022\/03\/noname3.png 395w, https:\/\/www.miasa.com.mx\/wp-content\/uploads\/2022\/03\/noname3-300x300.png 300w, https:\/\/www.miasa.com.mx\/wp-content\/uploads\/2022\/03\/noname3-150x150.png 150w\" sizes=\"auto, (max-width: 395px) 100vw, 395px\" \/><\/div>\n\t\t<\/figure>\n\t<\/div>\n<\/div><\/div><\/div><div class=\"wpb_column vc_column_container vc_col-sm-6\"><div class=\"vc_column-inner\"><div class=\"wpb_wrapper\">\n\t<div class=\"wpb_text_column wpb_content_element\">\n\t\t<div class=\"wpb_wrapper\">\n\t\t\t<h1>Floating probe.<\/h1>\n<h5>\nA rigid mechanical probe suspended on a spring-loaded spring driven aluminum ring that triggers the probe with a simple touch. Integrated force control avoids applying an uncontrolled load on the part, improving accuracy and repeatability. The control ring is isolated from the probe stylus to avoid thermal shock from the user's hands.<\/h5>\n\n\t\t<\/div>\n\t<\/div>\n<\/div><\/div><\/div><\/div><div class=\"vc_row wpb_row vc_row-fluid vc_row-o-equal-height vc_row-o-content-middle vc_row-flex\"><div class=\"wpb_column vc_column_container vc_col-sm-6\"><div class=\"vc_column-inner\"><div class=\"wpb_wrapper\">\n\t<div class=\"wpb_text_column wpb_content_element\">\n\t\t<div class=\"wpb_wrapper\">\n\t\t\t<h1>Fixing Bases - Mobile Tripods.<\/h1>\n<h5>\nStable and practical, it is the ideal accessory to easily and quickly move all A-line arms. The tripod is height adjustable (range 900-1400 mm) and the weight of the tripod column is balanced by a gas spring. A side handle allows vertical and horizontal movement of the tripod. A removable, rotatable shelf allows the notebook to be placed next to the measuring arm.<\/h5>\n\n\t\t<\/div>\n\t<\/div>\n<\/div><\/div><\/div><div class=\"wpb_column vc_column_container vc_col-sm-6\"><div class=\"vc_column-inner\"><div class=\"wpb_wrapper\">\n\t<div class=\"wpb_single_image wpb_content_element vc_align_center\">\n\t\t\n\t\t<figure class=\"wpb_wrapper vc_figure\">\n\t\t\t<div class=\"vc_single_image-wrapper   vc_box_border_grey\"><img loading=\"lazy\" decoding=\"async\" width=\"391\" height=\"391\" src=\"https:\/\/www.miasa.com.mx\/wp-content\/uploads\/2022\/03\/noname2.png\" class=\"vc_single_image-img attachment-full\" alt=\"\" srcset=\"https:\/\/www.miasa.com.mx\/wp-content\/uploads\/2022\/03\/noname2.png 391w, https:\/\/www.miasa.com.mx\/wp-content\/uploads\/2022\/03\/noname2-300x300.png 300w, https:\/\/www.miasa.com.mx\/wp-content\/uploads\/2022\/03\/noname2-150x150.png 150w\" sizes=\"auto, (max-width: 391px) 100vw, 391px\" \/><\/div>\n\t\t<\/figure>\n\t<\/div>\n<\/div><\/div><\/div><\/div><div class=\"vc_row wpb_row vc_row-fluid vc_row-o-equal-height vc_row-o-content-middle vc_row-flex\"><div class=\"wpb_column vc_column_container vc_col-sm-6\"><div class=\"vc_column-inner\"><div class=\"wpb_wrapper\">\n\t<div class=\"wpb_single_image wpb_content_element vc_align_center\">\n\t\t\n\t\t<figure class=\"wpb_wrapper vc_figure\">\n\t\t\t<div class=\"vc_single_image-wrapper   vc_box_border_grey\"><img loading=\"lazy\" decoding=\"async\" width=\"414\" height=\"414\" src=\"https:\/\/www.miasa.com.mx\/wp-content\/uploads\/2022\/03\/noname5.png\" class=\"vc_single_image-img attachment-full\" alt=\"\" srcset=\"https:\/\/www.miasa.com.mx\/wp-content\/uploads\/2022\/03\/noname5.png 414w, https:\/\/www.miasa.com.mx\/wp-content\/uploads\/2022\/03\/noname5-300x300.png 300w, https:\/\/www.miasa.com.mx\/wp-content\/uploads\/2022\/03\/noname5-150x150.png 150w\" sizes=\"auto, (max-width: 414px) 100vw, 414px\" \/><\/div>\n\t\t<\/figure>\n\t<\/div>\n<\/div><\/div><\/div><div class=\"wpb_column vc_column_container vc_col-sm-6\"><div class=\"vc_column-inner\"><div class=\"wpb_wrapper\">\n\t<div class=\"wpb_text_column wpb_content_element\">\n\t\t<div class=\"wpb_wrapper\">\n\t\t\t<h1>Magnetic base.<\/h1>\n<h5>\nThis magnetic base will allow your machine to produce the highest quality precision. It will only require minimal effort to install with your machine.<\/h5>\n\n\t\t<\/div>\n\t<\/div>\n<\/div><\/div><\/div><\/div>","protected":false},"excerpt":{"rendered":"Trimos A-Line. Los brazos de medici\u00f3n articulados port\u00e1tiles Trimos A-line permiten una medici\u00f3n 3D extremadamente f\u00e1cil y precisa. Los brazos A-line certificados seg\u00fan la norma ISO10360-12 o ISO10360-02 permiten el control de calidad, inspecci\u00f3n, verificaci\u00f3n de piezas de peque\u00f1o y gran tama\u00f1o. Gracias a una estructura de carbono extremadamente estable, todos los modelos son ligeros [...]","protected":false},"author":2,"featured_media":0,"parent":9439,"menu_order":0,"comment_status":"closed","ping_status":"closed","template":"homepage-template.php","meta":{"footnotes":""},"class_list":["post-14669","page","type-page","status-publish","hentry"],"_links":{"self":[{"href":"https:\/\/www.miasa.com.mx\/en\/wp-json\/wp\/v2\/pages\/14669","targetHints":{"allow":["GET"]}}],"collection":[{"href":"https:\/\/www.miasa.com.mx\/en\/wp-json\/wp\/v2\/pages"}],"about":[{"href":"https:\/\/www.miasa.com.mx\/en\/wp-json\/wp\/v2\/types\/page"}],"author":[{"embeddable":true,"href":"https:\/\/www.miasa.com.mx\/en\/wp-json\/wp\/v2\/users\/2"}],"replies":[{"embeddable":true,"href":"https:\/\/www.miasa.com.mx\/en\/wp-json\/wp\/v2\/comments?post=14669"}],"version-history":[{"count":5,"href":"https:\/\/www.miasa.com.mx\/en\/wp-json\/wp\/v2\/pages\/14669\/revisions"}],"predecessor-version":[{"id":15050,"href":"https:\/\/www.miasa.com.mx\/en\/wp-json\/wp\/v2\/pages\/14669\/revisions\/15050"}],"up":[{"embeddable":true,"href":"https:\/\/www.miasa.com.mx\/en\/wp-json\/wp\/v2\/pages\/9439"}],"wp:attachment":[{"href":"https:\/\/www.miasa.com.mx\/en\/wp-json\/wp\/v2\/media?parent=14669"}],"curies":[{"name":"wp","href":"https:\/\/api.w.org\/{rel}","templated":true}]}}