{"id":14684,"date":"2022-03-10T23:33:59","date_gmt":"2022-03-10T23:33:59","guid":{"rendered":"https:\/\/www.miasa.com.mx\/?page_id=14684"},"modified":"2023-08-31T14:16:27","modified_gmt":"2023-08-31T14:16:27","slug":"bolsadetrabajo","status":"publish","type":"page","link":"https:\/\/www.miasa.com.mx\/en\/bolsadetrabajo\/","title":{"rendered":"Miasa\u00ae &#8211; Bolsa de trabajo"},"content":{"rendered":"<div class=\"vc_row wpb_row vc_row-fluid vc_custom_1646956271705 vc_row-o-full-height vc_row-o-columns-middle vc_row-o-equal-height vc_row-o-content-top vc_row-flex\"><div class=\"wpb_column vc_column_container vc_col-sm-6 vc_col-has-fill\"><div class=\"vc_column-inner vc_custom_1646956317128\"><div class=\"wpb_wrapper\">\n\t<div class=\"wpb_single_image wpb_content_element vc_align_center\">\n\t\t\n\t\t<figure class=\"wpb_wrapper vc_figure\">\n\t\t\t<div class=\"vc_single_image-wrapper   vc_box_border_grey\"><img loading=\"lazy\" decoding=\"async\" width=\"2246\" height=\"3380\" src=\"https:\/\/www.miasa.com.mx\/wp-content\/uploads\/2023\/04\/BANNER-1.png\" class=\"vc_single_image-img attachment-full\" alt=\"\" srcset=\"https:\/\/www.miasa.com.mx\/wp-content\/uploads\/2023\/04\/BANNER-1.png 2246w, https:\/\/www.miasa.com.mx\/wp-content\/uploads\/2023\/04\/BANNER-1-199x300.png 199w, https:\/\/www.miasa.com.mx\/wp-content\/uploads\/2023\/04\/BANNER-1-680x1024.png 680w, https:\/\/www.miasa.com.mx\/wp-content\/uploads\/2023\/04\/BANNER-1-768x1156.png 768w, https:\/\/www.miasa.com.mx\/wp-content\/uploads\/2023\/04\/BANNER-1-1021x1536.png 1021w, https:\/\/www.miasa.com.mx\/wp-content\/uploads\/2023\/04\/BANNER-1-1361x2048.png 1361w, https:\/\/www.miasa.com.mx\/wp-content\/uploads\/2023\/04\/BANNER-1-8x12.png 8w\" sizes=\"auto, (max-width: 2246px) 100vw, 2246px\" \/><\/div>\n\t\t<\/figure>\n\t<\/div>\n<\/div><\/div><\/div><div class=\"wpb_column vc_column_container vc_col-sm-6\"><div class=\"vc_column-inner\"><div class=\"wpb_wrapper\">\n\t<div class=\"wpb_text_column wpb_content_element\">\n\t\t<div class=\"wpb_wrapper\">\n\t\t\t<h1>Post\u00falate para nuestras vacantes.<\/h1>\n<h5>Recuerda que esta es solo una pre-solicitud, una vez que verifiquemos tus datos, nuestro departamento de recursos humanos te contactara mediante tel\u00e9fono o correo electr\u00f3nico, as\u00ed que tus datos son importantes.<\/h5>\n\n\t\t<\/div>\n\t<\/div>\n<div class=\"wpforms-container wpforms-container-full\" id=\"wpforms-14682\"><form id=\"wpforms-form-14682\" class=\"wpforms-validate wpforms-form wpforms-ajax-form\" data-formid=\"14682\" method=\"post\" enctype=\"multipart\/form-data\" action=\"\/en\/wp-json\/wp\/v2\/pages\/14684\" data-token=\"cd55538d8ba996b3deb39ab1790ef20c\" data-trp-original-action=\"\/en\/wp-json\/wp\/v2\/pages\/14684\"><noscript class=\"wpforms-error-noscript\">Please enable JavaScript in your browser to complete this form.<\/noscript><div class=\"wpforms-field-container\"><div id=\"wpforms-14682-field_11-container\" class=\"wpforms-field wpforms-field-select wpforms-field-select-style-modern\" data-field-id=\"11\"><label class=\"wpforms-field-label\" for=\"wpforms-14682-field_11\">\u00bfCu\u00e1l es el tipo de vacante de tu inter\u00e9s? <span class=\"wpforms-required-label\">*<\/span><\/label><select id=\"wpforms-14682-field_11\" class=\"wpforms-field-small wpforms-field-required choicesjs-select\" data-size-class=\"wpforms-field-row wpforms-field-small\" data-search-enabled=\"\" name=\"wpforms[fields][11]\" required=\"required\"><option value=\"\" class=\"placeholder\" disabled selected='selected'>Select one of the available options<\/option><option value=\"Selecciona una opci\u00f3n de las disponibles\" >Select one of the available options<\/option><option value=\"Ventas\" >Ventas<\/option><option value=\"Administrativa\" >Administrativa<\/option><option value=\"Metrolog\u00eda\" >Metrolog\u00eda<\/option><option value=\"Log\u00edstica\" >Log\u00edstica<\/option><\/select><\/div><div id=\"wpforms-14682-field_16-container\" class=\"wpforms-field wpforms-field-number-slider\" data-field-id=\"16\"><label class=\"wpforms-field-label\" for=\"wpforms-14682-field_16\">De 1 a 10, \u00bfC\u00f3mo eval\u00faas tu experiencia en la vacante de tu inter\u00e9s?<\/label>\n<input\n\ttype=\"range\"\n\tid=\"wpforms-14682-field_16\" class=\"wpforms-field-medium\" name=\"wpforms[fields][16]\" value=\"1\"\t\tmin=\"1\"\n\tmax=\"10\"\n\tstep=\"1\">\n\n<div class=\"wpforms-field-number-slider-hint\"\n\tdata-hint=\"Valor seleccionado: {value}\">\n\tValor seleccionado: <b>1<\/b><\/div>\n<\/div><div id=\"wpforms-14682-field_8-container\" class=\"wpforms-field wpforms-field-name\" data-field-id=\"8\"><label class=\"wpforms-field-label\" for=\"wpforms-14682-field_8\">Comp\u00e1rtenos tu nombre completo. <span class=\"wpforms-required-label\">*<\/span><\/label><div class=\"wpforms-field-row wpforms-field-medium\"><div class=\"wpforms-field-row-block wpforms-first wpforms-two-fifths\"><input type=\"text\" id=\"wpforms-14682-field_8\" class=\"wpforms-field-name-first wpforms-field-required\" name=\"wpforms[fields][8][first]\" required><label for=\"wpforms-14682-field_8\" class=\"wpforms-field-sublabel after\">First<\/label><\/div><div class=\"wpforms-field-row-block wpforms-one-fifth\"><input type=\"text\" id=\"wpforms-14682-field_8-middle\" class=\"wpforms-field-name-middle\" name=\"wpforms[fields][8][middle]\" ><label for=\"wpforms-14682-field_8-middle\" class=\"wpforms-field-sublabel after\">Middle<\/label><\/div><div class=\"wpforms-field-row-block wpforms-two-fifths\"><input type=\"text\" id=\"wpforms-14682-field_8-last\" class=\"wpforms-field-name-last wpforms-field-required\" name=\"wpforms[fields][8][last]\" required><label for=\"wpforms-14682-field_8-last\" class=\"wpforms-field-sublabel after\">Last<\/label><\/div><\/div><\/div><div id=\"wpforms-14682-field_9-container\" class=\"wpforms-field wpforms-field-number\" data-field-id=\"9\"><label class=\"wpforms-field-label\" for=\"wpforms-14682-field_9\">Numero telef\u00f3nico (10 d\u00edgitos). <span class=\"wpforms-required-label\">*<\/span><\/label><input type=\"number\" pattern=\"\\d*\" id=\"wpforms-14682-field_9\" class=\"wpforms-field-small wpforms-field-required\" name=\"wpforms[fields][9]\" required><\/div><div id=\"wpforms-14682-field_10-container\" class=\"wpforms-field wpforms-field-email\" data-field-id=\"10\"><label class=\"wpforms-field-label\" for=\"wpforms-14682-field_10\">Correo electr\u00f3nico. <span class=\"wpforms-required-label\">*<\/span><\/label><input type=\"email\" id=\"wpforms-14682-field_10\" class=\"wpforms-field-small wpforms-field-required\" name=\"wpforms[fields][10]\" spellcheck=\"false\" required><\/div><div id=\"wpforms-14682-field_15-container\" class=\"wpforms-field wpforms-field-email\" data-field-id=\"15\"><label class=\"wpforms-field-label\" for=\"wpforms-14682-field_15\">Verif\u00edca tu correo electr\u00f3nico. <span class=\"wpforms-required-label\">*<\/span><\/label><input type=\"email\" id=\"wpforms-14682-field_15\" class=\"wpforms-field-small wpforms-field-required\" name=\"wpforms[fields][15]\" spellcheck=\"false\" required><\/div><\/div><!-- .wpforms-field-container --><div class=\"wpforms-submit-container\" ><input type=\"hidden\" name=\"wpforms[id]\" value=\"14682\"><input type=\"hidden\" name=\"wpforms[author]\" value=\"2\"><button type=\"submit\" name=\"wpforms[submit]\" id=\"wpforms-submit-14682\" class=\"wpforms-submit\" data-alt-text=\"Enviando...\" data-submit-text=\"Post\u00falate.\" aria-live=\"assertive\" value=\"wpforms-submit\">Post\u00falate.<\/button><img loading=\"lazy\" decoding=\"async\" src=\"https:\/\/www.miasa.com.mx\/wp-content\/plugins\/wpforms-lite\/assets\/images\/submit-spin.svg\" class=\"wpforms-submit-spinner\" style=\"display: none;\" width=\"26\" height=\"26\" alt=\"Loading\"><\/div><input type=\"hidden\" name=\"trp-form-language\" value=\"en\"\/><\/form><\/div>  <!-- .wpforms-container --><\/div><\/div><\/div><\/div>","protected":false},"excerpt":{"rendered":"Post\u00falate para nuestras vacantes. Recuerda que esta es solo una pre-solicitud, una vez que verifiquemos tus datos, nuestro departamento de recursos humanos te contactara mediante tel\u00e9fono o correo electr\u00f3nico, as\u00ed que tus datos son importantes. Please enable JavaScript in your browser to complete this form.\u00bfCu\u00e1l es el tipo de vacante de tu inter\u00e9s? *Selecciona una [...]","protected":false},"author":2,"featured_media":0,"parent":0,"menu_order":0,"comment_status":"closed","ping_status":"closed","template":"homepage-template.php","meta":{"footnotes":""},"class_list":["post-14684","page","type-page","status-publish","hentry"],"_links":{"self":[{"href":"https:\/\/www.miasa.com.mx\/en\/wp-json\/wp\/v2\/pages\/14684","targetHints":{"allow":["GET"]}}],"collection":[{"href":"https:\/\/www.miasa.com.mx\/en\/wp-json\/wp\/v2\/pages"}],"about":[{"href":"https:\/\/www.miasa.com.mx\/en\/wp-json\/wp\/v2\/types\/page"}],"author":[{"embeddable":true,"href":"https:\/\/www.miasa.com.mx\/en\/wp-json\/wp\/v2\/users\/2"}],"replies":[{"embeddable":true,"href":"https:\/\/www.miasa.com.mx\/en\/wp-json\/wp\/v2\/comments?post=14684"}],"version-history":[{"count":6,"href":"https:\/\/www.miasa.com.mx\/en\/wp-json\/wp\/v2\/pages\/14684\/revisions"}],"predecessor-version":[{"id":15547,"href":"https:\/\/www.miasa.com.mx\/en\/wp-json\/wp\/v2\/pages\/14684\/revisions\/15547"}],"wp:attachment":[{"href":"https:\/\/www.miasa.com.mx\/en\/wp-json\/wp\/v2\/media?parent=14684"}],"curies":[{"name":"wp","href":"https:\/\/api.w.org\/{rel}","templated":true}]}}