{"id":14754,"date":"2022-03-29T19:12:40","date_gmt":"2022-03-29T19:12:40","guid":{"rendered":"https:\/\/www.miasa.com.mx\/?page_id=14754"},"modified":"2023-08-31T15:10:04","modified_gmt":"2023-08-31T15:10:04","slug":"expo-manufactura-2022","status":"publish","type":"page","link":"https:\/\/www.miasa.com.mx\/en\/miasablog\/expo-manufactura-2022\/","title":{"rendered":"MiasaBlog\u00ae &#8211; Expo Manufactura\u00ae 2022"},"content":{"rendered":"<div class=\"vc_row wpb_row vc_row-fluid vc_row-o-equal-height vc_row-o-content-middle vc_row-flex\"><div class=\"wpb_column vc_column_container vc_col-sm-6\"><div class=\"vc_column-inner\"><div class=\"wpb_wrapper\">\n\t<div class=\"wpb_text_column wpb_content_element  vc_custom_1648592384414\">\n\t\t<div class=\"wpb_wrapper\">\n\t\t\t<h1><span style=\"color: #ffffff;\">Blog Miasa.<\/span><\/h1>\n\n\t\t<\/div>\n\t<\/div>\n<\/div><\/div><\/div><div class=\"wpb_column vc_column_container vc_col-sm-6\"><div class=\"vc_column-inner\"><div class=\"wpb_wrapper\">\n\t<div class=\"wpb_text_column wpb_content_element\">\n\t\t<div class=\"wpb_wrapper\">\n\t\t\t<h5><span style=\"color: #ffffff;\">Aqu\u00ed conocer\u00e1s nuestras \u00faltimas noticias.<\/span><\/h5>\n\n\t\t<\/div>\n\t<\/div>\n<\/div><\/div><\/div><\/div><!-- Row Backgrounds --><div class=\"upb_color\" data-bg-override=\"full\" data-bg-color=\"#1c1e1f\" data-fadeout=\"\" data-fadeout-percentage=\"30\" data-parallax-content=\"\" data-parallax-content-sense=\"30\" data-row-effect-mobile-disable=\"true\" data-img-parallax-mobile-disable=\"true\" data-rtl=\"false\"  data-custom-vc-row=\"\"  data-vc=\"4.12\"  data-is_old_vc=\"\"  data-theme-support=\"\"   data-overlay=\"false\" data-overlay-color=\"\" data-overlay-pattern=\"\" data-overlay-pattern-opacity=\"\" data-overlay-pattern-size=\"\"    ><\/div><div class=\"vc_row wpb_row vc_row-fluid vc_custom_1648582472242\"><div class=\"wpb_column vc_column_container vc_col-sm-9\"><div class=\"vc_column-inner\"><div class=\"wpb_wrapper\">\n\t<div class=\"wpb_text_column wpb_content_element\">\n\t\t<div class=\"wpb_wrapper\">\n\t\t\t<h1>Expo Manufactura\u00ae 2022, a great success.<\/h1>\n\n\t\t<\/div>\n\t<\/div>\n\n\t<div class=\"wpb_text_column wpb_content_element\">\n\t\t<div class=\"wpb_wrapper\">\n\t\t\t<h2>Este 2022 fuimos part\u00edcipes de la vigesimoquinta edici\u00f3n del evento m\u00e1s importante de la industria manufacturera de M\u00e9xico.<\/h2>\n\n\t\t<\/div>\n\t<\/div>\n\n\t<div class=\"wpb_text_column wpb_content_element\">\n\t\t<div class=\"wpb_wrapper\">\n\t\t\t<h5>La experiencia obtenida en un evento de esta magnitud, sin duda, se traduce en un mejor servicio para todos nuestros clientes, pues el poder entender la necesidad cara a cara, sensibiliza la venta, y maximiza los servicios.<\/h5>\n\n\t\t<\/div>\n\t<\/div>\n\n\t<div class=\"wpb_video_widget wpb_content_element vc_clearfix   vc_video-aspect-ratio-169 vc_video-el-width-100 vc_video-align-left\">\n\t\t<div class=\"wpb_wrapper\">\n\t\t\t\n\t\t\t<div class=\"wpb_video_wrapper\"><iframe loading=\"lazy\" title=\"Expo Manufactura 2022 \ud83c\uddf2\ud83c\uddfd: Todo un \u00e9xito - Miasa\u00ae\" width=\"660\" height=\"371\" src=\"https:\/\/www.youtube.com\/embed\/LUaZ7Kl1YpE?feature=oembed\" frameborder=\"0\" allow=\"accelerometer; autoplay; clipboard-write; encrypted-media; gyroscope; picture-in-picture; web-share\" referrerpolicy=\"strict-origin-when-cross-origin\" allowfullscreen><\/iframe><\/div>\n\t\t<\/div>\n\t<\/div>\n\n\t<div class=\"wpb_text_column wpb_content_element\">\n\t\t<div class=\"wpb_wrapper\">\n\t\t\t<h1>M\u00e1s de 500 clientes potenciales.<\/h1>\n\n\t\t<\/div>\n\t<\/div>\n\n\t<div class=\"wpb_text_column wpb_content_element\">\n\t\t<div class=\"wpb_wrapper\">\n\t\t\t<h5>La labor de nuestros asesores de servicio, que se mantuvieron constantes durante 3 d\u00edas, es de reconocimiento, pues gracias a eso, tuvimos oportunidad de conversar con cerca de 500 clientes potenciales, que conocieron nuestros servicios, y que se llevaron de nuestro stand, adem\u00e1s de un souvenir, un mejor entendimiento, y una opci\u00f3n asequible, sobre nuevas tecnolog\u00edas para el control de calidad del sector industrial.<\/h5>\n\n\t\t<\/div>\n\t<\/div>\n<\/div><\/div><\/div><div class=\"wpb_column vc_column_container vc_col-sm-3\"><div class=\"vc_column-inner\"><div class=\"wpb_wrapper\">\n\t<div class=\"wpb_single_image wpb_content_element vc_align_left\">\n\t\t\n\t\t<figure class=\"wpb_wrapper vc_figure\">\n\t\t\t<div class=\"vc_single_image-wrapper   vc_box_border_grey\"><img loading=\"lazy\" decoding=\"async\" width=\"3487\" height=\"10233\" src=\"https:\/\/www.miasa.com.mx\/wp-content\/uploads\/2022\/03\/ALINE3.png\" class=\"vc_single_image-img attachment-full\" alt=\"\" srcset=\"https:\/\/www.miasa.com.mx\/wp-content\/uploads\/2022\/03\/ALINE3.png 3487w, https:\/\/www.miasa.com.mx\/wp-content\/uploads\/2022\/03\/ALINE3-102x300.png 102w, https:\/\/www.miasa.com.mx\/wp-content\/uploads\/2022\/03\/ALINE3-349x1024.png 349w, https:\/\/www.miasa.com.mx\/wp-content\/uploads\/2022\/03\/ALINE3-768x2254.png 768w, https:\/\/www.miasa.com.mx\/wp-content\/uploads\/2022\/03\/ALINE3-523x1536.png 523w, https:\/\/www.miasa.com.mx\/wp-content\/uploads\/2022\/03\/ALINE3-698x2048.png 698w\" sizes=\"auto, (max-width: 3487px) 100vw, 3487px\" \/><\/div>\n\t\t<\/figure>\n\t<\/div>\n<style type=\"text\/css\">.vc_btn3-style-gradient.vc_btn-gradient-btn-6a09d5ba23f4a:hover{color: #fff;background-color: #f79468;border: none;background-position: 100% 0;}<\/style><style type=\"text\/css\">.vc_btn3-style-gradient.vc_btn-gradient-btn-6a09d5ba23f4a{color: #fff;border: none;background-color: #f4524d;background-image: -webkit-linear-gradient(left, #f4524d 0%, #f79468 50%,#f4524d 100%);background-image: linear-gradient(to right, #f4524d 0%, #f79468 50%,#f4524d 100%);-webkit-transition: all .2s ease-in-out;transition: all .2s ease-in-out;background-size: 200% 100%;}<\/style><div class=\"vc_btn3-container vc_btn3-center\"><a data-vc-gradient-1=\"#f4524d\" data-vc-gradient-2=\"#f79468\" class=\"vc_general vc_btn3 vc_btn3-size-md vc_btn3-shape-round vc_btn3-style-gradient vc_btn3-block vc_btn-gradient-btn-6a09d5ba23f4a\" href=\"https:\/\/www.miasa.com.mx\/en\/trimosmeasurement\/\" title=\"Trimos\">Conoce m\u00e1s aqui.<\/a><\/div>\n<\/div><\/div><\/div><\/div><div class=\"vc_row wpb_row vc_row-fluid\"><div class=\"wpb_column vc_column_container vc_col-sm-12\"><div class=\"vc_column-inner\"><div class=\"wpb_wrapper\"><div class=\"wpb_gallery wpb_content_element vc_clearfix\"><div class=\"wpb_wrapper\"><div class=\"wpb_gallery_slides wpb_slider_nivo theme-default\" data-interval=\"3\"><div class=\"nivoSlider\"><img loading=\"lazy\" decoding=\"async\" class=\"\" src=\"https:\/\/www.miasa.com.mx\/wp-content\/uploads\/2022\/03\/DSC_0001.jpg\" width=\"1200\" height=\"800\" alt=\"DSC_0001\" title=\"DSC_0001\" \/><img loading=\"lazy\" decoding=\"async\" class=\"\" src=\"https:\/\/www.miasa.com.mx\/wp-content\/uploads\/2022\/03\/DSC_0045.jpg\" width=\"1200\" height=\"800\" alt=\"DSC_0045\" title=\"DSC_0045\" \/><img loading=\"lazy\" decoding=\"async\" class=\"\" src=\"https:\/\/www.miasa.com.mx\/wp-content\/uploads\/2022\/03\/DSC_0046.jpg\" width=\"1200\" height=\"800\" alt=\"DSC_0046\" title=\"DSC_0046\" \/><img loading=\"lazy\" decoding=\"async\" class=\"\" src=\"https:\/\/www.miasa.com.mx\/wp-content\/uploads\/2022\/03\/DSC_0047.jpg\" width=\"1200\" height=\"800\" alt=\"DSC_0047\" title=\"DSC_0047\" \/><img loading=\"lazy\" decoding=\"async\" class=\"\" src=\"https:\/\/www.miasa.com.mx\/wp-content\/uploads\/2022\/03\/DSC_0048.jpg\" width=\"1200\" height=\"800\" alt=\"DSC_0048\" title=\"DSC_0048\" \/><img loading=\"lazy\" decoding=\"async\" class=\"\" src=\"https:\/\/www.miasa.com.mx\/wp-content\/uploads\/2022\/03\/DSC_0050.jpg\" width=\"1200\" height=\"800\" alt=\"DSC_0050\" title=\"DSC_0050\" \/><img loading=\"lazy\" decoding=\"async\" class=\"\" src=\"https:\/\/www.miasa.com.mx\/wp-content\/uploads\/2022\/03\/DSC_0056.jpg\" width=\"1200\" height=\"800\" alt=\"DSC_0056\" title=\"DSC_0056\" \/><img loading=\"lazy\" decoding=\"async\" class=\"\" src=\"https:\/\/www.miasa.com.mx\/wp-content\/uploads\/2022\/03\/DSC_0061.jpg\" width=\"1200\" height=\"800\" alt=\"DSC_0061\" title=\"DSC_0061\" \/><img loading=\"lazy\" decoding=\"async\" class=\"\" src=\"https:\/\/www.miasa.com.mx\/wp-content\/uploads\/2022\/03\/DSC_0067.jpg\" width=\"1200\" height=\"800\" alt=\"DSC_0067\" title=\"DSC_0067\" \/><img loading=\"lazy\" decoding=\"async\" class=\"\" src=\"https:\/\/www.miasa.com.mx\/wp-content\/uploads\/2022\/03\/DSC_0072.jpg\" width=\"1200\" height=\"800\" alt=\"DSC_0072\" title=\"DSC_0072\" \/><img loading=\"lazy\" decoding=\"async\" class=\"\" src=\"https:\/\/www.miasa.com.mx\/wp-content\/uploads\/2022\/03\/DSC_0076.jpg\" width=\"1200\" height=\"800\" alt=\"DSC_0076\" title=\"DSC_0076\" \/><img loading=\"lazy\" decoding=\"async\" class=\"\" src=\"https:\/\/www.miasa.com.mx\/wp-content\/uploads\/2022\/03\/DSC_0078.jpg\" width=\"1200\" height=\"800\" alt=\"DSC_0078\" title=\"DSC_0078\" \/><img loading=\"lazy\" decoding=\"async\" class=\"\" src=\"https:\/\/www.miasa.com.mx\/wp-content\/uploads\/2022\/03\/DSC_0080.jpg\" width=\"1200\" height=\"800\" alt=\"DSC_0080\" title=\"DSC_0080\" \/><img loading=\"lazy\" decoding=\"async\" class=\"\" src=\"https:\/\/www.miasa.com.mx\/wp-content\/uploads\/2022\/03\/DSC_0084.jpg\" width=\"1200\" height=\"800\" alt=\"DSC_0084\" title=\"DSC_0084\" \/><img loading=\"lazy\" decoding=\"async\" class=\"\" src=\"https:\/\/www.miasa.com.mx\/wp-content\/uploads\/2022\/03\/DSC_0089.jpg\" width=\"1200\" height=\"800\" alt=\"DSC_0089\" title=\"DSC_0089\" \/><img loading=\"lazy\" decoding=\"async\" class=\"\" src=\"https:\/\/www.miasa.com.mx\/wp-content\/uploads\/2022\/03\/DSC_0090.jpg\" width=\"1200\" height=\"800\" alt=\"DSC_0090\" title=\"DSC_0090\" \/><img loading=\"lazy\" decoding=\"async\" class=\"\" src=\"https:\/\/www.miasa.com.mx\/wp-content\/uploads\/2022\/03\/DSC_0093.jpg\" width=\"1200\" height=\"800\" alt=\"DSC_0093\" title=\"DSC_0093\" \/><img loading=\"lazy\" decoding=\"async\" class=\"\" src=\"https:\/\/www.miasa.com.mx\/wp-content\/uploads\/2022\/03\/DSC_0094.jpg\" width=\"1200\" height=\"800\" alt=\"DSC_0094\" title=\"DSC_0094\" \/><img loading=\"lazy\" decoding=\"async\" class=\"\" src=\"https:\/\/www.miasa.com.mx\/wp-content\/uploads\/2022\/03\/DSC_0096.jpg\" width=\"1200\" height=\"800\" alt=\"DSC_0096\" title=\"DSC_0096\" \/><img loading=\"lazy\" decoding=\"async\" class=\"\" src=\"https:\/\/www.miasa.com.mx\/wp-content\/uploads\/2022\/03\/DSC_0100.jpg\" width=\"1200\" height=\"800\" alt=\"DSC_0100\" title=\"DSC_0100\" \/><img loading=\"lazy\" decoding=\"async\" class=\"\" src=\"https:\/\/www.miasa.com.mx\/wp-content\/uploads\/2022\/03\/DSC_0112.jpg\" width=\"1200\" height=\"800\" alt=\"DSC_0112\" title=\"DSC_0112\" \/><img loading=\"lazy\" decoding=\"async\" class=\"\" src=\"https:\/\/www.miasa.com.mx\/wp-content\/uploads\/2022\/03\/DSC_0115.jpg\" width=\"1200\" height=\"800\" alt=\"DSC_0115\" title=\"DSC_0115\" \/><img loading=\"lazy\" decoding=\"async\" class=\"\" src=\"https:\/\/www.miasa.com.mx\/wp-content\/uploads\/2022\/03\/DSC_0116.jpg\" width=\"1200\" height=\"800\" alt=\"DSC_0116\" title=\"DSC_0116\" \/><img loading=\"lazy\" decoding=\"async\" class=\"\" src=\"https:\/\/www.miasa.com.mx\/wp-content\/uploads\/2022\/03\/DSC_0117.jpg\" width=\"1200\" height=\"800\" alt=\"DSC_0117\" title=\"DSC_0117\" \/><img loading=\"lazy\" decoding=\"async\" class=\"\" src=\"https:\/\/www.miasa.com.mx\/wp-content\/uploads\/2022\/03\/DSC_0118.jpg\" width=\"1200\" height=\"800\" alt=\"DSC_0118\" title=\"DSC_0118\" \/><img loading=\"lazy\" decoding=\"async\" class=\"\" src=\"https:\/\/www.miasa.com.mx\/wp-content\/uploads\/2022\/03\/DSC_0119.jpg\" width=\"1200\" height=\"800\" alt=\"DSC_0119\" title=\"DSC_0119\" \/><img loading=\"lazy\" decoding=\"async\" class=\"\" src=\"https:\/\/www.miasa.com.mx\/wp-content\/uploads\/2022\/03\/DSC_0136.jpg\" width=\"1200\" height=\"800\" alt=\"DSC_0136\" title=\"DSC_0136\" \/><img loading=\"lazy\" decoding=\"async\" class=\"\" src=\"https:\/\/www.miasa.com.mx\/wp-content\/uploads\/2022\/03\/DSC_0139.jpg\" width=\"1200\" height=\"800\" alt=\"DSC_0139\" title=\"DSC_0139\" \/><img loading=\"lazy\" decoding=\"async\" class=\"\" src=\"https:\/\/www.miasa.com.mx\/wp-content\/uploads\/2022\/03\/DSC_0140.jpg\" width=\"1200\" height=\"800\" alt=\"DSC_0140\" title=\"DSC_0140\" \/><img loading=\"lazy\" decoding=\"async\" class=\"\" src=\"https:\/\/www.miasa.com.mx\/wp-content\/uploads\/2022\/03\/DSC_0155.jpg\" width=\"1200\" height=\"800\" alt=\"DSC_0155\" title=\"DSC_0155\" \/><img loading=\"lazy\" decoding=\"async\" class=\"\" src=\"https:\/\/www.miasa.com.mx\/wp-content\/uploads\/2022\/03\/DSC_0156.jpg\" width=\"1200\" height=\"800\" alt=\"DSC_0156\" title=\"DSC_0156\" \/><img loading=\"lazy\" decoding=\"async\" class=\"\" src=\"https:\/\/www.miasa.com.mx\/wp-content\/uploads\/2022\/03\/DSC_0159.jpg\" width=\"1200\" height=\"800\" alt=\"DSC_0159\" title=\"DSC_0159\" \/><img loading=\"lazy\" decoding=\"async\" class=\"\" src=\"https:\/\/www.miasa.com.mx\/wp-content\/uploads\/2022\/03\/DSC_0160.jpg\" width=\"1200\" height=\"800\" alt=\"DSC_0160\" title=\"DSC_0160\" \/><img loading=\"lazy\" decoding=\"async\" class=\"\" src=\"https:\/\/www.miasa.com.mx\/wp-content\/uploads\/2022\/03\/DSC_0172.jpg\" width=\"1200\" height=\"800\" alt=\"DSC_0172\" title=\"DSC_0172\" \/><\/div><\/div><\/div><\/div><\/div><\/div><\/div><\/div>","protected":false},"excerpt":{"rendered":"Blog Miasa. Aqu\u00ed conocer\u00e1s nuestras \u00faltimas noticias. Expo Manufactura\u00ae 2022, todo un \u00e9xito. Este 2022 fuimos part\u00edcipes de la vigesimoquinta edici\u00f3n del evento m\u00e1s importante de la industria manufacturera de M\u00e9xico. La experiencia obtenida en un evento de esta magnitud, sin duda, se traduce en un mejor servicio para todos nuestros clientes, pues el poder [...]","protected":false},"author":2,"featured_media":0,"parent":13440,"menu_order":5,"comment_status":"closed","ping_status":"closed","template":"homepage-template.php","meta":{"footnotes":""},"class_list":["post-14754","page","type-page","status-publish","hentry"],"_links":{"self":[{"href":"https:\/\/www.miasa.com.mx\/en\/wp-json\/wp\/v2\/pages\/14754","targetHints":{"allow":["GET"]}}],"collection":[{"href":"https:\/\/www.miasa.com.mx\/en\/wp-json\/wp\/v2\/pages"}],"about":[{"href":"https:\/\/www.miasa.com.mx\/en\/wp-json\/wp\/v2\/types\/page"}],"author":[{"embeddable":true,"href":"https:\/\/www.miasa.com.mx\/en\/wp-json\/wp\/v2\/users\/2"}],"replies":[{"embeddable":true,"href":"https:\/\/www.miasa.com.mx\/en\/wp-json\/wp\/v2\/comments?post=14754"}],"version-history":[{"count":14,"href":"https:\/\/www.miasa.com.mx\/en\/wp-json\/wp\/v2\/pages\/14754\/revisions"}],"predecessor-version":[{"id":15543,"href":"https:\/\/www.miasa.com.mx\/en\/wp-json\/wp\/v2\/pages\/14754\/revisions\/15543"}],"up":[{"embeddable":true,"href":"https:\/\/www.miasa.com.mx\/en\/wp-json\/wp\/v2\/pages\/13440"}],"wp:attachment":[{"href":"https:\/\/www.miasa.com.mx\/en\/wp-json\/wp\/v2\/media?parent=14754"}],"curies":[{"name":"wp","href":"https:\/\/api.w.org\/{rel}","templated":true}]}}