{"id":14820,"date":"2022-03-31T22:15:52","date_gmt":"2022-03-31T22:15:52","guid":{"rendered":"https:\/\/www.miasa.com.mx\/?page_id=14820"},"modified":"2023-08-31T15:09:22","modified_gmt":"2023-08-31T15:09:22","slug":"acreditacion-actualizada","status":"publish","type":"page","link":"https:\/\/www.miasa.com.mx\/en\/miasablog\/acreditacion-actualizada\/","title":{"rendered":"MiasaBlog\u00ae &#8211; Acreditacion"},"content":{"rendered":"<div class=\"vc_row wpb_row vc_row-fluid vc_row-o-equal-height vc_row-o-content-middle vc_row-flex\"><div class=\"wpb_column vc_column_container vc_col-sm-6\"><div class=\"vc_column-inner\"><div class=\"wpb_wrapper\">\n\t<div class=\"wpb_text_column wpb_content_element  vc_custom_1648592384414\">\n\t\t<div class=\"wpb_wrapper\">\n\t\t\t<h1><span style=\"color: #ffffff;\">Blog Miasa.<\/span><\/h1>\n\n\t\t<\/div>\n\t<\/div>\n<\/div><\/div><\/div><div class=\"wpb_column vc_column_container vc_col-sm-6\"><div class=\"vc_column-inner\"><div class=\"wpb_wrapper\">\n\t<div class=\"wpb_text_column wpb_content_element\">\n\t\t<div class=\"wpb_wrapper\">\n\t\t\t<h5><span style=\"color: #ffffff;\">Aqu\u00ed conocer\u00e1s nuestras \u00faltimas noticias.<\/span><\/h5>\n\n\t\t<\/div>\n\t<\/div>\n<\/div><\/div><\/div><\/div><!-- Row Backgrounds --><div class=\"upb_color\" data-bg-override=\"full\" data-bg-color=\"#1c1e1f\" data-fadeout=\"\" data-fadeout-percentage=\"30\" data-parallax-content=\"\" data-parallax-content-sense=\"30\" data-row-effect-mobile-disable=\"true\" data-img-parallax-mobile-disable=\"true\" data-rtl=\"false\"  data-custom-vc-row=\"\"  data-vc=\"4.12\"  data-is_old_vc=\"\"  data-theme-support=\"\"   data-overlay=\"false\" data-overlay-color=\"\" data-overlay-pattern=\"\" data-overlay-pattern-opacity=\"\" data-overlay-pattern-size=\"\"    ><\/div><div class=\"vc_row wpb_row vc_row-fluid vc_custom_1648771080613\"><div class=\"wpb_column vc_column_container vc_col-sm-9\"><div class=\"vc_column-inner\"><div class=\"wpb_wrapper\">\n\t<div class=\"wpb_single_image wpb_content_element vc_align_center\">\n\t\t\n\t\t<figure class=\"wpb_wrapper vc_figure\">\n\t\t\t<div class=\"vc_single_image-wrapper   vc_box_border_grey\"><img loading=\"lazy\" decoding=\"async\" width=\"261\" height=\"261\" src=\"https:\/\/www.miasa.com.mx\/wp-content\/uploads\/2022\/03\/Calibration-and-testing.png\" class=\"vc_single_image-img attachment-medium\" alt=\"\" srcset=\"https:\/\/www.miasa.com.mx\/wp-content\/uploads\/2022\/03\/Calibration-and-testing.png 261w, https:\/\/www.miasa.com.mx\/wp-content\/uploads\/2022\/03\/Calibration-and-testing-150x150.png 150w\" sizes=\"auto, (max-width: 261px) 100vw, 261px\" \/><\/div>\n\t\t<\/figure>\n\t<\/div>\n\n\t<div class=\"wpb_text_column wpb_content_element\">\n\t\t<div class=\"wpb_wrapper\">\n\t\t\t<h1>Updating our scope.<\/h1>\n\n\t\t<\/div>\n\t<\/div>\n\n\t<div class=\"wpb_text_column wpb_content_element\">\n\t\t<div class=\"wpb_wrapper\">\n\t\t\t<h2>Cada a\u00f1o nos proponemos la meta de agregar nuevos alcances a nuestro scope, y este 2022, sin dudas, no fue la excepci\u00f3n.<\/h2>\n\n\t\t<\/div>\n\t<\/div>\n\n\t<div class=\"wpb_text_column wpb_content_element\">\n\t\t<div class=\"wpb_wrapper\">\n\t\t\t<h5>La Norma ISO\/IEC 17025:2017, nos proporciona los requisitos necesarios que deben cumplir los laboratorios de ensayo y calibraci\u00f3n, facilitando la armonizaci\u00f3n de criterios de calidad. El objetivo principal de \u00e9sta es garantizar la competencia t\u00e9cnica y la fiabilidad de los resultados anal\u00edticos. Nuestra acreditaci\u00f3n en ocho magnitudes diferentes, es el pin\u00e1culo del servicio, pues detr\u00e1s de esto, se encuentran metr\u00f3logos altamente capacitados al mando de una selecci\u00f3n de patrones y m\u00e1quinas de pruebas de notable precisi\u00f3n y exactitud, que dentro de nuestro laboratorio en \u00f3ptimas condiciones de funcionalidad de acuerdo a la normativa, ofrecen las mejores incertidumbres del mercado, en cada uno de nuestros certificados de calibraci\u00f3n.<\/h5>\n\n\t\t<\/div>\n\t<\/div>\n\n\t<div class=\"wpb_single_image wpb_content_element vc_align_center\">\n\t\t\n\t\t<figure class=\"wpb_wrapper vc_figure\">\n\t\t\t<div class=\"vc_single_image-wrapper   vc_box_border_grey\"><img loading=\"lazy\" decoding=\"async\" width=\"660\" height=\"454\" src=\"https:\/\/www.miasa.com.mx\/wp-content\/uploads\/2022\/01\/Inspector_MainVisual_Car_0-1024x704.png\" class=\"vc_single_image-img attachment-large\" alt=\"\" srcset=\"https:\/\/www.miasa.com.mx\/wp-content\/uploads\/2022\/01\/Inspector_MainVisual_Car_0-1024x704.png 1024w, https:\/\/www.miasa.com.mx\/wp-content\/uploads\/2022\/01\/Inspector_MainVisual_Car_0-300x206.png 300w, https:\/\/www.miasa.com.mx\/wp-content\/uploads\/2022\/01\/Inspector_MainVisual_Car_0-768x528.png 768w, https:\/\/www.miasa.com.mx\/wp-content\/uploads\/2022\/01\/Inspector_MainVisual_Car_0.png 1500w\" sizes=\"auto, (max-width: 660px) 100vw, 660px\" \/><\/div>\n\t\t<\/figure>\n\t<\/div>\n\n\t<div class=\"wpb_text_column wpb_content_element\">\n\t\t<div class=\"wpb_wrapper\">\n\t\t\t<h1>Ahora las pruebas dimensionales tambi\u00e9n son acreditadas.<\/h1>\n\n\t\t<\/div>\n\t<\/div>\n\n\t<div class=\"wpb_text_column wpb_content_element\">\n\t\t<div class=\"wpb_wrapper\">\n\t\t\t<h5>Esta nueva acreditaci\u00f3n ahora nos permite realizar pruebas dimensionales en fixtures, piezas y componentes del sector automotor, inyecci\u00f3n de pl\u00e1stico, metalmec\u00e1nica y pr\u00e1cticamente cualquier aplicaci\u00f3n con materiales tales como, distintos tipos de metales y pl\u00e1sticos, que permitan resultados como inspecci\u00f3n de perfil, contorno, aspereza y medici\u00f3n dimensional en general.<\/h5>\n\n\t\t<\/div>\n\t<\/div>\n\n\t<div class=\"wpb_single_image wpb_content_element vc_align_left\">\n\t\t\n\t\t<figure class=\"wpb_wrapper vc_figure\">\n\t\t\t<div class=\"vc_single_image-wrapper   vc_box_border_grey\"><img loading=\"lazy\" decoding=\"async\" width=\"824\" height=\"462\" src=\"https:\/\/www.miasa.com.mx\/wp-content\/uploads\/2022\/01\/CAD.png\" class=\"vc_single_image-img attachment-full\" alt=\"\" srcset=\"https:\/\/www.miasa.com.mx\/wp-content\/uploads\/2022\/01\/CAD.png 824w, https:\/\/www.miasa.com.mx\/wp-content\/uploads\/2022\/01\/CAD-300x168.png 300w, https:\/\/www.miasa.com.mx\/wp-content\/uploads\/2022\/01\/CAD-768x431.png 768w\" sizes=\"auto, (max-width: 824px) 100vw, 824px\" \/><\/div>\n\t\t<\/figure>\n\t<\/div>\n\n\t<div class=\"wpb_text_column wpb_content_element\">\n\t\t<div class=\"wpb_wrapper\">\n\t\t\t<h1>Visualiza el certificado actualizado aqu\u00ed.<\/h1>\n\n\t\t<\/div>\n\t<\/div>\n<div class=\"vc_btn3-container vc_btn3-center\"><a class=\"vc_general vc_btn3 vc_btn3-size-md vc_btn3-shape-round vc_btn3-style-outline vc_btn3-color-black\" href=\"https:\/\/www.miasa.com.mx\/wp-content\/uploads\/2022\/03\/L22-192-Metrologia-e-Ingenieria-Testing.pdf\" title=\"\">Certificate of accreditation L22-192 for inspection.<\/a><\/div>\n<\/div><\/div><\/div><div class=\"wpb_column vc_column_container vc_col-sm-3\"><div class=\"vc_column-inner\"><div class=\"wpb_wrapper\">\n\t<div class=\"wpb_single_image wpb_content_element vc_align_left\">\n\t\t\n\t\t<figure class=\"wpb_wrapper vc_figure\">\n\t\t\t<div class=\"vc_single_image-wrapper   vc_box_border_grey\"><img loading=\"lazy\" decoding=\"async\" width=\"3487\" height=\"10233\" src=\"https:\/\/www.miasa.com.mx\/wp-content\/uploads\/2022\/03\/ALINE3.png\" class=\"vc_single_image-img attachment-full\" alt=\"\" srcset=\"https:\/\/www.miasa.com.mx\/wp-content\/uploads\/2022\/03\/ALINE3.png 3487w, https:\/\/www.miasa.com.mx\/wp-content\/uploads\/2022\/03\/ALINE3-102x300.png 102w, https:\/\/www.miasa.com.mx\/wp-content\/uploads\/2022\/03\/ALINE3-349x1024.png 349w, https:\/\/www.miasa.com.mx\/wp-content\/uploads\/2022\/03\/ALINE3-768x2254.png 768w, https:\/\/www.miasa.com.mx\/wp-content\/uploads\/2022\/03\/ALINE3-523x1536.png 523w, https:\/\/www.miasa.com.mx\/wp-content\/uploads\/2022\/03\/ALINE3-698x2048.png 698w\" sizes=\"auto, (max-width: 3487px) 100vw, 3487px\" \/><\/div>\n\t\t<\/figure>\n\t<\/div>\n<style type=\"text\/css\">.vc_btn3-style-gradient.vc_btn-gradient-btn-6a09d4bc97d61:hover{color: #fff;background-color: #f79468;border: none;background-position: 100% 0;}<\/style><style type=\"text\/css\">.vc_btn3-style-gradient.vc_btn-gradient-btn-6a09d4bc97d61{color: #fff;border: none;background-color: #f4524d;background-image: -webkit-linear-gradient(left, #f4524d 0%, #f79468 50%,#f4524d 100%);background-image: linear-gradient(to right, #f4524d 0%, #f79468 50%,#f4524d 100%);-webkit-transition: all .2s ease-in-out;transition: all .2s ease-in-out;background-size: 200% 100%;}<\/style><div class=\"vc_btn3-container vc_btn3-center\"><a data-vc-gradient-1=\"#f4524d\" data-vc-gradient-2=\"#f79468\" class=\"vc_general vc_btn3 vc_btn3-size-md vc_btn3-shape-round vc_btn3-style-gradient vc_btn3-block vc_btn-gradient-btn-6a09d4bc97d61\" href=\"https:\/\/www.miasa.com.mx\/en\/trimosmeasurement\/\" title=\"Trimos\">Conoce m\u00e1s aqui.<\/a><\/div>\n<\/div><\/div><\/div><\/div>","protected":false},"excerpt":{"rendered":"Blog Miasa. Aqu\u00ed conocer\u00e1s nuestras \u00faltimas noticias. Actualizaci\u00f3n en nuestros alcances. Cada a\u00f1o nos proponemos la meta de agregar nuevos alcances a nuestro scope, y este 2022, sin dudas, no fue la excepci\u00f3n. La Norma ISO\/IEC 17025:2017, nos proporciona los requisitos necesarios que deben cumplir los laboratorios de ensayo y calibraci\u00f3n, facilitando la armonizaci\u00f3n de [...]","protected":false},"author":2,"featured_media":0,"parent":13440,"menu_order":1,"comment_status":"closed","ping_status":"closed","template":"homepage-template.php","meta":{"footnotes":""},"class_list":["post-14820","page","type-page","status-publish","hentry"],"_links":{"self":[{"href":"https:\/\/www.miasa.com.mx\/en\/wp-json\/wp\/v2\/pages\/14820","targetHints":{"allow":["GET"]}}],"collection":[{"href":"https:\/\/www.miasa.com.mx\/en\/wp-json\/wp\/v2\/pages"}],"about":[{"href":"https:\/\/www.miasa.com.mx\/en\/wp-json\/wp\/v2\/types\/page"}],"author":[{"embeddable":true,"href":"https:\/\/www.miasa.com.mx\/en\/wp-json\/wp\/v2\/users\/2"}],"replies":[{"embeddable":true,"href":"https:\/\/www.miasa.com.mx\/en\/wp-json\/wp\/v2\/comments?post=14820"}],"version-history":[{"count":3,"href":"https:\/\/www.miasa.com.mx\/en\/wp-json\/wp\/v2\/pages\/14820\/revisions"}],"predecessor-version":[{"id":15539,"href":"https:\/\/www.miasa.com.mx\/en\/wp-json\/wp\/v2\/pages\/14820\/revisions\/15539"}],"up":[{"embeddable":true,"href":"https:\/\/www.miasa.com.mx\/en\/wp-json\/wp\/v2\/pages\/13440"}],"wp:attachment":[{"href":"https:\/\/www.miasa.com.mx\/en\/wp-json\/wp\/v2\/media?parent=14820"}],"curies":[{"name":"wp","href":"https:\/\/api.w.org\/{rel}","templated":true}]}}