{"id":15094,"date":"2022-08-15T21:31:03","date_gmt":"2022-08-15T21:31:03","guid":{"rendered":"https:\/\/www.miasa.com.mx\/?page_id=15094"},"modified":"2023-08-31T15:09:35","modified_gmt":"2023-08-31T15:09:35","slug":"blog-portatiles","status":"publish","type":"page","link":"https:\/\/www.miasa.com.mx\/en\/miasablog\/blog-portatiles\/","title":{"rendered":"MiasaBlog\u00ae &#8211; Equipos portatiles"},"content":{"rendered":"<div class=\"vc_row wpb_row vc_row-fluid vc_row-o-equal-height vc_row-o-content-middle vc_row-flex\"><div class=\"wpb_column vc_column_container vc_col-sm-6\"><div class=\"vc_column-inner\"><div class=\"wpb_wrapper\">\n\t<div class=\"wpb_text_column wpb_content_element  vc_custom_1648592384414\">\n\t\t<div class=\"wpb_wrapper\">\n\t\t\t<h1><span style=\"color: #ffffff;\">Blog Miasa.<\/span><\/h1>\n\n\t\t<\/div>\n\t<\/div>\n<\/div><\/div><\/div><div class=\"wpb_column vc_column_container vc_col-sm-6\"><div class=\"vc_column-inner\"><div class=\"wpb_wrapper\">\n\t<div class=\"wpb_text_column wpb_content_element\">\n\t\t<div class=\"wpb_wrapper\">\n\t\t\t<h5><span style=\"color: #ffffff;\">Aqu\u00ed conocer\u00e1s nuestras \u00faltimas noticias.<\/span><\/h5>\n\n\t\t<\/div>\n\t<\/div>\n<\/div><\/div><\/div><\/div><!-- Row Backgrounds --><div class=\"upb_color\" data-bg-override=\"full\" data-bg-color=\"#1c1e1f\" data-fadeout=\"\" data-fadeout-percentage=\"30\" data-parallax-content=\"\" data-parallax-content-sense=\"30\" data-row-effect-mobile-disable=\"true\" data-img-parallax-mobile-disable=\"true\" data-rtl=\"false\"  data-custom-vc-row=\"\"  data-vc=\"4.12\"  data-is_old_vc=\"\"  data-theme-support=\"\"   data-overlay=\"false\" data-overlay-color=\"\" data-overlay-pattern=\"\" data-overlay-pattern-opacity=\"\" data-overlay-pattern-size=\"\"    ><\/div><div class=\"vc_row wpb_row vc_row-fluid vc_custom_1648582472242\"><div class=\"wpb_column vc_column_container vc_col-sm-9\"><div class=\"vc_column-inner\"><div class=\"wpb_wrapper\">\n\t<div class=\"wpb_text_column wpb_content_element\">\n\t\t<div class=\"wpb_wrapper\">\n\t\t\t<h1>La importancia de los equipos port\u00e1tiles, para el control de calidad.<\/h1>\n\n\t\t<\/div>\n\t<\/div>\n\n\t<div class=\"wpb_text_column wpb_content_element\">\n\t\t<div class=\"wpb_wrapper\">\n\t\t\t<h3>Las mediciones que se consiguen con sistemas de metrolog\u00eda port\u00e1tiles no se ven afectadas por las condiciones del entorno, como vibraciones o cambios de temperatura, por lo que se muchas labores de inspecci\u00f3n y control de calidad se pueden hacer en la misma l\u00ednea de producci\u00f3n.<\/h3>\n\n\t\t<\/div>\n\t<\/div>\n\n\t<div class=\"wpb_text_column wpb_content_element\">\n\t\t<div class=\"wpb_wrapper\">\n\t\t\t<h5>Los responsables del control de calidad tienen la dif\u00edcil tarea de verificar y garantizar que las piezas fabricadas cumplan los requisitos, las especificaciones y las exigencias de los clientes. La herramienta m\u00e1s com\u00fan utilizada hasta ahora para este fin es una m\u00e1quina de medici\u00f3n por coordenadas (CMM), cuyo uso est\u00e1 muy extendido en el sector por su alta precisi\u00f3n de medici\u00f3n. Pero hoy en d\u00eda existen instrumentos de metrolog\u00eda alternativos capaces de medir con gran precisi\u00f3n a pie de taller, lo que permitir\u00e1 descargar de trabajo a la CMM, evitando que el flujo de trabajo sufra embotellamientos.<\/h5>\n\n\t\t<\/div>\n\t<\/div>\n\n\t<div class=\"wpb_video_widget wpb_content_element vc_clearfix   vc_video-aspect-ratio-169 vc_video-el-width-100 vc_video-align-left\">\n\t\t<div class=\"wpb_wrapper\">\n\t\t\t\n\t\t\t<div class=\"wpb_video_wrapper\"><iframe loading=\"lazy\" title=\"CMM CNC portable C4 - measure piece horizontal\" width=\"660\" height=\"371\" src=\"https:\/\/www.youtube.com\/embed\/Lxk7tHxSm10?feature=oembed\" frameborder=\"0\" allow=\"accelerometer; autoplay; clipboard-write; encrypted-media; gyroscope; picture-in-picture; web-share\" referrerpolicy=\"strict-origin-when-cross-origin\" allowfullscreen><\/iframe><\/div>\n\t\t<\/div>\n\t<\/div>\n\n\t<div class=\"wpb_text_column wpb_content_element\">\n\t\t<div class=\"wpb_wrapper\">\n\t\t\t<h1>Cada vez se exigen productos de mejor calidad.<\/h1>\n<h5>Los consumidores est\u00e1n cada d\u00eda m\u00e1s informados y emplean tiempo en comparar y valorar las diferentes opciones del mercado, antes de adquirir el producto perfecto. El inter\u00e9s por los productos de calidad aumenta cada a\u00f1o y para poder ofrecer lo mejor del mercado, los fabricantes son muy conscientes de que deben controlar la calidad de su producto y de su sistema de manufactura. Los controles de calidad est\u00e1n presentes en todas las etapas del proceso de fabricaci\u00f3n y deben responder a las exigencias de sus clientes. Para ello, los gerentes invierten en sofisticaos equipos de metrolog\u00eda y personal especializado.<\/h5>\n\n\t\t<\/div>\n\t<\/div>\n\n\t<div class=\"wpb_text_column wpb_content_element\">\n\t\t<div class=\"wpb_wrapper\">\n\t\t\t<h1>Cada vez las exigencias son m\u00e1s altas.<\/h1>\n<h5>Los est\u00e1ndares de control de calidad son cada vez m\u00e1s exigentes y los sistemas de control se deben optimizar para cumplir con lo exigido sin que ello suponga un mayor tiempo de fabricaci\u00f3n o retrasos en la entrega del producto al cliente. Se necesitan entonces equipos de medici\u00f3n m\u00e1s precisos, r\u00e1pidos y fiables, as\u00ed como personal cualificado en el manejo de estos sistemas.<\/h5>\n<h3>Existen dos maneras de aumentar los controles de calidad de una empresa: Aumentar la cantidad de equipos de medici\u00f3n o aumentar el personal.<\/h3>\n\n\t\t<\/div>\n\t<\/div>\n\n\t<div class=\"wpb_text_column wpb_content_element\">\n\t\t<div class=\"wpb_wrapper\">\n\t\t\t<h5>La compra de nuevos equipos de medici\u00f3n no solo supone una gran inversi\u00f3n de tiempo y dinero de manera inmediata, tambi\u00e9n supone costes de instalaci\u00f3n, mantenimiento y formaci\u00f3n de personal. Pero tambi\u00e9n hay que tener en cuenta que estos equipos ocupar\u00e1n un espacio muy valioso en el laboratorio de metrolog\u00eda, donde se deber\u00e1 controlar la temperatura, la humedad, las vibraciones o cualquier otro factor que pueda afectar a la fiabilidad de las mediciones.<\/h5>\n<h5>En cuanto a aumentar el personal, todos sabemos que no es f\u00e1cil encontrar expertos en metrolog\u00eda, por lo que las empresas optan por formar a los nuevos empleados en al manejo de la CMM, con el coste de tiempo y dinero que ello conlleva.<\/h5>\n\n\t\t<\/div>\n\t<\/div>\n\n\t<div class=\"wpb_video_widget wpb_content_element vc_clearfix   vc_video-aspect-ratio-169 vc_video-el-width-100 vc_video-align-left\">\n\t\t<div class=\"wpb_wrapper\">\n\t\t\t\n\t\t\t<div class=\"wpb_video_wrapper\"><iframe loading=\"lazy\" title=\"Trimos \ud83c\udde8\ud83c\udded: Brazos de Medici\u00f3n Articulados - Miasa\u00ae\" width=\"660\" height=\"371\" src=\"https:\/\/www.youtube.com\/embed\/DcYwc8YXxeQ?feature=oembed\" frameborder=\"0\" allow=\"accelerometer; autoplay; clipboard-write; encrypted-media; gyroscope; picture-in-picture; web-share\" referrerpolicy=\"strict-origin-when-cross-origin\" allowfullscreen><\/iframe><\/div>\n\t\t<\/div>\n\t<\/div>\n\n\t<div class=\"wpb_text_column wpb_content_element\">\n\t\t<div class=\"wpb_wrapper\">\n\t\t\t<h5>Por todo ello, no es de extra\u00f1ar que los gerentes decidan usar los equipos disponibles al m\u00e1ximo de su capacidad antes de plantearse incorporar equipos y personal nuevo. Esta decisi\u00f3n puede afectar a todo el proceso de producci\u00f3n por no poder evitar los cuellos de botella que supone hacer un buen control de calidad tal y como se exige hoy en d\u00eda.<\/h5>\n<h5>Para evitar las consecuencias de los embotellamientos en el proceso de producci\u00f3n, con la grave consecuencia de la demora en la entrega a los clientes, los responsables del control de calidad a menudo optan por reducir la frecuencia de las inspecciones o la cantidad de muestras. O decidan no hacer inspecciones en etapas intermedias y hacer s\u00f3lo la inspecci\u00f3n final antes del env\u00edo al cliente. Es evidente que esto afecta a la calidad final del producto y al tiempo de fabricaci\u00f3n, ya que es posible que muchas piezas deban rechazarse cuando ya est\u00e1n terminadas y se han comprobado como defectuosas en el \u00faltimo momento, sin posibilidad de corregirlas.<\/h5>\n\n\t\t<\/div>\n\t<\/div>\n\n\t<div class=\"wpb_single_image wpb_content_element vc_align_left\">\n\t\t\n\t\t<figure class=\"wpb_wrapper vc_figure\">\n\t\t\t<div class=\"vc_single_image-wrapper   vc_box_border_grey\"><img loading=\"lazy\" decoding=\"async\" width=\"978\" height=\"492\" src=\"https:\/\/www.miasa.com.mx\/wp-content\/uploads\/2022\/08\/c-line-dimensions.jpg\" class=\"vc_single_image-img attachment-full\" alt=\"\" srcset=\"https:\/\/www.miasa.com.mx\/wp-content\/uploads\/2022\/08\/c-line-dimensions.jpg 978w, https:\/\/www.miasa.com.mx\/wp-content\/uploads\/2022\/08\/c-line-dimensions-300x151.jpg 300w, https:\/\/www.miasa.com.mx\/wp-content\/uploads\/2022\/08\/c-line-dimensions-768x386.jpg 768w\" sizes=\"auto, (max-width: 978px) 100vw, 978px\" \/><\/div>\n\t\t<\/figure>\n\t<\/div>\n\n\t<div class=\"wpb_text_column wpb_content_element\">\n\t\t<div class=\"wpb_wrapper\">\n\t\t\t<h3>Pero esto es inevitable si saturamos la CMM con todos los trabajos de medici\u00f3n. La CMM no puede con todo, ni es todo lo \u00e1gil que requiere un control de calidad eficaz.<\/h3>\n<h5>Las ventajas de disponer de equipos de metrolog\u00eda port\u00e1til para trabajos de control de calidad en las diferentes etapas de la producci\u00f3n son muchas:<\/h5>\n<ul>\n<li>\n<h5>Flexibilidad: se pueden medir piezas de diferentes tama\u00f1os y todo tipo de texturas, tambi\u00e9n brillantes y negras.<\/h5>\n<\/li>\n<li>\n<h5>Exactitud: realiza mediciones de grado de metrolog\u00eda para descargar de trabajo las CMM.<\/h5>\n<\/li>\n<li>\n<h5>Confiabilidad: proporciona la certeza de mediciones exactas y precisas sin que se vean afectadas por el entorno.<\/h5>\n<\/li>\n<li>\n<h5>Disponibilidad: los operarios pueden disponer del equipo sin esperar turno y a pie de taller.<\/h5>\n<\/li>\n<li>\n<h5>Portabilidad: puede medir piezas fuera del laboratorio, en cualquier lugar, incluso en el exterior.<\/h5>\n<\/li>\n<li>\n<h5>Facilidad de uso: no requiere capacitaci\u00f3n cualificada y su uso es f\u00e1cil y pr\u00e1ctico. No requiere instalaci\u00f3n.<\/h5>\n<\/li>\n<li>\n<h5>Rapidez: capaz de medir en pocos minutos sin necesidad de trasladar la pieza.<\/h5>\n<\/li>\n<\/ul>\n<h1>Las empresas no se pueden permitir el lujo de renunciar a controles de calidad eficaces.<\/h1>\n\n\t\t<\/div>\n\t<\/div>\n<\/div><\/div><\/div><div class=\"wpb_column vc_column_container vc_col-sm-3\"><div class=\"vc_column-inner\"><div class=\"wpb_wrapper\">\n\t<div class=\"wpb_single_image wpb_content_element vc_align_left\">\n\t\t\n\t\t<figure class=\"wpb_wrapper vc_figure\">\n\t\t\t<div class=\"vc_single_image-wrapper   vc_box_border_grey\"><img loading=\"lazy\" decoding=\"async\" width=\"3487\" height=\"10233\" src=\"https:\/\/www.miasa.com.mx\/wp-content\/uploads\/2022\/03\/ALINE3.png\" class=\"vc_single_image-img attachment-full\" alt=\"\" srcset=\"https:\/\/www.miasa.com.mx\/wp-content\/uploads\/2022\/03\/ALINE3.png 3487w, https:\/\/www.miasa.com.mx\/wp-content\/uploads\/2022\/03\/ALINE3-102x300.png 102w, https:\/\/www.miasa.com.mx\/wp-content\/uploads\/2022\/03\/ALINE3-349x1024.png 349w, https:\/\/www.miasa.com.mx\/wp-content\/uploads\/2022\/03\/ALINE3-768x2254.png 768w, https:\/\/www.miasa.com.mx\/wp-content\/uploads\/2022\/03\/ALINE3-523x1536.png 523w, https:\/\/www.miasa.com.mx\/wp-content\/uploads\/2022\/03\/ALINE3-698x2048.png 698w\" sizes=\"auto, (max-width: 3487px) 100vw, 3487px\" \/><\/div>\n\t\t<\/figure>\n\t<\/div>\n<style type=\"text\/css\">.vc_btn3-style-gradient.vc_btn-gradient-btn-6a09d4d7317ff:hover{color: #fff;background-color: #f79468;border: none;background-position: 100% 0;}<\/style><style type=\"text\/css\">.vc_btn3-style-gradient.vc_btn-gradient-btn-6a09d4d7317ff{color: #fff;border: none;background-color: #f4524d;background-image: -webkit-linear-gradient(left, #f4524d 0%, #f79468 50%,#f4524d 100%);background-image: linear-gradient(to right, #f4524d 0%, #f79468 50%,#f4524d 100%);-webkit-transition: all .2s ease-in-out;transition: all .2s ease-in-out;background-size: 200% 100%;}<\/style><div class=\"vc_btn3-container vc_btn3-center\"><a data-vc-gradient-1=\"#f4524d\" data-vc-gradient-2=\"#f79468\" class=\"vc_general vc_btn3 vc_btn3-size-md vc_btn3-shape-round vc_btn3-style-gradient vc_btn3-block vc_btn-gradient-btn-6a09d4d7317ff\" href=\"https:\/\/www.miasa.com.mx\/en\/trimosmeasurement\/\" title=\"Trimos\">Conoce m\u00e1s aqui.<\/a><\/div>\n<\/div><\/div><\/div><\/div>","protected":false},"excerpt":{"rendered":"Blog Miasa. Aqu\u00ed conocer\u00e1s nuestras \u00faltimas noticias. La importancia de los equipos port\u00e1tiles, para el control de calidad. Las mediciones que se consiguen con sistemas de metrolog\u00eda port\u00e1tiles no se ven afectadas por las condiciones del entorno, como vibraciones o cambios de temperatura, por lo que se muchas labores de inspecci\u00f3n y control de calidad [...]","protected":false},"author":2,"featured_media":0,"parent":13440,"menu_order":3,"comment_status":"closed","ping_status":"closed","template":"homepage-template.php","meta":{"footnotes":""},"class_list":["post-15094","page","type-page","status-publish","hentry"],"_links":{"self":[{"href":"https:\/\/www.miasa.com.mx\/en\/wp-json\/wp\/v2\/pages\/15094","targetHints":{"allow":["GET"]}}],"collection":[{"href":"https:\/\/www.miasa.com.mx\/en\/wp-json\/wp\/v2\/pages"}],"about":[{"href":"https:\/\/www.miasa.com.mx\/en\/wp-json\/wp\/v2\/types\/page"}],"author":[{"embeddable":true,"href":"https:\/\/www.miasa.com.mx\/en\/wp-json\/wp\/v2\/users\/2"}],"replies":[{"embeddable":true,"href":"https:\/\/www.miasa.com.mx\/en\/wp-json\/wp\/v2\/comments?post=15094"}],"version-history":[{"count":8,"href":"https:\/\/www.miasa.com.mx\/en\/wp-json\/wp\/v2\/pages\/15094\/revisions"}],"predecessor-version":[{"id":15541,"href":"https:\/\/www.miasa.com.mx\/en\/wp-json\/wp\/v2\/pages\/15094\/revisions\/15541"}],"up":[{"embeddable":true,"href":"https:\/\/www.miasa.com.mx\/en\/wp-json\/wp\/v2\/pages\/13440"}],"wp:attachment":[{"href":"https:\/\/www.miasa.com.mx\/en\/wp-json\/wp\/v2\/media?parent=15094"}],"curies":[{"name":"wp","href":"https:\/\/api.w.org\/{rel}","templated":true}]}}