{"id":15106,"date":"2022-11-24T15:53:00","date_gmt":"2022-11-24T15:53:00","guid":{"rendered":"https:\/\/www.miasa.com.mx\/?page_id=15106"},"modified":"2023-08-31T15:09:48","modified_gmt":"2023-08-31T15:09:48","slug":"escaneres","status":"publish","type":"page","link":"https:\/\/www.miasa.com.mx\/en\/miasablog\/escaneres\/","title":{"rendered":"MiasaBlog\u00ae &#8211; Escaners"},"content":{"rendered":"<div class=\"vc_row wpb_row vc_row-fluid vc_row-o-equal-height vc_row-o-content-middle vc_row-flex\"><div class=\"wpb_column vc_column_container vc_col-sm-6\"><div class=\"vc_column-inner\"><div class=\"wpb_wrapper\">\n\t<div class=\"wpb_text_column wpb_content_element  vc_custom_1648592384414\">\n\t\t<div class=\"wpb_wrapper\">\n\t\t\t<h1><span style=\"color: #ffffff;\">Blog Miasa.<\/span><\/h1>\n\n\t\t<\/div>\n\t<\/div>\n<\/div><\/div><\/div><div class=\"wpb_column vc_column_container vc_col-sm-6\"><div class=\"vc_column-inner\"><div class=\"wpb_wrapper\">\n\t<div class=\"wpb_text_column wpb_content_element\">\n\t\t<div class=\"wpb_wrapper\">\n\t\t\t<h5><span style=\"color: #ffffff;\">Aqu\u00ed conocer\u00e1s nuestras \u00faltimas noticias.<\/span><\/h5>\n\n\t\t<\/div>\n\t<\/div>\n<\/div><\/div><\/div><\/div><!-- Row Backgrounds --><div class=\"upb_color\" data-bg-override=\"full\" data-bg-color=\"#1c1e1f\" data-fadeout=\"\" data-fadeout-percentage=\"30\" data-parallax-content=\"\" data-parallax-content-sense=\"30\" data-row-effect-mobile-disable=\"true\" data-img-parallax-mobile-disable=\"true\" data-rtl=\"false\"  data-custom-vc-row=\"\"  data-vc=\"4.12\"  data-is_old_vc=\"\"  data-theme-support=\"\"   data-overlay=\"false\" data-overlay-color=\"\" data-overlay-pattern=\"\" data-overlay-pattern-opacity=\"\" data-overlay-pattern-size=\"\"    ><\/div><div class=\"vc_row wpb_row vc_row-fluid vc_custom_1648771080613\"><div class=\"wpb_column vc_column_container vc_col-sm-9\"><div class=\"vc_column-inner\"><div class=\"wpb_wrapper\">\n\t<div class=\"wpb_single_image wpb_content_element vc_align_left\">\n\t\t\n\t\t<figure class=\"wpb_wrapper vc_figure\">\n\t\t\t<div class=\"vc_single_image-wrapper   vc_box_border_grey\"><img loading=\"lazy\" decoding=\"async\" width=\"824\" height=\"462\" src=\"https:\/\/www.miasa.com.mx\/wp-content\/uploads\/2022\/01\/CAD.png\" class=\"vc_single_image-img attachment-full\" alt=\"\" srcset=\"https:\/\/www.miasa.com.mx\/wp-content\/uploads\/2022\/01\/CAD.png 824w, https:\/\/www.miasa.com.mx\/wp-content\/uploads\/2022\/01\/CAD-300x168.png 300w, https:\/\/www.miasa.com.mx\/wp-content\/uploads\/2022\/01\/CAD-768x431.png 768w\" sizes=\"auto, (max-width: 824px) 100vw, 824px\" \/><\/div>\n\t\t<\/figure>\n\t<\/div>\n\n\t<div class=\"wpb_text_column wpb_content_element\">\n\t\t<div class=\"wpb_wrapper\">\n\t\t\t<h1>\u00bfQu\u00e9 es mejor para medir: un esc\u00e1ner de barrido l\u00e1ser o un esc\u00e1ner de fotogrametr\u00eda de luz estructurada?.<\/h1>\n\n\t\t<\/div>\n\t<\/div>\n\n\t<div class=\"wpb_text_column wpb_content_element\">\n\t\t<div class=\"wpb_wrapper\">\n\t\t\t<h2><strong><span style=\"font-family: Arial, 'sans-serif'; color: #333333;\">De acuerdo al sapo, la pedrada, dice el dicho\u2026<\/span><\/strong><\/h2>\n\n\t\t<\/div>\n\t<\/div>\n\n\t<div class=\"wpb_text_column wpb_content_element\">\n\t\t<div class=\"wpb_wrapper\">\n\t\t\t<h5>En Metrolog\u00eda es importante saber que la exactitud es un valor de aproximaci\u00f3n porcentual, donde la confianza de la medici\u00f3n est\u00e1 basado en el error del equipo de medici\u00f3n y la incertidumbre asociada.<\/h5>\n<h5>Por eso, la norma ISO establece que, para que una medici\u00f3n sea confiable, debe usarse un equipo de medici\u00f3n que tenga una exactitud de al menos la d\u00e9cima parte de la tolerancia a evaluar (es decir, una relaci\u00f3n 1:10).<\/h5>\n<h5>Ese porcentaje es muy dif\u00edcil de asegurar con un solo instrumento de medici\u00f3n, cuando una pieza tiene diversos tipos de geometr\u00eda, ya que cada tolerancia debe ser medida con diferentes equipos de medici\u00f3n para cumplir esa norma. Pero eso implica en ocasiones que se vuelva muy costosa la inversi\u00f3n en m\u00faltiples equipos de control de calidad y un proceso se encarece, dependiendo de su mercado, puede quedar fuera de competitividad ante otras empresas.<\/h5>\n<h5>Ciertamente, no hay un equipo de medici\u00f3n que actualmente pueda medir todas las caracter\u00edsticas y tolerancias necesarias que un plano de fabricaci\u00f3n exige.<\/h5>\n<h5>Aunque ya hay desarrollo hacia las CMM multisensores (conoce <a href=\"https:\/\/www.miasa.com.mx\/en\/werth\/\">Werth Messtechnik<\/a>) o esc\u00e1neres cada vez m\u00e1s exactos (conoce <a href=\"https:\/\/www.miasa.com.mx\/en\/trimosmeasurement\/a-line\/\">Trimos A-Line<\/a>).<\/h5>\n<h5>Por eso es importante evaluar la relaci\u00f3n costo\/beneficio y considerar la relaci\u00f3n exactitud vs. velocidad de inspecci\u00f3n en relaci\u00f3n con la incertidumbre de la medici\u00f3n.<\/h5>\n<h5>No necesariamente el equipo m\u00e1s caro y exacto es el mejor para la productividad que se necesita, pero igual aplica no se puede meter un equipo de medici\u00f3n por muy barato que sea, para medir un proceso si no satisface el m\u00ednimo que la tolerancia de control por especificaci\u00f3n requiere, para la manufactura de una pieza.<\/h5>\n\n\t\t<\/div>\n\t<\/div>\n\n\t<div class=\"wpb_single_image wpb_content_element vc_align_center\">\n\t\t\n\t\t<figure class=\"wpb_wrapper vc_figure\">\n\t\t\t<div class=\"vc_single_image-wrapper   vc_box_border_grey\"><img loading=\"lazy\" decoding=\"async\" width=\"601\" height=\"486\" src=\"https:\/\/www.miasa.com.mx\/wp-content\/uploads\/2022\/11\/noname.png\" class=\"vc_single_image-img attachment-large\" alt=\"\" srcset=\"https:\/\/www.miasa.com.mx\/wp-content\/uploads\/2022\/11\/noname.png 601w, https:\/\/www.miasa.com.mx\/wp-content\/uploads\/2022\/11\/noname-300x243.png 300w, https:\/\/www.miasa.com.mx\/wp-content\/uploads\/2022\/11\/noname-15x12.png 15w\" sizes=\"auto, (max-width: 601px) 100vw, 601px\" \/><\/div>\n\t\t<\/figure>\n\t<\/div>\n\n\t<div class=\"wpb_text_column wpb_content_element\">\n\t\t<div class=\"wpb_wrapper\">\n\t\t\t<h5>Actualmente, la forma de medir piezas en la magnitud dimensional, mediante sistemas de no contacto de visi\u00f3n o con barrido l\u00e1ser, han revolucionado la forma de obtener informaci\u00f3n relevante que ayuda a corregir, modificar o mejorar sistemas de producci\u00f3n de diversos tipos de piezas, de mejor forma y m\u00e1s r\u00e1pido que procesos de medici\u00f3n tradicional punto a punto de contacto.<\/h5>\n<h5>Las soluciones de medici\u00f3n por escaneo son ideales por la portabilidad que tienen para la industria automotriz, aeron\u00e1utica, metalmec\u00e1nica o de electrodom\u00e9sticos, ya que no solo miden pocos puntos de la pieza, sino que acumulan millones de puntos que reproducen fielmente la pieza escaneada.<\/h5>\n<h5>Cada vez las formas de diversos tipos de piezas, tienen combinaci\u00f3n de geom\u00e9tricas b\u00e1sica y formas curvas o amorfas, que dificultan medirlas con dispositivos de medici\u00f3n manuales.<\/h5>\n<h5>Pero los esc\u00e1neres son m\u00e1s \u00fatiles, ya que recaban miles de puntos por segundo que permiten en su propio software graficar con exactitud la duplicaci\u00f3n virtual de una pieza y salvarlo en un archivo de mallas o .stl<\/h5>\n<h5>Con ese archivo se puede obtener dimensiones directamente o mediante otro software como Polyworks se puede comparar contra su modelo CAD de dise\u00f1o y obtener las diferencias geom\u00e9tricas con tolerancias y su representaci\u00f3n por diferencias de colores.<\/h5>\n<h5>La gran ventaja de los escaneos es que el archivo de mallas contiene la informaci\u00f3n de la pieza real medida, y si es necesario se puede modificar el reporte, agregar puntos de control, reevaluar otros datos, obtener cross-section, ver colorimetr\u00eda y muchas m\u00e1s opciones que los equipos de contacto no pueden, porque solo ofrecen la informaci\u00f3n que palparon en su momento y querer m\u00e1s implica volver a medir toda la pieza.<\/h5>\n\n\t\t<\/div>\n\t<\/div>\n\n\t<div class=\"wpb_single_image wpb_content_element vc_align_center\">\n\t\t\n\t\t<figure class=\"wpb_wrapper vc_figure\">\n\t\t\t<div class=\"vc_single_image-wrapper   vc_box_border_grey\"><img loading=\"lazy\" decoding=\"async\" width=\"660\" height=\"454\" src=\"https:\/\/www.miasa.com.mx\/wp-content\/uploads\/2022\/01\/Inspector_MainVisual_Car_0-1024x704.png\" class=\"vc_single_image-img attachment-large\" alt=\"\" srcset=\"https:\/\/www.miasa.com.mx\/wp-content\/uploads\/2022\/01\/Inspector_MainVisual_Car_0-1024x704.png 1024w, https:\/\/www.miasa.com.mx\/wp-content\/uploads\/2022\/01\/Inspector_MainVisual_Car_0-300x206.png 300w, https:\/\/www.miasa.com.mx\/wp-content\/uploads\/2022\/01\/Inspector_MainVisual_Car_0-768x528.png 768w, https:\/\/www.miasa.com.mx\/wp-content\/uploads\/2022\/01\/Inspector_MainVisual_Car_0.png 1500w\" sizes=\"auto, (max-width: 660px) 100vw, 660px\" \/><\/div>\n\t\t<\/figure>\n\t<\/div>\n\n\t<div class=\"wpb_text_column wpb_content_element\">\n\t\t<div class=\"wpb_wrapper\">\n\t\t\t<h5>Los esc\u00e1neres de barrido l\u00e1ser (Trimos ScanSurf)\u00a0 pueden ser de luz azul o roja, y tienen capacidad de generar hasta 384,000 puntos por segundo, grabando puntos de rebote, permitiendo al l\u00e1ser medir la distancia desde el esc\u00e1ner hacia la pieza y enviando la informaci\u00f3n de coordenadas X, Y, Z al software para ir duplicando la pieza en una nube de puntos, la cual al finalizar es transformada matem\u00e1ticamente en una malla poligonal (que es el proceso de conexi\u00f3n por l\u00edneas de cada \u00a03 puntos contiguos, formando tri\u00e1ngulos continuos).<\/h5>\n\n\t\t<\/div>\n\t<\/div>\n\n\t<div class=\"wpb_single_image wpb_content_element vc_align_center\">\n\t\t\n\t\t<figure class=\"wpb_wrapper vc_figure\">\n\t\t\t<div class=\"vc_single_image-wrapper   vc_box_border_grey\"><img loading=\"lazy\" decoding=\"async\" width=\"2010\" height=\"2010\" src=\"https:\/\/www.miasa.com.mx\/wp-content\/uploads\/2022\/11\/10.png\" class=\"vc_single_image-img attachment-full\" alt=\"\" srcset=\"https:\/\/www.miasa.com.mx\/wp-content\/uploads\/2022\/11\/10.png 2010w, https:\/\/www.miasa.com.mx\/wp-content\/uploads\/2022\/11\/10-300x300.png 300w, https:\/\/www.miasa.com.mx\/wp-content\/uploads\/2022\/11\/10-1024x1024.png 1024w, https:\/\/www.miasa.com.mx\/wp-content\/uploads\/2022\/11\/10-150x150.png 150w, https:\/\/www.miasa.com.mx\/wp-content\/uploads\/2022\/11\/10-768x768.png 768w, https:\/\/www.miasa.com.mx\/wp-content\/uploads\/2022\/11\/10-1536x1536.png 1536w, https:\/\/www.miasa.com.mx\/wp-content\/uploads\/2022\/11\/10-12x12.png 12w\" sizes=\"auto, (max-width: 2010px) 100vw, 2010px\" \/><\/div>\n\t\t<\/figure>\n\t<\/div>\n\n\t<div class=\"wpb_text_column wpb_content_element\">\n\t\t<div class=\"wpb_wrapper\">\n\t\t\t<h5>Los esc\u00e1neres de fotogrametr\u00eda de luz azul estructurada, usan dos c\u00e1maras para fotografiar un patr\u00f3n de luz proveniente de un proyector de alta luminosidad que emite una imagen de rayas sobre la pieza y va movi\u00e9ndose ese patr\u00f3n a intervalos regulares sincronizado con las obturaciones de las c\u00e1maras.<\/h5>\n<h5>Despu\u00e9s el software se encarga de unificar autom\u00e1ticamente todas las im\u00e1genes respecto a referencias codificadas, para triangular la posici\u00f3n de referencia de todas las im\u00e1genes y convirtiendo cada pixel en puntos de coordenadas X, Y, Z para que el software duplique la imagen que visualiza con una alta exactitud, esos puntos al finalizar es transformada a malla poligonal.<\/h5>\n\n\t\t<\/div>\n\t<\/div>\n\n\t<div class=\"wpb_single_image wpb_content_element vc_align_center\">\n\t\t\n\t\t<figure class=\"wpb_wrapper vc_figure\">\n\t\t\t<div class=\"vc_single_image-wrapper   vc_box_border_grey\"><img loading=\"lazy\" decoding=\"async\" width=\"600\" height=\"657\" src=\"https:\/\/www.miasa.com.mx\/wp-content\/uploads\/2022\/11\/3-e1669305994384.png\" class=\"vc_single_image-img attachment-full\" alt=\"\" srcset=\"https:\/\/www.miasa.com.mx\/wp-content\/uploads\/2022\/11\/3-e1669305994384.png 600w, https:\/\/www.miasa.com.mx\/wp-content\/uploads\/2022\/11\/3-e1669305994384-274x300.png 274w, https:\/\/www.miasa.com.mx\/wp-content\/uploads\/2022\/11\/3-e1669305994384-11x12.png 11w\" sizes=\"auto, (max-width: 600px) 100vw, 600px\" \/><\/div>\n\t\t<\/figure>\n\t<\/div>\n\n\t<div class=\"wpb_text_column wpb_content_element\">\n\t\t<div class=\"wpb_wrapper\">\n\t\t\t<h5>Ahora bien, la exactitud en volumen de cada equipo est\u00e1 descrita en el error volum\u00e9trico de su especificaci\u00f3n t\u00e9cnica y de acuerdo al protocolo de calibraci\u00f3n de la norma internacional VDI\/VDE 2634 y la norma ISO10360-8<\/h5>\n<h5>Los de barridos l\u00e1ser, por ejemplo, comienzan en exactitudes volum\u00e9tricas de:<\/h5>\n<h5>u3 = 0.015 + 0.035 L, mm, (L en m), es decir que en un metro c\u00fabico m\u00e1ximo se tendr\u00e1 un error en volumen de 0.050 mm,<\/h5>\n<h5>Su gran impacto es por la gran velocidad a la que miden, lo que los hace ideales para muchas aplicaciones de control de calidad o ingenier\u00eda inversa.<\/h5>\n<h5><\/h5>\n<h5>Los de fotogrametr\u00eda de luz estructurada azul, tienen exactitudes desde 0.006 mm, y de forma est\u00e1ndar dan errores menores a 0.010 mm en algunos otros modelos.<\/h5>\n<h5>Aunque su campo de medici\u00f3n es m\u00e1s peque\u00f1o y el proceso de medici\u00f3n tarda m\u00e1s que los esc\u00e1neres de barrido l\u00e1ser, pero aseguran mayor exactitud<\/h5>\n\n\t\t<\/div>\n\t<\/div>\n\n\t<div class=\"wpb_text_column wpb_content_element\">\n\t\t<div class=\"wpb_wrapper\">\n\t\t\t<h2>La lucha constante entre exactitud vs. velocidad de medici\u00f3n.<\/h2>\n\n\t\t<\/div>\n\t<\/div>\n\n\t<div class=\"wpb_text_column wpb_content_element\">\n\t\t<div class=\"wpb_wrapper\">\n\t\t\t<h5>Por lo que si se tiene piezas de estampado met\u00e1lico, piezas de pl\u00e1stico, piezas grandes de construcci\u00f3n, piezas de aeron\u00e1utica, sus tolerancias regularmente son mayores a 0.15 mm, la mejor soluci\u00f3n son los esc\u00e1neres l\u00e1ser de barrido como los ofrecidos por Trimos.<\/h5>\n<h5>Pero la mayor\u00eda de los esc\u00e1neres ya no son viables para tolerancias m\u00e1s bajas de 0.030 mm, en ese punto es m\u00e1s recomendable usar una CMM u otros equipos de medici\u00f3n de contacto como los ofrecidos por Werth Messtechnik y dispositivos de palpado.<\/h5>\n\n\t\t<\/div>\n\t<\/div>\n\n\t<div class=\"wpb_text_column wpb_content_element\">\n\t\t<div class=\"wpb_wrapper\">\n\t\t\t<h1>No te compliques, tenemos la soluci\u00f3n a tus necesidades, nosotros realizamos este servicio acreditado.<\/h1>\n\n\t\t<\/div>\n\t<\/div>\n<div class=\"vc_btn3-container vc_btn3-center\"><a class=\"vc_general vc_btn3 vc_btn3-size-md vc_btn3-shape-round vc_btn3-style-outline vc_btn3-color-black\" href=\"https:\/\/www.miasa.com.mx\/wp-content\/uploads\/2022\/03\/L22-192-Metrologia-e-Ingenieria-Testing.pdf\" title=\"\">Certificate of accreditation L22-192 for inspection.<\/a><\/div>\n<\/div><\/div><\/div><div class=\"wpb_column vc_column_container vc_col-sm-3\"><div class=\"vc_column-inner\"><div class=\"wpb_wrapper\">\n\t<div class=\"wpb_single_image wpb_content_element vc_align_left\">\n\t\t\n\t\t<figure class=\"wpb_wrapper vc_figure\">\n\t\t\t<div class=\"vc_single_image-wrapper   vc_box_border_grey\"><img loading=\"lazy\" decoding=\"async\" width=\"3487\" height=\"10233\" src=\"https:\/\/www.miasa.com.mx\/wp-content\/uploads\/2022\/03\/ALINE3.png\" class=\"vc_single_image-img attachment-full\" alt=\"\" srcset=\"https:\/\/www.miasa.com.mx\/wp-content\/uploads\/2022\/03\/ALINE3.png 3487w, https:\/\/www.miasa.com.mx\/wp-content\/uploads\/2022\/03\/ALINE3-102x300.png 102w, https:\/\/www.miasa.com.mx\/wp-content\/uploads\/2022\/03\/ALINE3-349x1024.png 349w, https:\/\/www.miasa.com.mx\/wp-content\/uploads\/2022\/03\/ALINE3-768x2254.png 768w, https:\/\/www.miasa.com.mx\/wp-content\/uploads\/2022\/03\/ALINE3-523x1536.png 523w, https:\/\/www.miasa.com.mx\/wp-content\/uploads\/2022\/03\/ALINE3-698x2048.png 698w\" sizes=\"auto, (max-width: 3487px) 100vw, 3487px\" \/><\/div>\n\t\t<\/figure>\n\t<\/div>\n<style type=\"text\/css\">.vc_btn3-style-gradient.vc_btn-gradient-btn-6a09d34d1d000:hover{color: #fff;background-color: #f79468;border: none;background-position: 100% 0;}<\/style><style type=\"text\/css\">.vc_btn3-style-gradient.vc_btn-gradient-btn-6a09d34d1d000{color: #fff;border: none;background-color: #f4524d;background-image: -webkit-linear-gradient(left, #f4524d 0%, #f79468 50%,#f4524d 100%);background-image: linear-gradient(to right, #f4524d 0%, #f79468 50%,#f4524d 100%);-webkit-transition: all .2s ease-in-out;transition: all .2s ease-in-out;background-size: 200% 100%;}<\/style><div class=\"vc_btn3-container vc_btn3-center\"><a data-vc-gradient-1=\"#f4524d\" data-vc-gradient-2=\"#f79468\" class=\"vc_general vc_btn3 vc_btn3-size-md vc_btn3-shape-round vc_btn3-style-gradient vc_btn3-block vc_btn-gradient-btn-6a09d34d1d000\" href=\"https:\/\/www.miasa.com.mx\/en\/trimosmeasurement\/\" title=\"Trimos\">Conoce m\u00e1s aqui.<\/a><\/div>\n<\/div><\/div><\/div><\/div>","protected":false},"excerpt":{"rendered":"Blog Miasa. Aqu\u00ed conocer\u00e1s nuestras \u00faltimas noticias. \u00bfQu\u00e9 es mejor para medir: un esc\u00e1ner de barrido l\u00e1ser o un esc\u00e1ner de fotogrametr\u00eda de luz estructurada?. De acuerdo al sapo, la pedrada, dice el dicho\u2026 En Metrolog\u00eda es importante saber que la exactitud es un valor de aproximaci\u00f3n porcentual, donde la confianza de la medici\u00f3n est\u00e1 [...]","protected":false},"author":2,"featured_media":0,"parent":13440,"menu_order":4,"comment_status":"closed","ping_status":"closed","template":"homepage-template.php","meta":{"footnotes":""},"class_list":["post-15106","page","type-page","status-publish","hentry"],"_links":{"self":[{"href":"https:\/\/www.miasa.com.mx\/en\/wp-json\/wp\/v2\/pages\/15106","targetHints":{"allow":["GET"]}}],"collection":[{"href":"https:\/\/www.miasa.com.mx\/en\/wp-json\/wp\/v2\/pages"}],"about":[{"href":"https:\/\/www.miasa.com.mx\/en\/wp-json\/wp\/v2\/types\/page"}],"author":[{"embeddable":true,"href":"https:\/\/www.miasa.com.mx\/en\/wp-json\/wp\/v2\/users\/2"}],"replies":[{"embeddable":true,"href":"https:\/\/www.miasa.com.mx\/en\/wp-json\/wp\/v2\/comments?post=15106"}],"version-history":[{"count":6,"href":"https:\/\/www.miasa.com.mx\/en\/wp-json\/wp\/v2\/pages\/15106\/revisions"}],"predecessor-version":[{"id":15542,"href":"https:\/\/www.miasa.com.mx\/en\/wp-json\/wp\/v2\/pages\/15106\/revisions\/15542"}],"up":[{"embeddable":true,"href":"https:\/\/www.miasa.com.mx\/en\/wp-json\/wp\/v2\/pages\/13440"}],"wp:attachment":[{"href":"https:\/\/www.miasa.com.mx\/en\/wp-json\/wp\/v2\/media?parent=15106"}],"curies":[{"name":"wp","href":"https:\/\/api.w.org\/{rel}","templated":true}]}}