{"id":15342,"date":"2022-12-07T16:15:34","date_gmt":"2022-12-07T16:15:34","guid":{"rendered":"https:\/\/www.miasa.com.mx\/?page_id=15342"},"modified":"2023-08-31T15:10:21","modified_gmt":"2023-08-31T15:10:21","slug":"fifa-catar-2022","status":"publish","type":"page","link":"https:\/\/www.miasa.com.mx\/en\/miasablog\/fifa-catar-2022\/","title":{"rendered":"MiasaBlog\u00ae &#8211; FIFA Catar 2022"},"content":{"rendered":"<div class=\"vc_row wpb_row vc_row-fluid vc_row-o-equal-height vc_row-o-content-middle vc_row-flex\"><div class=\"wpb_column vc_column_container vc_col-sm-6\"><div class=\"vc_column-inner\"><div class=\"wpb_wrapper\">\n\t<div class=\"wpb_text_column wpb_content_element  vc_custom_1648592384414\">\n\t\t<div class=\"wpb_wrapper\">\n\t\t\t<h1><span style=\"color: #ffffff;\">Blog Miasa.<\/span><\/h1>\n\n\t\t<\/div>\n\t<\/div>\n<\/div><\/div><\/div><div class=\"wpb_column vc_column_container vc_col-sm-6\"><div class=\"vc_column-inner\"><div class=\"wpb_wrapper\">\n\t<div class=\"wpb_text_column wpb_content_element\">\n\t\t<div class=\"wpb_wrapper\">\n\t\t\t<h5><span style=\"color: #ffffff;\">Aqu\u00ed conocer\u00e1s nuestras \u00faltimas noticias.<\/span><\/h5>\n\n\t\t<\/div>\n\t<\/div>\n<\/div><\/div><\/div><\/div><!-- Row Backgrounds --><div class=\"upb_color\" data-bg-override=\"full\" data-bg-color=\"#1c1e1f\" data-fadeout=\"\" data-fadeout-percentage=\"30\" data-parallax-content=\"\" data-parallax-content-sense=\"30\" data-row-effect-mobile-disable=\"true\" data-img-parallax-mobile-disable=\"true\" data-rtl=\"false\"  data-custom-vc-row=\"\"  data-vc=\"4.12\"  data-is_old_vc=\"\"  data-theme-support=\"\"   data-overlay=\"false\" data-overlay-color=\"\" data-overlay-pattern=\"\" data-overlay-pattern-opacity=\"\" data-overlay-pattern-size=\"\"    ><\/div><div class=\"vc_row wpb_row vc_row-fluid vc_custom_1648582472242\"><div class=\"wpb_column vc_column_container vc_col-sm-9\"><div class=\"vc_column-inner\"><div class=\"wpb_wrapper\">\n\t<div class=\"wpb_text_column wpb_content_element\">\n\t\t<div class=\"wpb_wrapper\">\n\t\t\t<h1>La metrolog\u00eda detr\u00e1s de la Copa Mundial de la FIFA Catar 2022\u2122.<\/h1>\n\n\t\t<\/div>\n\t<\/div>\n\n\t<div class=\"wpb_single_image wpb_content_element vc_align_center\">\n\t\t\n\t\t<figure class=\"wpb_wrapper vc_figure\">\n\t\t\t<div class=\"vc_single_image-wrapper   vc_box_border_grey\"><img loading=\"lazy\" decoding=\"async\" width=\"1980\" height=\"1108\" src=\"https:\/\/www.miasa.com.mx\/wp-content\/uploads\/2022\/12\/WMOJCL27KNEN5HIGUAZJRBPMDI.jpg\" class=\"vc_single_image-img attachment-full\" alt=\"\" srcset=\"https:\/\/www.miasa.com.mx\/wp-content\/uploads\/2022\/12\/WMOJCL27KNEN5HIGUAZJRBPMDI.jpg 1980w, https:\/\/www.miasa.com.mx\/wp-content\/uploads\/2022\/12\/WMOJCL27KNEN5HIGUAZJRBPMDI-300x168.jpg 300w, https:\/\/www.miasa.com.mx\/wp-content\/uploads\/2022\/12\/WMOJCL27KNEN5HIGUAZJRBPMDI-1024x573.jpg 1024w, https:\/\/www.miasa.com.mx\/wp-content\/uploads\/2022\/12\/WMOJCL27KNEN5HIGUAZJRBPMDI-768x430.jpg 768w, https:\/\/www.miasa.com.mx\/wp-content\/uploads\/2022\/12\/WMOJCL27KNEN5HIGUAZJRBPMDI-1536x860.jpg 1536w, https:\/\/www.miasa.com.mx\/wp-content\/uploads\/2022\/12\/WMOJCL27KNEN5HIGUAZJRBPMDI-18x10.jpg 18w\" sizes=\"auto, (max-width: 1980px) 100vw, 1980px\" \/><\/div>\n\t\t<\/figure>\n\t<\/div>\n\n\t<div class=\"wpb_text_column wpb_content_element\">\n\t\t<div class=\"wpb_wrapper\">\n\t\t\t<h2 class=\"hero-article_heroTitle__CFWlc\">La tecnolog\u00eda semiautomatizada usada en la Copa Mundial de la FIFA Catar 2022\u2122 para la detecci\u00f3n del fuera de juego.<\/h2>\n\n\t\t<\/div>\n\t<\/div>\n\n\t<div class=\"wpb_text_column wpb_content_element\">\n\t\t<div class=\"wpb_wrapper\">\n\t\t\t<div class=\"undefined\">\n<h5 class=\"p-large ff-text-grey-slate\">El sistema ayuda a los equipos arbitrales de v\u00eddeo y a los \u00e1rbitros sobre el terreno de juego a adoptar decisiones m\u00e1s r\u00e1pidas, precisas y fiables en la competici\u00f3n futbol\u00edstica m\u00e1s importante del mundo.<\/h5>\n<\/div>\n<div class=\"undefined\">\n<h5 class=\"p-large ff-text-grey-slate\">Tras el \u00e9xito de la tecnolog\u00eda del VAR en la Copa Mundial de la FIFA Rusia 2018\u2122, el presidente Gianni Infantino manifest\u00f3 en la <i>Visi\u00f3n 2020-23<\/i> que la FIFA aprovechar\u00eda todas las posibilidades que ofrece la tecnolog\u00eda en el f\u00fatbol y seguir\u00eda mejorando el VAR. En los tres a\u00f1os transcurridos desde estas declaraciones, la FIFA ha mantenido el f\u00fatbol en la vanguardia tecnol\u00f3gica.<\/h5>\n<\/div>\n<div class=\"undefined\">\n<h5 class=\"p-large ff-text-grey-slate\">Con la colaboraci\u00f3n de adidas y varios socios, especialmente con el Grupo de trabajo para la excelencia en la innovaci\u00f3n y sus correspondientes proveedores de tecnolog\u00eda, la FIFA ha perfeccionado el sistema de videoarbitraje, que incluye el uso de la tecnolog\u00eda semiautomatizada para la detecci\u00f3n del fuera de juego y en el que la metrolog\u00eda es pieza fundamental para su desarrollo.<\/h5>\n<\/div>\n\n\t\t<\/div>\n\t<\/div>\n\n\t<div class=\"wpb_video_widget wpb_content_element vc_clearfix   vc_video-aspect-ratio-169 vc_video-el-width-100 vc_video-align-left\">\n\t\t<div class=\"wpb_wrapper\">\n\t\t\t\n\t\t\t<div class=\"wpb_video_wrapper\"><iframe loading=\"lazy\" title=\"Animation explaining FIFA&#039;s semi-automated offside for Qatar 2022\" width=\"660\" height=\"371\" src=\"https:\/\/www.youtube.com\/embed\/N-ZDeH5MgOc?feature=oembed\" frameborder=\"0\" allow=\"accelerometer; autoplay; clipboard-write; encrypted-media; gyroscope; picture-in-picture; web-share\" referrerpolicy=\"strict-origin-when-cross-origin\" allowfullscreen><\/iframe><\/div>\n\t\t<\/div>\n\t<\/div>\n\n\t<div class=\"wpb_text_column wpb_content_element\">\n\t\t<div class=\"wpb_wrapper\">\n\t\t\t<div class=\"undefined\">\n<h5 class=\"p-large ff-text-grey-slate\">Doce c\u00e1maras instaladas bajo la cubierta del estadio captan los movimientos del bal\u00f3n y hasta 29 puntos de datos de cada jugador, 50 veces por segundo, para calcular sus posiciones exactas sobre el terreno de juego. Los 29 grupos de datos recopilados incluyen las extremidades y partes del cuerpo que se tienen en cuenta para se\u00f1alar un fuera de juego.<\/h5>\n<\/div>\n<div class=\"undefined\">\n<h5 class=\"p-large ff-text-grey-slate\">El bal\u00f3n oficial de Catar 2022\u2122, Al Rihla de adidas, incluir\u00e1 en su interior un elemento decisivo para la detecci\u00f3n de las posiciones antirreglamentarias dudosas: una unidad de medici\u00f3n inercial (IMU por sus siglas en ingl\u00e9s). Este sensor, situado en el centro del bal\u00f3n, env\u00eda un paquete de datos 500 veces por segundo a la sala de v\u00eddeo, lo que permite detectar con absoluta precisi\u00f3n el momento exacto en el que se golpea el bal\u00f3n.<\/h5>\n<\/div>\n\n\t\t<\/div>\n\t<\/div>\n\n\t<div class=\"wpb_single_image wpb_content_element vc_align_center\">\n\t\t\n\t\t<figure class=\"wpb_wrapper vc_figure\">\n\t\t\t<div class=\"vc_single_image-wrapper   vc_box_border_grey\"><img loading=\"lazy\" decoding=\"async\" width=\"2048\" height=\"1315\" src=\"https:\/\/www.miasa.com.mx\/wp-content\/uploads\/2022\/12\/Semi-automated-offside-technology-to-be-used-at-FIFA-World-Cup-2022-3.webp\" class=\"vc_single_image-img attachment-full\" alt=\"\" srcset=\"https:\/\/www.miasa.com.mx\/wp-content\/uploads\/2022\/12\/Semi-automated-offside-technology-to-be-used-at-FIFA-World-Cup-2022-3.webp 2048w, https:\/\/www.miasa.com.mx\/wp-content\/uploads\/2022\/12\/Semi-automated-offside-technology-to-be-used-at-FIFA-World-Cup-2022-3-300x193.webp 300w, https:\/\/www.miasa.com.mx\/wp-content\/uploads\/2022\/12\/Semi-automated-offside-technology-to-be-used-at-FIFA-World-Cup-2022-3-1024x658.webp 1024w, https:\/\/www.miasa.com.mx\/wp-content\/uploads\/2022\/12\/Semi-automated-offside-technology-to-be-used-at-FIFA-World-Cup-2022-3-768x493.webp 768w, https:\/\/www.miasa.com.mx\/wp-content\/uploads\/2022\/12\/Semi-automated-offside-technology-to-be-used-at-FIFA-World-Cup-2022-3-1536x986.webp 1536w, https:\/\/www.miasa.com.mx\/wp-content\/uploads\/2022\/12\/Semi-automated-offside-technology-to-be-used-at-FIFA-World-Cup-2022-3-18x12.webp 18w, https:\/\/www.miasa.com.mx\/wp-content\/uploads\/2022\/12\/Semi-automated-offside-technology-to-be-used-at-FIFA-World-Cup-2022-3-250x160.webp 250w\" sizes=\"auto, (max-width: 2048px) 100vw, 2048px\" \/><\/div>\n\t\t<\/figure>\n\t<\/div>\n\n\t<div class=\"wpb_text_column wpb_content_element\">\n\t\t<div class=\"wpb_wrapper\">\n\t\t\t<h5>Con la mezcla de datos de seguimiento de las extremidades de los jugadores y de la pelota, y mediante la inteligencia artificial, la nueva tecnolog\u00eda suministra un aviso autom\u00e1tico a la sala de v\u00eddeo, siempre que reciba un bal\u00f3n, un atacante que se encontraba en posici\u00f3n antirreglamentaria en el momento en que su compa\u00f1ero jug\u00f3 el esf\u00e9rico. Para corroborar su propuesta antes de informar sobre ella al \u00e1rbitro principal, el equipo arbitral de v\u00eddeo comprueba manualmente el momento exacto del golpeo que han proporcionado los datos, as\u00ed como la l\u00ednea de fuera de juego, tambi\u00e9n creada autom\u00e1ticamente y basada en las posiciones de las extremidades del jugador que el sistema ha calculado. Como dura muy pocos segundos, el proceso permite adoptar decisiones m\u00e1s r\u00e1pidas y certeras..<\/h5>\n\n\t\t<\/div>\n\t<\/div>\n\n\t<div class=\"wpb_single_image wpb_content_element vc_align_left\">\n\t\t\n\t\t<figure class=\"wpb_wrapper vc_figure\">\n\t\t\t<div class=\"vc_single_image-wrapper   vc_box_border_grey\"><img loading=\"lazy\" decoding=\"async\" width=\"1920\" height=\"1080\" src=\"https:\/\/www.miasa.com.mx\/wp-content\/uploads\/2022\/12\/Semi-automated-offside-technology-to-be-used-at-FIFA-World-Cup-2022.webp\" class=\"vc_single_image-img attachment-full\" alt=\"\" srcset=\"https:\/\/www.miasa.com.mx\/wp-content\/uploads\/2022\/12\/Semi-automated-offside-technology-to-be-used-at-FIFA-World-Cup-2022.webp 1920w, https:\/\/www.miasa.com.mx\/wp-content\/uploads\/2022\/12\/Semi-automated-offside-technology-to-be-used-at-FIFA-World-Cup-2022-300x169.webp 300w, https:\/\/www.miasa.com.mx\/wp-content\/uploads\/2022\/12\/Semi-automated-offside-technology-to-be-used-at-FIFA-World-Cup-2022-1024x576.webp 1024w, https:\/\/www.miasa.com.mx\/wp-content\/uploads\/2022\/12\/Semi-automated-offside-technology-to-be-used-at-FIFA-World-Cup-2022-768x432.webp 768w, https:\/\/www.miasa.com.mx\/wp-content\/uploads\/2022\/12\/Semi-automated-offside-technology-to-be-used-at-FIFA-World-Cup-2022-1536x864.webp 1536w, https:\/\/www.miasa.com.mx\/wp-content\/uploads\/2022\/12\/Semi-automated-offside-technology-to-be-used-at-FIFA-World-Cup-2022-18x10.webp 18w\" sizes=\"auto, (max-width: 1920px) 100vw, 1920px\" \/><\/div>\n\t\t<\/figure>\n\t<\/div>\n\n\t<div class=\"wpb_text_column wpb_content_element\">\n\t\t<div class=\"wpb_wrapper\">\n\t\t\t<div class=\"undefined\">\n<h5 class=\"p-large ff-text-grey-slate\">Una vez que el equipo arbitral de v\u00eddeo y el \u00e1rbitro principal confirman la decisi\u00f3n, los mismos datos de posici\u00f3n usados para adoptarla generan una animaci\u00f3n en tres dimensiones que detalla a la perfecci\u00f3n la posici\u00f3n de las partes del cuerpo del jugador en el momento del contacto con el bal\u00f3n. Esta animaci\u00f3n, que muestra una posici\u00f3n antirreglamentaria desde los mejores \u00e1ngulos, se retransmite en los videomarcadores y se distribuye a los socios de emisi\u00f3n de la FIFA para informar a todos los espectadores de la manera m\u00e1s clara y transparente posible.<\/h5>\n<\/div>\n<p class=\"p-large ff-text-grey-slate\">Los procesos de la tecnolog\u00eda semiautomatizada para la detecci\u00f3n del fuera de juego y la tecnolog\u00eda del bal\u00f3n a ellos vinculada se han ensayado en numerosas pruebas y se han utilizado en directo en competiciones de la FIFA, como la Copa \u00c1rabe de la FIFA 2021\u2122 y la Copa Mundial de Clubes de la FIFA 2021\u2122.<\/p>\n<div class=\"undefined\">\n<h5 class=\"p-large ff-text-grey-slate\">Durante los partidos de estos torneos, la nueva tecnolog\u00eda ayud\u00f3 a los equipos arbitrales de v\u00eddeo a tomar decisiones m\u00e1s precisas y fiables en poco tiempo.<\/h5>\n<\/div>\n\n\t\t<\/div>\n\t<\/div>\n\n\t<div class=\"wpb_text_column wpb_content_element\">\n\t\t<div class=\"wpb_wrapper\">\n\t\t\t<h5>Como sabemos cuanto se tardan en oscilar y sabemos a la velocidad que se mueve la luz, podemos fijar, guardar este valor y sabiendo cuan r\u00e1pido te mueves y cuanto tardas, puedes saber cuanto te has movido, es decir, averiguar cuanto es un metro. \u00bfQu\u00e9 es un metro? Est\u00e1 ligado en este caso a dos constantes fundamentales, el kilogramo o m\u00e1s formalmente el kilo, que es m\u00e1s complicado. El experimento que nos da el valor es una balanza que transforma un peso en valores el\u00e9ctricos a trav\u00e9s de fen\u00f3menos cu\u00e1nticos de muy alta precisi\u00f3n, el peso es una fuerza, y las fuerzas provocan aceleraciones, por lo que cuanto, es este kilo, depender\u00e1 de lo que define al metro y al segundo, pero al estar usando fen\u00f3menos cu\u00e1nticos introducimos la constante fundamental del mundo en miniatura, la constante de PLANCK conociendo los num\u00e9ricos de esta constante podemos definir que es 1 kilo.<br \/>\nT\u00e9cnicas de este estilo se utilizan para redefinir el resto de unidades. Brevemente, el kelvin, en vez de estarlo deriv\u00e1ndolo del punto triple del agua, se calcular\u00e1 midiendo la energ\u00eda cin\u00e9tica promedio de un sistema de muchas part\u00edculas, lo que lo conecta con la constante del mundo estad\u00edstico, la constante de boltzmann a su vez como se mide una energ\u00eda las constantes implicadas de masa, espacio y tiempo tambi\u00e9n intervienen. El amperio se med\u00eda tambi\u00e9n a trav\u00e9s de la fuerza electromagn\u00e9tica que sent\u00edan dos cables, ahora a grandes rasgos se define como un cierto n\u00famero de veces la carga del electr\u00f3n por segundo, lo que lo liga a la frecuencia del cesio y a la carga<br \/>\nelemental.<\/h5>\n\n\t\t<\/div>\n\t<\/div>\n\n\t<div class=\"wpb_single_image wpb_content_element vc_align_left\">\n\t\t\n\t\t<figure class=\"wpb_wrapper vc_figure\">\n\t\t\t<div class=\"vc_single_image-wrapper   vc_box_border_grey\"><img loading=\"lazy\" decoding=\"async\" width=\"2048\" height=\"1378\" src=\"https:\/\/www.miasa.com.mx\/wp-content\/uploads\/2022\/12\/Semi-automated-offside-technology-to-be-used-at-FIFA-World-Cup-2022-1.webp\" class=\"vc_single_image-img attachment-full\" alt=\"\" srcset=\"https:\/\/www.miasa.com.mx\/wp-content\/uploads\/2022\/12\/Semi-automated-offside-technology-to-be-used-at-FIFA-World-Cup-2022-1.webp 2048w, https:\/\/www.miasa.com.mx\/wp-content\/uploads\/2022\/12\/Semi-automated-offside-technology-to-be-used-at-FIFA-World-Cup-2022-1-300x202.webp 300w, https:\/\/www.miasa.com.mx\/wp-content\/uploads\/2022\/12\/Semi-automated-offside-technology-to-be-used-at-FIFA-World-Cup-2022-1-1024x689.webp 1024w, https:\/\/www.miasa.com.mx\/wp-content\/uploads\/2022\/12\/Semi-automated-offside-technology-to-be-used-at-FIFA-World-Cup-2022-1-768x517.webp 768w, https:\/\/www.miasa.com.mx\/wp-content\/uploads\/2022\/12\/Semi-automated-offside-technology-to-be-used-at-FIFA-World-Cup-2022-1-1536x1034.webp 1536w, https:\/\/www.miasa.com.mx\/wp-content\/uploads\/2022\/12\/Semi-automated-offside-technology-to-be-used-at-FIFA-World-Cup-2022-1-18x12.webp 18w\" sizes=\"auto, (max-width: 2048px) 100vw, 2048px\" \/><\/div>\n\t\t<\/figure>\n\t<\/div>\n\n\t<div class=\"wpb_text_column wpb_content_element\">\n\t\t<div class=\"wpb_wrapper\">\n\t\t\t<h5>El Sports Lab del Instituto de Tecnolog\u00eda de Massachusetts analiz\u00f3 y ratific\u00f3 los datos recabados durante los ensayos con y sin conexi\u00f3n, y los expertos de TRACK de la Universidad de Victoria acredit\u00f3 cient\u00edficamente la tecnolog\u00eda de detecci\u00f3n de extremidades. Un equipo de investigaci\u00f3n de la Universidad ETH de Z\u00farich est\u00e1 facilitando m\u00e1s informaci\u00f3n sobre las capacidades tecnol\u00f3gicas de estos sistemas electr\u00f3nicos de seguimiento multic\u00e1mara.<\/h5>\n\n\t\t<\/div>\n\t<\/div>\n\n\t<div class=\"wpb_single_image wpb_content_element vc_align_left\">\n\t\t\n\t\t<figure class=\"wpb_wrapper vc_figure\">\n\t\t\t<div class=\"vc_single_image-wrapper   vc_box_border_grey\"><img loading=\"lazy\" decoding=\"async\" width=\"2048\" height=\"1080\" src=\"https:\/\/www.miasa.com.mx\/wp-content\/uploads\/2022\/12\/Semi-automated-offside-technology-to-be-used-at-FIFA-World-Cup-2022-2.webp\" class=\"vc_single_image-img attachment-full\" alt=\"\" srcset=\"https:\/\/www.miasa.com.mx\/wp-content\/uploads\/2022\/12\/Semi-automated-offside-technology-to-be-used-at-FIFA-World-Cup-2022-2.webp 2048w, https:\/\/www.miasa.com.mx\/wp-content\/uploads\/2022\/12\/Semi-automated-offside-technology-to-be-used-at-FIFA-World-Cup-2022-2-300x158.webp 300w, https:\/\/www.miasa.com.mx\/wp-content\/uploads\/2022\/12\/Semi-automated-offside-technology-to-be-used-at-FIFA-World-Cup-2022-2-1024x540.webp 1024w, https:\/\/www.miasa.com.mx\/wp-content\/uploads\/2022\/12\/Semi-automated-offside-technology-to-be-used-at-FIFA-World-Cup-2022-2-768x405.webp 768w, https:\/\/www.miasa.com.mx\/wp-content\/uploads\/2022\/12\/Semi-automated-offside-technology-to-be-used-at-FIFA-World-Cup-2022-2-1536x810.webp 1536w, https:\/\/www.miasa.com.mx\/wp-content\/uploads\/2022\/12\/Semi-automated-offside-technology-to-be-used-at-FIFA-World-Cup-2022-2-18x9.webp 18w\" sizes=\"auto, (max-width: 2048px) 100vw, 2048px\" \/><\/div>\n\t\t<\/figure>\n\t<\/div>\n<\/div><\/div><\/div><div class=\"wpb_column vc_column_container vc_col-sm-3\"><div class=\"vc_column-inner\"><div class=\"wpb_wrapper\">\n\t<div class=\"wpb_single_image wpb_content_element vc_align_left\">\n\t\t\n\t\t<figure class=\"wpb_wrapper vc_figure\">\n\t\t\t<div class=\"vc_single_image-wrapper   vc_box_border_grey\"><img loading=\"lazy\" decoding=\"async\" width=\"3487\" height=\"10233\" src=\"https:\/\/www.miasa.com.mx\/wp-content\/uploads\/2022\/03\/ALINE3.png\" class=\"vc_single_image-img attachment-full\" alt=\"\" srcset=\"https:\/\/www.miasa.com.mx\/wp-content\/uploads\/2022\/03\/ALINE3.png 3487w, https:\/\/www.miasa.com.mx\/wp-content\/uploads\/2022\/03\/ALINE3-102x300.png 102w, https:\/\/www.miasa.com.mx\/wp-content\/uploads\/2022\/03\/ALINE3-349x1024.png 349w, https:\/\/www.miasa.com.mx\/wp-content\/uploads\/2022\/03\/ALINE3-768x2254.png 768w, https:\/\/www.miasa.com.mx\/wp-content\/uploads\/2022\/03\/ALINE3-523x1536.png 523w, https:\/\/www.miasa.com.mx\/wp-content\/uploads\/2022\/03\/ALINE3-698x2048.png 698w\" sizes=\"auto, (max-width: 3487px) 100vw, 3487px\" \/><\/div>\n\t\t<\/figure>\n\t<\/div>\n<style type=\"text\/css\">.vc_btn3-style-gradient.vc_btn-gradient-btn-6a09d43d6f535:hover{color: #fff;background-color: #f79468;border: none;background-position: 100% 0;}<\/style><style type=\"text\/css\">.vc_btn3-style-gradient.vc_btn-gradient-btn-6a09d43d6f535{color: #fff;border: none;background-color: #f4524d;background-image: -webkit-linear-gradient(left, #f4524d 0%, #f79468 50%,#f4524d 100%);background-image: linear-gradient(to right, #f4524d 0%, #f79468 50%,#f4524d 100%);-webkit-transition: all .2s ease-in-out;transition: all .2s ease-in-out;background-size: 200% 100%;}<\/style><div class=\"vc_btn3-container vc_btn3-center\"><a data-vc-gradient-1=\"#f4524d\" data-vc-gradient-2=\"#f79468\" class=\"vc_general vc_btn3 vc_btn3-size-md vc_btn3-shape-round vc_btn3-style-gradient vc_btn3-block vc_btn-gradient-btn-6a09d43d6f535\" href=\"https:\/\/www.miasa.com.mx\/en\/trimosmeasurement\/\" title=\"Trimos\">Conoce m\u00e1s aqui.<\/a><\/div>\n<\/div><\/div><\/div><\/div><div class=\"vc_row wpb_row vc_row-fluid\"><div class=\"wpb_column vc_column_container vc_col-sm-12\"><div class=\"vc_column-inner\"><div class=\"wpb_wrapper\"><\/div><\/div><\/div><\/div>","protected":false},"excerpt":{"rendered":"Blog Miasa. Aqu\u00ed conocer\u00e1s nuestras \u00faltimas noticias. La metrolog\u00eda detr\u00e1s de la Copa Mundial de la FIFA Catar 2022\u2122. La tecnolog\u00eda semiautomatizada usada en la Copa Mundial de la FIFA Catar 2022\u2122 para la detecci\u00f3n del fuera de juego. El sistema ayuda a los equipos arbitrales de v\u00eddeo y a los \u00e1rbitros sobre el terreno [...]","protected":false},"author":2,"featured_media":0,"parent":13440,"menu_order":6,"comment_status":"closed","ping_status":"closed","template":"homepage-template.php","meta":{"footnotes":""},"class_list":["post-15342","page","type-page","status-publish","hentry"],"_links":{"self":[{"href":"https:\/\/www.miasa.com.mx\/en\/wp-json\/wp\/v2\/pages\/15342","targetHints":{"allow":["GET"]}}],"collection":[{"href":"https:\/\/www.miasa.com.mx\/en\/wp-json\/wp\/v2\/pages"}],"about":[{"href":"https:\/\/www.miasa.com.mx\/en\/wp-json\/wp\/v2\/types\/page"}],"author":[{"embeddable":true,"href":"https:\/\/www.miasa.com.mx\/en\/wp-json\/wp\/v2\/users\/2"}],"replies":[{"embeddable":true,"href":"https:\/\/www.miasa.com.mx\/en\/wp-json\/wp\/v2\/comments?post=15342"}],"version-history":[{"count":3,"href":"https:\/\/www.miasa.com.mx\/en\/wp-json\/wp\/v2\/pages\/15342\/revisions"}],"predecessor-version":[{"id":15544,"href":"https:\/\/www.miasa.com.mx\/en\/wp-json\/wp\/v2\/pages\/15342\/revisions\/15544"}],"up":[{"embeddable":true,"href":"https:\/\/www.miasa.com.mx\/en\/wp-json\/wp\/v2\/pages\/13440"}],"wp:attachment":[{"href":"https:\/\/www.miasa.com.mx\/en\/wp-json\/wp\/v2\/media?parent=15342"}],"curies":[{"name":"wp","href":"https:\/\/api.w.org\/{rel}","templated":true}]}}