{"id":15367,"date":"2023-01-31T15:51:52","date_gmt":"2023-01-31T15:51:52","guid":{"rendered":"https:\/\/www.miasa.com.mx\/?page_id=15367"},"modified":"2023-08-31T15:11:09","modified_gmt":"2023-08-31T15:11:09","slug":"super-bowl","status":"publish","type":"page","link":"https:\/\/www.miasa.com.mx\/en\/miasablog\/super-bowl\/","title":{"rendered":"MiasaBlog\u00ae &#8211; NFL Super Bowl"},"content":{"rendered":"<div class=\"vc_row wpb_row vc_row-fluid vc_row-o-equal-height vc_row-o-content-middle vc_row-flex\"><div class=\"wpb_column vc_column_container vc_col-sm-6\"><div class=\"vc_column-inner\"><div class=\"wpb_wrapper\">\n\t<div class=\"wpb_text_column wpb_content_element  vc_custom_1648592384414\">\n\t\t<div class=\"wpb_wrapper\">\n\t\t\t<h1><span style=\"color: #ffffff;\">Blog Miasa.<\/span><\/h1>\n\n\t\t<\/div>\n\t<\/div>\n<\/div><\/div><\/div><div class=\"wpb_column vc_column_container vc_col-sm-6\"><div class=\"vc_column-inner\"><div class=\"wpb_wrapper\">\n\t<div class=\"wpb_text_column wpb_content_element\">\n\t\t<div class=\"wpb_wrapper\">\n\t\t\t<h5><span style=\"color: #ffffff;\">Aqu\u00ed conocer\u00e1s nuestras \u00faltimas noticias.<\/span><\/h5>\n\n\t\t<\/div>\n\t<\/div>\n<\/div><\/div><\/div><\/div><!-- Row Backgrounds --><div class=\"upb_color\" data-bg-override=\"full\" data-bg-color=\"#1c1e1f\" data-fadeout=\"\" data-fadeout-percentage=\"30\" data-parallax-content=\"\" data-parallax-content-sense=\"30\" data-row-effect-mobile-disable=\"true\" data-img-parallax-mobile-disable=\"true\" data-rtl=\"false\"  data-custom-vc-row=\"\"  data-vc=\"4.12\"  data-is_old_vc=\"\"  data-theme-support=\"\"   data-overlay=\"false\" data-overlay-color=\"\" data-overlay-pattern=\"\" data-overlay-pattern-opacity=\"\" data-overlay-pattern-size=\"\"    ><\/div><div class=\"vc_row wpb_row vc_row-fluid vc_custom_1648582472242\"><div class=\"wpb_column vc_column_container vc_col-sm-9\"><div class=\"vc_column-inner\"><div class=\"wpb_wrapper\">\n\t<div class=\"wpb_text_column wpb_content_element\">\n\t\t<div class=\"wpb_wrapper\">\n\t\t\t<h1>La tecnolog\u00eda de medici\u00f3n en el Super Bowl LVII.<\/h1>\n\n\t\t<\/div>\n\t<\/div>\n\n\t<div class=\"wpb_single_image wpb_content_element vc_align_center\">\n\t\t\n\t\t<figure class=\"wpb_wrapper vc_figure\">\n\t\t\t<div class=\"vc_single_image-wrapper   vc_box_border_grey\"><img loading=\"lazy\" decoding=\"async\" width=\"1000\" height=\"562\" src=\"https:\/\/www.miasa.com.mx\/wp-content\/uploads\/2023\/01\/01.29.23_Cartoon-Illustrations_Super-Bowl_Eagles-vs.-Chiefs_16x9-1.jpg\" class=\"vc_single_image-img attachment-full\" alt=\"\" srcset=\"https:\/\/www.miasa.com.mx\/wp-content\/uploads\/2023\/01\/01.29.23_Cartoon-Illustrations_Super-Bowl_Eagles-vs.-Chiefs_16x9-1.jpg 1000w, https:\/\/www.miasa.com.mx\/wp-content\/uploads\/2023\/01\/01.29.23_Cartoon-Illustrations_Super-Bowl_Eagles-vs.-Chiefs_16x9-1-300x169.jpg 300w, https:\/\/www.miasa.com.mx\/wp-content\/uploads\/2023\/01\/01.29.23_Cartoon-Illustrations_Super-Bowl_Eagles-vs.-Chiefs_16x9-1-768x432.jpg 768w, https:\/\/www.miasa.com.mx\/wp-content\/uploads\/2023\/01\/01.29.23_Cartoon-Illustrations_Super-Bowl_Eagles-vs.-Chiefs_16x9-1-18x10.jpg 18w\" sizes=\"auto, (max-width: 1000px) 100vw, 1000px\" \/><\/div>\n\t\t<\/figure>\n\t<\/div>\n\n\t<div class=\"wpb_text_column wpb_content_element\">\n\t\t<div class=\"wpb_wrapper\">\n\t\t\t<h2 class=\"hero-article_heroTitle__CFWlc\">En el Super Bowl, hay sensores hasta en el bal\u00f3n.<\/h2>\n\n\t\t<\/div>\n\t<\/div>\n\n\t<div class=\"wpb_text_column wpb_content_element\">\n\t\t<div class=\"wpb_wrapper\">\n\t\t\t<div class=\"undefined\">\n<h5 class=\"p-large ff-text-grey-slate\"><span style=\"font-size: 16px;\">Los sensores en los uniformes y el bal\u00f3n nos dan una idea de las fortalezas y estrategias de los equipos que se enfrentar\u00e1n el pr\u00f3ximo 12 de febrero.<\/span><\/h5>\n<\/div>\n<h5>Escuchamos tanto de <strong><span style=\"color: #333333;\">Big Data e Inteligencia Artificial<\/span><\/strong> de manera cotidiana, que cada vez nos asombra menos saber que la <strong><span style=\"color: #333333;\">tecnolog\u00eda y la metrolog\u00eda<\/span><\/strong>, est\u00e1 presente en todos los aspectos de la vida. Los deportes no son la excepci\u00f3n, por supuesto, pero en el caso del futbol americano, por la misma naturaleza del juego, la tecnolog\u00eda a\u00fan est\u00e1 limitada a proveer informaci\u00f3n, siendo el entrenador del equipo y en \u00faltima instancia los jugadores, quienes la aprovechan para decidir la estrategia que tomar\u00e1n para vencer a sus oponentes.<\/h5>\n<h5>A prop\u00f3sito del Super Bowl LVII, la tecnolog\u00eda de sensores que utiliza la NFL en los uniformes de los jugadores y en el bal\u00f3n, en conjunto con su socio tecnol\u00f3gico, la empresa estadounidense Zebra Technologies.<\/h5>\n\n\t\t<\/div>\n\t<\/div>\n\n\t<div class=\"wpb_single_image wpb_content_element vc_align_center\">\n\t\t\n\t\t<figure class=\"wpb_wrapper vc_figure\">\n\t\t\t<div class=\"vc_single_image-wrapper   vc_box_border_grey\"><img loading=\"lazy\" decoding=\"async\" width=\"1280\" height=\"853\" src=\"https:\/\/www.miasa.com.mx\/wp-content\/uploads\/2023\/01\/motionworks-photography-application-nfl.jpeg\" class=\"vc_single_image-img attachment-full\" alt=\"\" srcset=\"https:\/\/www.miasa.com.mx\/wp-content\/uploads\/2023\/01\/motionworks-photography-application-nfl.jpeg 1280w, https:\/\/www.miasa.com.mx\/wp-content\/uploads\/2023\/01\/motionworks-photography-application-nfl-300x200.jpeg 300w, https:\/\/www.miasa.com.mx\/wp-content\/uploads\/2023\/01\/motionworks-photography-application-nfl-1024x682.jpeg 1024w, https:\/\/www.miasa.com.mx\/wp-content\/uploads\/2023\/01\/motionworks-photography-application-nfl-768x512.jpeg 768w, https:\/\/www.miasa.com.mx\/wp-content\/uploads\/2023\/01\/motionworks-photography-application-nfl-18x12.jpeg 18w\" sizes=\"auto, (max-width: 1280px) 100vw, 1280px\" \/><\/div>\n\t\t<\/figure>\n\t<\/div>\n\n\t<div class=\"wpb_text_column wpb_content_element\">\n\t\t<div class=\"wpb_wrapper\">\n\t\t\t<div class=\"undefined\">\n<h5 class=\"p-large ff-text-grey-slate\">Con estos sensores, y dispositivos lectores colocados estrat\u00e9gicamente en todo el estadio, pueden obtener en tiempo real informaci\u00f3n relacionada con la <strong><span style=\"color: #333333;\">velocidad y trayectoria de los jugadores y el bal\u00f3n<\/span><\/strong>, y en el caso de este \u00faltimo, detalles como la rotaci\u00f3n. Una vez procesados estos datos, podemos saber, por ejemplo, la ruta de los pases que el mariscal Tom Brady acostumbra (21% verticales, 9.3% cruzados), o el r\u00e9cord del receptor Mecole Hardman al correr 50 yardas a una velocidad de 21.52 mph en la post temporada.<\/h5>\n<h5>Zebra lleva ya 7 a\u00f1os como el proveedor oficial de esta tecnolog\u00eda para la NFL, utilizando etiquetas de radiofrecuencia RFID en los uniformes y sus respectivos lectores a lo largo y ancho del estadio. El monitoreo no se limita a los jugadores, tambi\u00e9n los oficiales llevan estos sensores en sus uniformes, pues con esa informaci\u00f3n procesan la distancia total que corren para as\u00ed evitar riesgos de salud asociados a su actividad.<\/h5>\n<\/div>\n\n\t\t<\/div>\n\t<\/div>\n\n\t<div class=\"wpb_single_image wpb_content_element vc_align_left\">\n\t\t\n\t\t<figure class=\"wpb_wrapper vc_figure\">\n\t\t\t<div class=\"vc_single_image-wrapper   vc_box_border_grey\"><img loading=\"lazy\" decoding=\"async\" width=\"995\" height=\"655\" src=\"https:\/\/www.miasa.com.mx\/wp-content\/uploads\/2023\/01\/amgc_view.jpg\" class=\"vc_single_image-img attachment-full\" alt=\"\" srcset=\"https:\/\/www.miasa.com.mx\/wp-content\/uploads\/2023\/01\/amgc_view.jpg 995w, https:\/\/www.miasa.com.mx\/wp-content\/uploads\/2023\/01\/amgc_view-300x197.jpg 300w, https:\/\/www.miasa.com.mx\/wp-content\/uploads\/2023\/01\/amgc_view-768x506.jpg 768w, https:\/\/www.miasa.com.mx\/wp-content\/uploads\/2023\/01\/amgc_view-18x12.jpg 18w\" sizes=\"auto, (max-width: 995px) 100vw, 995px\" \/><\/div>\n\t\t<\/figure>\n\t<\/div>\n\n\t<div class=\"wpb_text_column wpb_content_element\">\n\t\t<div class=\"wpb_wrapper\">\n\t\t\t<div class=\"undefined\">\n<h5>El sistema RFDI activa (Identificaci\u00f3n de Radiofrecuencia) de Zebra Technologies, que consiste en dos sensores del tama\u00f1o de una moneda, colocados al interior de las hombreras,<strong><span style=\"color: #333333;\"> permite obtener la ubicaci\u00f3n de cada jugador con un rango de error aproximadamente de 15 cent\u00edmetros.<\/span><\/strong><\/h5>\n<h5>En tales datos, se obtiene la <strong><span style=\"color: #333333;\">aceleraci\u00f3n, desaceleraci\u00f3n, velocidad, la distancia<\/span><\/strong> que cubre un jugador y la orientaci\u00f3n que tiene el jugador, es decir, si est\u00e1 de frente de espaldas, adem\u00e1s de estad\u00edsticas de <strong><span style=\"color: #333333;\">cu\u00e1ntas yardas corri\u00f3 un jugador<\/span><\/strong>, si el receptor es <strong><span style=\"color: #333333;\">m\u00e1s r\u00e1pido que los defensivos, las distancias,<\/span> <\/strong>si los receptores cambian las rutas asignadas en cada jugada o c\u00f3mo las corre, c\u00f3mo se mueve el quarterback, c\u00f3mo lo protege la l\u00ednea defensiva y si esta es efectiva.<\/h5>\n<h5>Estos sensores, que funcionan similar a como lo hacen los GPS, env\u00edan los datos a las <strong><span style=\"color: #333333;\">entre 15 y 25 antenas<\/span><\/strong> colocadas en cada uno de los estadios de la liga; luego, esta informaci\u00f3n es transmitida en tiempo real a la NFL que a su vez la manda a cadenas de televisi\u00f3n. Adem\u00e1s, 24 horas despu\u00e9s del juego, los equipos reciben paquetes de informaci\u00f3n para que los entrenadores hagan un an\u00e1lisis del juego y puedan dise\u00f1ar sus estrategias.<\/h5>\n<\/div>\n\n\t\t<\/div>\n\t<\/div>\n\n\t<div class=\"wpb_text_column wpb_content_element\">\n\t\t<div class=\"wpb_wrapper\">\n\t\t\t<div class=\"undefined\">\n<h5>Durante esta temporada y post temporada fueron <strong><span style=\"color: #333333;\">monitoreados 2,880 jugadores y oficiales en tiempo real,<\/span><\/strong> y de los 10 equipos que cuentan con el sistema de monitoreo de Zebra en sus instalaciones, 5 llegaron a los playoffs. La informaci\u00f3n obtenida les permite estudiar la participaci\u00f3n, el desarrollo y el desempe\u00f1o de los jugadores durante las pr\u00e1cticas y sesiones de entrenamientos.<\/h5>\n<h5>El vicepresidente Ejecutivo de Operaciones de la NFL, Troy Vincent, declar\u00f3 que el uso de esta tecnolog\u00eda \u201cnivela el juego para todos\u201d y reduce el tiempo de planeaci\u00f3n para la estrategia de los equipos. Lo que antes les tomaba horas estudiando los videos de los jugadores ahora se obtiene en tiempo real.<\/h5>\n<h5>Adicionalmente, es \u00fatil para monitorear la salud y el rendimiento de los jugadores, que tienen acceso a las estad\u00edsticas propias y de otros jugadores para compararse y generar competitividad, pero tambi\u00e9n para vigilar su propio rendimiento y saber si han retomado su nivel usual despu\u00e9s de haber sufrido un accidente, por ejemplo.<\/h5>\n<\/div>\n\n\t\t<\/div>\n\t<\/div>\n<\/div><\/div><\/div><div class=\"wpb_column vc_column_container vc_col-sm-3\"><div class=\"vc_column-inner\"><div class=\"wpb_wrapper\">\n\t<div class=\"wpb_single_image wpb_content_element vc_align_left\">\n\t\t\n\t\t<figure class=\"wpb_wrapper vc_figure\">\n\t\t\t<div class=\"vc_single_image-wrapper   vc_box_border_grey\"><img loading=\"lazy\" decoding=\"async\" width=\"3487\" height=\"10233\" src=\"https:\/\/www.miasa.com.mx\/wp-content\/uploads\/2022\/03\/ALINE3.png\" class=\"vc_single_image-img attachment-full\" alt=\"\" srcset=\"https:\/\/www.miasa.com.mx\/wp-content\/uploads\/2022\/03\/ALINE3.png 3487w, https:\/\/www.miasa.com.mx\/wp-content\/uploads\/2022\/03\/ALINE3-102x300.png 102w, https:\/\/www.miasa.com.mx\/wp-content\/uploads\/2022\/03\/ALINE3-349x1024.png 349w, https:\/\/www.miasa.com.mx\/wp-content\/uploads\/2022\/03\/ALINE3-768x2254.png 768w, https:\/\/www.miasa.com.mx\/wp-content\/uploads\/2022\/03\/ALINE3-523x1536.png 523w, https:\/\/www.miasa.com.mx\/wp-content\/uploads\/2022\/03\/ALINE3-698x2048.png 698w\" sizes=\"auto, (max-width: 3487px) 100vw, 3487px\" \/><\/div>\n\t\t<\/figure>\n\t<\/div>\n<style type=\"text\/css\">.vc_btn3-style-gradient.vc_btn-gradient-btn-6a09d4bd0d199:hover{color: #fff;background-color: #f79468;border: none;background-position: 100% 0;}<\/style><style type=\"text\/css\">.vc_btn3-style-gradient.vc_btn-gradient-btn-6a09d4bd0d199{color: #fff;border: none;background-color: #f4524d;background-image: -webkit-linear-gradient(left, #f4524d 0%, #f79468 50%,#f4524d 100%);background-image: linear-gradient(to right, #f4524d 0%, #f79468 50%,#f4524d 100%);-webkit-transition: all .2s ease-in-out;transition: all .2s ease-in-out;background-size: 200% 100%;}<\/style><div class=\"vc_btn3-container vc_btn3-center\"><a data-vc-gradient-1=\"#f4524d\" data-vc-gradient-2=\"#f79468\" class=\"vc_general vc_btn3 vc_btn3-size-md vc_btn3-shape-round vc_btn3-style-gradient vc_btn3-block vc_btn-gradient-btn-6a09d4bd0d199\" href=\"https:\/\/www.miasa.com.mx\/en\/trimosmeasurement\/\" title=\"Trimos\">Conoce m\u00e1s aqui.<\/a><\/div>\n<\/div><\/div><\/div><\/div><div class=\"vc_row wpb_row vc_row-fluid\"><div class=\"wpb_column vc_column_container vc_col-sm-12\"><div class=\"vc_column-inner\"><div class=\"wpb_wrapper\"><\/div><\/div><\/div><\/div>","protected":false},"excerpt":{"rendered":"Blog Miasa. Aqu\u00ed conocer\u00e1s nuestras \u00faltimas noticias. La tecnolog\u00eda de medici\u00f3n en el Super Bowl LVII. En el Super Bowl, hay sensores hasta en el bal\u00f3n. Los sensores en los uniformes y el bal\u00f3n nos dan una idea de las fortalezas y estrategias de los equipos que se enfrentar\u00e1n el pr\u00f3ximo 12 de febrero. Escuchamos [...]","protected":false},"author":2,"featured_media":0,"parent":13440,"menu_order":8,"comment_status":"closed","ping_status":"closed","template":"homepage-template.php","meta":{"footnotes":""},"class_list":["post-15367","page","type-page","status-publish","hentry"],"_links":{"self":[{"href":"https:\/\/www.miasa.com.mx\/en\/wp-json\/wp\/v2\/pages\/15367","targetHints":{"allow":["GET"]}}],"collection":[{"href":"https:\/\/www.miasa.com.mx\/en\/wp-json\/wp\/v2\/pages"}],"about":[{"href":"https:\/\/www.miasa.com.mx\/en\/wp-json\/wp\/v2\/types\/page"}],"author":[{"embeddable":true,"href":"https:\/\/www.miasa.com.mx\/en\/wp-json\/wp\/v2\/users\/2"}],"replies":[{"embeddable":true,"href":"https:\/\/www.miasa.com.mx\/en\/wp-json\/wp\/v2\/comments?post=15367"}],"version-history":[{"count":3,"href":"https:\/\/www.miasa.com.mx\/en\/wp-json\/wp\/v2\/pages\/15367\/revisions"}],"predecessor-version":[{"id":15546,"href":"https:\/\/www.miasa.com.mx\/en\/wp-json\/wp\/v2\/pages\/15367\/revisions\/15546"}],"up":[{"embeddable":true,"href":"https:\/\/www.miasa.com.mx\/en\/wp-json\/wp\/v2\/pages\/13440"}],"wp:attachment":[{"href":"https:\/\/www.miasa.com.mx\/en\/wp-json\/wp\/v2\/media?parent=15367"}],"curies":[{"name":"wp","href":"https:\/\/api.w.org\/{rel}","templated":true}]}}