{"id":15388,"date":"2023-03-02T17:23:18","date_gmt":"2023-03-02T17:23:18","guid":{"rendered":"https:\/\/www.miasa.com.mx\/?page_id=15388"},"modified":"2023-08-31T15:11:39","modified_gmt":"2023-08-31T15:11:39","slug":"tesla-instalara-gigafactory-en-mexico","status":"publish","type":"page","link":"https:\/\/www.miasa.com.mx\/en\/miasablog\/tesla-instalara-gigafactory-en-mexico\/","title":{"rendered":"MiasaBlog\u00ae &#8211; Tesla Gigafactory"},"content":{"rendered":"<div class=\"vc_row wpb_row vc_row-fluid vc_row-o-equal-height vc_row-o-content-middle vc_row-flex\"><div class=\"wpb_column vc_column_container vc_col-sm-6\"><div class=\"vc_column-inner\"><div class=\"wpb_wrapper\">\n\t<div class=\"wpb_text_column wpb_content_element  vc_custom_1648592384414\">\n\t\t<div class=\"wpb_wrapper\">\n\t\t\t<h1><span style=\"color: #ffffff;\">Blog Miasa.<\/span><\/h1>\n\n\t\t<\/div>\n\t<\/div>\n<\/div><\/div><\/div><div class=\"wpb_column vc_column_container vc_col-sm-6\"><div class=\"vc_column-inner\"><div class=\"wpb_wrapper\">\n\t<div class=\"wpb_text_column wpb_content_element\">\n\t\t<div class=\"wpb_wrapper\">\n\t\t\t<h5><span style=\"color: #ffffff;\">Aqu\u00ed conocer\u00e1s nuestras \u00faltimas noticias.<\/span><\/h5>\n\n\t\t<\/div>\n\t<\/div>\n<\/div><\/div><\/div><\/div><!-- Row Backgrounds --><div class=\"upb_color\" data-bg-override=\"full\" data-bg-color=\"#1c1e1f\" data-fadeout=\"\" data-fadeout-percentage=\"30\" data-parallax-content=\"\" data-parallax-content-sense=\"30\" data-row-effect-mobile-disable=\"true\" data-img-parallax-mobile-disable=\"true\" data-rtl=\"false\"  data-custom-vc-row=\"\"  data-vc=\"4.12\"  data-is_old_vc=\"\"  data-theme-support=\"\"   data-overlay=\"false\" data-overlay-color=\"\" data-overlay-pattern=\"\" data-overlay-pattern-opacity=\"\" data-overlay-pattern-size=\"\"    ><\/div><div class=\"vc_row wpb_row vc_row-fluid vc_custom_1648582472242\"><div class=\"wpb_column vc_column_container vc_col-sm-9\"><div class=\"vc_column-inner\"><div class=\"wpb_wrapper\">\n\t<div class=\"wpb_text_column wpb_content_element\">\n\t\t<div class=\"wpb_wrapper\">\n\t\t\t<h1>Tesla instalar\u00e1 Gigafactory en M\u00e9xico.<\/h1>\n\n\t\t<\/div>\n\t<\/div>\n\n\t<div class=\"wpb_single_image wpb_content_element vc_align_center\">\n\t\t\n\t\t<figure class=\"wpb_wrapper vc_figure\">\n\t\t\t<div class=\"vc_single_image-wrapper   vc_box_border_grey\"><img loading=\"lazy\" decoding=\"async\" width=\"1920\" height=\"1080\" src=\"https:\/\/www.miasa.com.mx\/wp-content\/uploads\/2023\/03\/QITSYMUMHJBYXHQZRRIKWPWGAE.jpg\" class=\"vc_single_image-img attachment-full\" alt=\"\" srcset=\"https:\/\/www.miasa.com.mx\/wp-content\/uploads\/2023\/03\/QITSYMUMHJBYXHQZRRIKWPWGAE.jpg 1920w, https:\/\/www.miasa.com.mx\/wp-content\/uploads\/2023\/03\/QITSYMUMHJBYXHQZRRIKWPWGAE-300x169.jpg 300w, https:\/\/www.miasa.com.mx\/wp-content\/uploads\/2023\/03\/QITSYMUMHJBYXHQZRRIKWPWGAE-1024x576.jpg 1024w, https:\/\/www.miasa.com.mx\/wp-content\/uploads\/2023\/03\/QITSYMUMHJBYXHQZRRIKWPWGAE-768x432.jpg 768w, https:\/\/www.miasa.com.mx\/wp-content\/uploads\/2023\/03\/QITSYMUMHJBYXHQZRRIKWPWGAE-1536x864.jpg 1536w, https:\/\/www.miasa.com.mx\/wp-content\/uploads\/2023\/03\/QITSYMUMHJBYXHQZRRIKWPWGAE-18x10.jpg 18w\" sizes=\"auto, (max-width: 1920px) 100vw, 1920px\" \/><\/div>\n\t\t<\/figure>\n\t<\/div>\n\n\t<div class=\"wpb_text_column wpb_content_element\">\n\t\t<div class=\"wpb_wrapper\">\n\t\t\t<pre><span style=\"color: #999999;\">Primer vistazo al posible dise\u00f1o y ubicaci\u00f3n de la pr\u00f3xima Gigafactory en Nuevo Le\u00f3n.<\/span><\/pre>\n\n\t\t<\/div>\n\t<\/div>\n\n\t<div class=\"wpb_text_column wpb_content_element\">\n\t\t<div class=\"wpb_wrapper\">\n\t\t\t<h2>Con una inversi\u00f3n aproximada a los 5 mil millones de d\u00f3lares, la Gigafactory de Tesla, en Nuevo Le\u00f3n, se convertir\u00e1 en la planta de producci\u00f3n de autos el\u00e9ctricos, m\u00e1s grande del mundo.<\/h2>\n\n\t\t<\/div>\n\t<\/div>\n\n\t<div class=\"wpb_text_column wpb_content_element\">\n\t\t<div class=\"wpb_wrapper\">\n\t\t\t<p>Elon Musk, presidente ejecutivo de Tesla Inc, encabez\u00f3 este mi\u00e9rcoles el Investor Day (D\u00eda del Inversionista), en donde se dio a conocer los principales planes de la empresa automotriz, entre los que resalta, la instalaci\u00f3n de una planta en Nuevo Le\u00f3n, lo que marcar\u00e1 un impulso para ampliar sus operaciones fuera de Estados Unidos, con una inversi\u00f3n inicial 5,000 millones de d\u00f3lares.<\/p>\n<blockquote><p>\nLa nueva planta, que se instalar\u00eda en el muncipio de Santa Catarina, Nuevo Le\u00f3n, ser\u00eda la primera de la empresa fuera de Estados Unidos, Alemania y China.\n<\/p><\/blockquote>\n<p>Es el primer aterrizaje formal del millonario Musk en Latinoam\u00e9rica, donde el empresario no se dej\u00f3 seducir por el coqueteo de Argentina y Brasil para captar su atenci\u00f3n.<\/p>\n\n\t\t<\/div>\n\t<\/div>\n\n\t<div class=\"wpb_single_image wpb_content_element vc_align_center\">\n\t\t\n\t\t<figure class=\"wpb_wrapper vc_figure\">\n\t\t\t<div class=\"vc_single_image-wrapper   vc_box_border_grey\"><img loading=\"lazy\" decoding=\"async\" width=\"1261\" height=\"840\" src=\"https:\/\/www.miasa.com.mx\/wp-content\/uploads\/2023\/03\/tesla-investor-day-invite-contains-an-easter-egg-hinting-at-extreme-production-scale_4.jpg\" class=\"vc_single_image-img attachment-full\" alt=\"\" srcset=\"https:\/\/www.miasa.com.mx\/wp-content\/uploads\/2023\/03\/tesla-investor-day-invite-contains-an-easter-egg-hinting-at-extreme-production-scale_4.jpg 1261w, https:\/\/www.miasa.com.mx\/wp-content\/uploads\/2023\/03\/tesla-investor-day-invite-contains-an-easter-egg-hinting-at-extreme-production-scale_4-300x200.jpg 300w, https:\/\/www.miasa.com.mx\/wp-content\/uploads\/2023\/03\/tesla-investor-day-invite-contains-an-easter-egg-hinting-at-extreme-production-scale_4-1024x682.jpg 1024w, https:\/\/www.miasa.com.mx\/wp-content\/uploads\/2023\/03\/tesla-investor-day-invite-contains-an-easter-egg-hinting-at-extreme-production-scale_4-768x512.jpg 768w, https:\/\/www.miasa.com.mx\/wp-content\/uploads\/2023\/03\/tesla-investor-day-invite-contains-an-easter-egg-hinting-at-extreme-production-scale_4-18x12.jpg 18w\" sizes=\"auto, (max-width: 1261px) 100vw, 1261px\" \/><\/div>\n\t\t<\/figure>\n\t<\/div>\n\n\t<div class=\"wpb_text_column wpb_content_element\">\n\t\t<div class=\"wpb_wrapper\">\n\t\t\t<h1>\u00bfCu\u00e1les son los desaf\u00edos?<\/h1>\n<p>Tesla se ha convertido con diferencia en la empresa automovil\u00edstica m\u00e1s valiosa del mundo, y su presidente ejecutivo aspira a penetrar en el mercado de masas y convertir al fabricante de veh\u00edculos el\u00e9ctricos en una firma capaz de crear un mundo m\u00e1s respetuoso con el clima. La compa\u00f1\u00eda estadounidense ha superado a la industria en los \u00faltimos a\u00f1os, aumentando r\u00e1pidamente las entregas a pesar de la pandemia y las interrupciones en la cadena de suministro.<\/p>\n<p>Sin embargo, la compa\u00f1\u00eda recort\u00f3 los precios en los \u00faltimos meses para impulsar las ventas, presionadas por la debilidad de la econom\u00eda y las crecientes amenazas de rivales en Estados Unidos y China.<\/p>\n<p>El fabricante de autom\u00f3viles solo tiene cuatro modelos, todos ellos de altos precios, puesto que captar el mercado de masas es fundamental para el objetivo de Tesla de multiplicar por 15 las entregas -hasta 20 millones de veh\u00edculos- en 2030. Para ello, Tesla tendr\u00e1 que mejorar su tecnolog\u00eda de bater\u00edas, que Musk ha calificado de &#8220;factor limitante fundamental&#8221;, adem\u00e1s se espera que Musk presente un plan para fabricar un veh\u00edculo el\u00e9ctrico m\u00e1s peque\u00f1o y asequible, con el objetivo de ampliar el atractivo de su marca y defenderse de la competencia en el mercado latinoamericano, por lo que se espera que, una vez penetrado este sector, la planta de Nuevo Le\u00f3n se convierta en la fuente de abastecimiento de la zona.<\/p>\n\n\t\t<\/div>\n\t<\/div>\n\n\t<div class=\"wpb_single_image wpb_content_element vc_align_center\">\n\t\t\n\t\t<figure class=\"wpb_wrapper vc_figure\">\n\t\t\t<div class=\"vc_single_image-wrapper   vc_box_border_grey\"><img loading=\"lazy\" decoding=\"async\" width=\"1200\" height=\"675\" src=\"https:\/\/www.miasa.com.mx\/wp-content\/uploads\/2023\/03\/elon_musk_investor_day_tesla_captura.jpg_554688468.webp\" class=\"vc_single_image-img attachment-full\" alt=\"\" srcset=\"https:\/\/www.miasa.com.mx\/wp-content\/uploads\/2023\/03\/elon_musk_investor_day_tesla_captura.jpg_554688468.webp 1200w, https:\/\/www.miasa.com.mx\/wp-content\/uploads\/2023\/03\/elon_musk_investor_day_tesla_captura.jpg_554688468-300x169.webp 300w, https:\/\/www.miasa.com.mx\/wp-content\/uploads\/2023\/03\/elon_musk_investor_day_tesla_captura.jpg_554688468-1024x576.webp 1024w, https:\/\/www.miasa.com.mx\/wp-content\/uploads\/2023\/03\/elon_musk_investor_day_tesla_captura.jpg_554688468-768x432.webp 768w, https:\/\/www.miasa.com.mx\/wp-content\/uploads\/2023\/03\/elon_musk_investor_day_tesla_captura.jpg_554688468-18x10.webp 18w\" sizes=\"auto, (max-width: 1200px) 100vw, 1200px\" \/><\/div>\n\t\t<\/figure>\n\t<\/div>\n\n\t<div class=\"wpb_text_column wpb_content_element\">\n\t\t<div class=\"wpb_wrapper\">\n\t\t\t<h1>El efecto domin\u00f3 de Tesla.<\/h1>\n<p>Lo que podr\u00eda venir tras el s\u00ed de Elon Musk a M\u00e9xico es un efecto domin\u00f3 econ\u00f3mico. El motor de crecimiento econ\u00f3mico de M\u00e9xico, depende del crecimiento exponencial de Estados Unidos, pero ahora hay una posibilidad de que est\u00e1 paralela, puede atenuarse.<\/p>\n<p>La apuesta de Tesla es crear en M\u00e9xico una \u201cGigaf\u00e1brica\u201d, como las que ya tiene en Estados Unidos, Europa y Asia, para fabricar al menos tres modelos de veh\u00edculos: el tractocami\u00f3n &#8216;Tesla Semi&#8217;, el deportivo &#8216;Roadster&#8217; y el sed\u00e1n &#8216;Model 3&#8217;.<\/p>\n<p>La inversi\u00f3n inicial ser\u00e1 de 5.000 millones de d\u00f3lares, un tercio de todo el capital estadounidense que ingres\u00f3 a M\u00e9xico en 2022 y una cantidad similar a la que provino directamente desde Canad\u00e1. Se proyecta que Tesla alcance hasta los 10 mil millones de d\u00f3lares, puesto que esta llegada, genera una inversi\u00f3n directa muy importante.<\/p>\n<h2>Se proyecta que afecte de manera positiva a la industria, la infraestructura y la econom\u00eda de Nuevo Le\u00f3n, y de M\u00e9xico.<\/h2>\n<p>Si bien, Nuevo Le\u00f3n se encuentra entre los 3 estados con mayor crecimiento econ\u00f3mico del pa\u00eds, y que ya cuenta con una planta armadora de coches de nivel mundial, ahora se enfrenta a uno de sus mayores retos. <strong><span style=\"color: #333333;\">El adaptamiento.<\/span><\/strong><\/p>\n<p>La nueva Gigafactory de Tesla, llevar\u00e1 a Nuevo Le\u00f3n a una completa reestructuraci\u00f3n, con el fin de contar con los acondicionamientos espec\u00edficos, principalmente para asegurar un correcto abastecimiento en su cadena de suministros, como la energ\u00eda, el capital humano, y la conexi\u00f3n entre Tesla y sus proveedores.<\/p>\n<p>La visi\u00f3n a futuro contempla mejoras en la movilidad, como el transporte y vialidades competentes y suficientes, nuevos proyectos escolares, como la implementaci\u00f3n de nuevas carreras acad\u00e9micas adecuadas a las nuevas demandas de profesionales, y proyectos de infraestructura que aseguren un abastecimiento \u00f3ptimo de energ\u00eda, sin dejar a un lado, las adaptaciones que la industria ya establecida en el estado, deber\u00e1 implementar si busca ser competente para brindar sus herramientas y servicios.<\/p>\n<p>En lo econ\u00f3mico, la revalorizaci\u00f3n del peso podr\u00eda prolongarse en el tiempo, producto de la confianza que genera esta inversi\u00f3n a largo plazo, pues atraer\u00e1 a que otras empresas extranjeras quieran venir a M\u00e9xico, y que Nuevo Le\u00f3n, y M\u00e9xico, se posicionen como un buen lugar para establecerse en Latinoam\u00e9rica.<\/p>\n\n\t\t<\/div>\n\t<\/div>\n\n\t<div class=\"wpb_single_image wpb_content_element vc_align_center\">\n\t\t\n\t\t<figure class=\"wpb_wrapper vc_figure\">\n\t\t\t<div class=\"vc_single_image-wrapper   vc_box_border_grey\"><img loading=\"lazy\" decoding=\"async\" width=\"608\" height=\"342\" src=\"https:\/\/www.miasa.com.mx\/wp-content\/uploads\/2023\/03\/f608x342-169924_199647_126.jpg\" class=\"vc_single_image-img attachment-full\" alt=\"\" srcset=\"https:\/\/www.miasa.com.mx\/wp-content\/uploads\/2023\/03\/f608x342-169924_199647_126.jpg 608w, https:\/\/www.miasa.com.mx\/wp-content\/uploads\/2023\/03\/f608x342-169924_199647_126-300x169.jpg 300w, https:\/\/www.miasa.com.mx\/wp-content\/uploads\/2023\/03\/f608x342-169924_199647_126-18x10.jpg 18w\" sizes=\"auto, (max-width: 608px) 100vw, 608px\" \/><\/div>\n\t\t<\/figure>\n\t<\/div>\n<\/div><\/div><\/div><div class=\"wpb_column vc_column_container vc_col-sm-3\"><div class=\"vc_column-inner\"><div class=\"wpb_wrapper\">\n\t<div class=\"wpb_single_image wpb_content_element vc_align_left\">\n\t\t\n\t\t<figure class=\"wpb_wrapper vc_figure\">\n\t\t\t<div class=\"vc_single_image-wrapper   vc_box_border_grey\"><img loading=\"lazy\" decoding=\"async\" width=\"3487\" height=\"10233\" src=\"https:\/\/www.miasa.com.mx\/wp-content\/uploads\/2022\/03\/ALINE3.png\" class=\"vc_single_image-img attachment-full\" alt=\"\" srcset=\"https:\/\/www.miasa.com.mx\/wp-content\/uploads\/2022\/03\/ALINE3.png 3487w, https:\/\/www.miasa.com.mx\/wp-content\/uploads\/2022\/03\/ALINE3-102x300.png 102w, https:\/\/www.miasa.com.mx\/wp-content\/uploads\/2022\/03\/ALINE3-349x1024.png 349w, https:\/\/www.miasa.com.mx\/wp-content\/uploads\/2022\/03\/ALINE3-768x2254.png 768w, https:\/\/www.miasa.com.mx\/wp-content\/uploads\/2022\/03\/ALINE3-523x1536.png 523w, https:\/\/www.miasa.com.mx\/wp-content\/uploads\/2022\/03\/ALINE3-698x2048.png 698w\" sizes=\"auto, (max-width: 3487px) 100vw, 3487px\" \/><\/div>\n\t\t<\/figure>\n\t<\/div>\n<style type=\"text\/css\">.vc_btn3-style-gradient.vc_btn-gradient-btn-6a09d689066aa:hover{color: #fff;background-color: #f79468;border: none;background-position: 100% 0;}<\/style><style type=\"text\/css\">.vc_btn3-style-gradient.vc_btn-gradient-btn-6a09d689066aa{color: #fff;border: none;background-color: #f4524d;background-image: -webkit-linear-gradient(left, #f4524d 0%, #f79468 50%,#f4524d 100%);background-image: linear-gradient(to right, #f4524d 0%, #f79468 50%,#f4524d 100%);-webkit-transition: all .2s ease-in-out;transition: all .2s ease-in-out;background-size: 200% 100%;}<\/style><div class=\"vc_btn3-container vc_btn3-center\"><a data-vc-gradient-1=\"#f4524d\" data-vc-gradient-2=\"#f79468\" class=\"vc_general vc_btn3 vc_btn3-size-md vc_btn3-shape-round vc_btn3-style-gradient vc_btn3-block vc_btn-gradient-btn-6a09d689066aa\" href=\"https:\/\/www.miasa.com.mx\/en\/trimosmeasurement\/\" title=\"Trimos\">Conoce m\u00e1s aqui.<\/a><\/div>\n<\/div><\/div><\/div><\/div>","protected":false},"excerpt":{"rendered":"Blog Miasa. Aqu\u00ed conocer\u00e1s nuestras \u00faltimas noticias. Tesla instalar\u00e1 Gigafactory en M\u00e9xico. Primer vistazo al posible dise\u00f1o y ubicaci\u00f3n de la pr\u00f3xima Gigafactory en Nuevo Le\u00f3n. Con una inversi\u00f3n aproximada a los 5 mil millones de d\u00f3lares, la Gigafactory de Tesla, en Nuevo Le\u00f3n, se convertir\u00e1 en la planta de producci\u00f3n de autos el\u00e9ctricos, m\u00e1s [...]","protected":false},"author":2,"featured_media":0,"parent":13440,"menu_order":10,"comment_status":"closed","ping_status":"closed","template":"homepage-template.php","meta":{"footnotes":""},"class_list":["post-15388","page","type-page","status-publish","hentry"],"_links":{"self":[{"href":"https:\/\/www.miasa.com.mx\/en\/wp-json\/wp\/v2\/pages\/15388","targetHints":{"allow":["GET"]}}],"collection":[{"href":"https:\/\/www.miasa.com.mx\/en\/wp-json\/wp\/v2\/pages"}],"about":[{"href":"https:\/\/www.miasa.com.mx\/en\/wp-json\/wp\/v2\/types\/page"}],"author":[{"embeddable":true,"href":"https:\/\/www.miasa.com.mx\/en\/wp-json\/wp\/v2\/users\/2"}],"replies":[{"embeddable":true,"href":"https:\/\/www.miasa.com.mx\/en\/wp-json\/wp\/v2\/comments?post=15388"}],"version-history":[{"count":4,"href":"https:\/\/www.miasa.com.mx\/en\/wp-json\/wp\/v2\/pages\/15388\/revisions"}],"predecessor-version":[{"id":15550,"href":"https:\/\/www.miasa.com.mx\/en\/wp-json\/wp\/v2\/pages\/15388\/revisions\/15550"}],"up":[{"embeddable":true,"href":"https:\/\/www.miasa.com.mx\/en\/wp-json\/wp\/v2\/pages\/13440"}],"wp:attachment":[{"href":"https:\/\/www.miasa.com.mx\/en\/wp-json\/wp\/v2\/media?parent=15388"}],"curies":[{"name":"wp","href":"https:\/\/api.w.org\/{rel}","templated":true}]}}