{"id":1983,"date":"2018-02-23T14:30:53","date_gmt":"2018-02-23T14:30:53","guid":{"rendered":"http:\/\/www.miasa.com.mx\/?page_id=1983"},"modified":"2023-08-31T14:10:25","modified_gmt":"2023-08-31T14:10:25","slug":"miasaassistence","status":"publish","type":"page","link":"https:\/\/www.miasa.com.mx\/en\/inicio\/miasaassistence\/","title":{"rendered":"MiasaAssistence\u00ae &#8211; Asistencia t\u00e9cnica."},"content":{"rendered":"<div class=\"vc_row wpb_row vc_row-fluid vc_row-o-equal-height vc_row-o-content-middle vc_row-flex\"><div class=\"wpb_column vc_column_container vc_col-sm-6\"><div class=\"vc_column-inner\"><div class=\"wpb_wrapper\">\n\t<div class=\"wpb_single_image wpb_content_element vc_align_left\">\n\t\t\n\t\t<figure class=\"wpb_wrapper vc_figure\">\n\t\t\t<div class=\"vc_single_image-wrapper   vc_box_border_grey\"><img loading=\"lazy\" decoding=\"async\" class=\"vc_single_image-img\" src=\"https:\/\/www.miasa.com.mx\/wp-content\/uploads\/2022\/01\/asistencia-450x450.png\" width=\"450\" height=\"450\" alt=\"asistencia\" title=\"asistencia\" \/><\/div>\n\t\t<\/figure>\n\t<\/div>\n<\/div><\/div><\/div><div class=\"wpb_column vc_column_container vc_col-sm-6\"><div class=\"vc_column-inner\"><div class=\"wpb_wrapper\">\n\t<div class=\"wpb_text_column wpb_content_element\">\n\t\t<div class=\"wpb_wrapper\">\n\t\t\t<h1 style=\"text-align: right;\"><span style=\"color: #ffffff;\">Asistencia t\u00e9cnica.<\/span><\/h1>\n<h5 style=\"text-align: right;\"><span style=\"color: #ffffff;\">Ponemos a tu disposici\u00f3n un conjunto de servicios especializados con los cuales te brindamos respaldo en ciertas situaciones..<\/span><\/h5>\n\n\t\t<\/div>\n\t<\/div>\n<\/div><\/div><\/div><\/div><!-- Row Backgrounds --><div class=\"upb_color\" data-bg-override=\"full\" data-bg-color=\"#0299de\" data-fadeout=\"\" data-fadeout-percentage=\"30\" data-parallax-content=\"\" data-parallax-content-sense=\"30\" data-row-effect-mobile-disable=\"true\" data-img-parallax-mobile-disable=\"true\" data-rtl=\"false\"  data-custom-vc-row=\"\"  data-vc=\"4.12\"  data-is_old_vc=\"\"  data-theme-support=\"\"   data-overlay=\"false\" data-overlay-color=\"\" data-overlay-pattern=\"\" data-overlay-pattern-opacity=\"\" data-overlay-pattern-size=\"\"    ><\/div><div class=\"vc_row wpb_row vc_row-fluid vc_row-o-full-height vc_row-o-columns-middle vc_row-o-equal-height vc_row-o-content-middle vc_row-flex\"><div class=\"wpb_column vc_column_container vc_col-sm-12\"><div class=\"vc_column-inner\"><div class=\"wpb_wrapper\">\n\t<div class=\"wpb_single_image wpb_content_element vc_align_center\">\n\t\t\n\t\t<figure class=\"wpb_wrapper vc_figure\">\n\t\t\t<div class=\"vc_single_image-wrapper   vc_box_border_grey\"><img loading=\"lazy\" decoding=\"async\" width=\"626\" height=\"626\" src=\"https:\/\/www.miasa.com.mx\/wp-content\/uploads\/2022\/01\/pagina-en-construccion.png\" class=\"vc_single_image-img attachment-large\" alt=\"\" srcset=\"https:\/\/www.miasa.com.mx\/wp-content\/uploads\/2022\/01\/pagina-en-construccion.png 626w, https:\/\/www.miasa.com.mx\/wp-content\/uploads\/2022\/01\/pagina-en-construccion-300x300.png 300w, https:\/\/www.miasa.com.mx\/wp-content\/uploads\/2022\/01\/pagina-en-construccion-150x150.png 150w\" sizes=\"auto, (max-width: 626px) 100vw, 626px\" \/><\/div>\n\t\t<\/figure>\n\t<\/div>\n<\/div><\/div><\/div><\/div><div class=\"vc_row wpb_row vc_row-fluid vc_row-o-equal-height vc_row-o-content-middle vc_row-flex\"><div class=\"wpb_column vc_column_container vc_col-sm-6\"><div class=\"vc_column-inner\"><div class=\"wpb_wrapper\">\n\t<div class=\"wpb_text_column wpb_content_element\">\n\t\t<div class=\"wpb_wrapper\">\n\t\t\t<h1 id=\"servicios\" style=\"text-align: left;\">We ensure the <em>operational continuity<\/em> of your instruments.<\/h1>\n<h5>We are experts, we have the technology and specialized tools to provide accurate and real diagnostics, in addition, all repairs are verified by our metrology laboratory, following the same methods as when performing an accredited calibration. Our service technicians will help you solve any problem and ensure that your measuring instrument is back in working order in no time.<\/h5>\n\n\t\t<\/div>\n\t<\/div>\n<\/div><\/div><\/div><div class=\"wpb_column vc_column_container vc_col-sm-6\"><div class=\"vc_column-inner\"><div class=\"wpb_wrapper\">\n\t<div class=\"wpb_single_image wpb_content_element vc_align_left\">\n\t\t\n\t\t<figure class=\"wpb_wrapper vc_figure\">\n\t\t\t<div class=\"vc_single_image-wrapper   vc_box_border_grey\"><img loading=\"lazy\" decoding=\"async\" width=\"1600\" height=\"1600\" src=\"https:\/\/www.miasa.com.mx\/wp-content\/uploads\/2022\/01\/asistente.png\" class=\"vc_single_image-img attachment-full\" alt=\"\" srcset=\"https:\/\/www.miasa.com.mx\/wp-content\/uploads\/2022\/01\/asistente.png 1600w, https:\/\/www.miasa.com.mx\/wp-content\/uploads\/2022\/01\/asistente-300x300.png 300w, https:\/\/www.miasa.com.mx\/wp-content\/uploads\/2022\/01\/asistente-1024x1024.png 1024w, https:\/\/www.miasa.com.mx\/wp-content\/uploads\/2022\/01\/asistente-150x150.png 150w, https:\/\/www.miasa.com.mx\/wp-content\/uploads\/2022\/01\/asistente-768x768.png 768w, https:\/\/www.miasa.com.mx\/wp-content\/uploads\/2022\/01\/asistente-1536x1536.png 1536w\" sizes=\"auto, (max-width: 1600px) 100vw, 1600px\" \/><\/div>\n\t\t<\/figure>\n\t<\/div>\n<\/div><\/div><\/div><\/div><div class=\"vc_row wpb_row vc_row-fluid vc_row-o-equal-height vc_row-o-content-middle vc_row-flex\"><div class=\"wpb_column vc_column_container vc_col-sm-12\"><div class=\"vc_column-inner\"><div class=\"wpb_wrapper\">\n\t<div class=\"wpb_text_column wpb_content_element\">\n\t\t<div class=\"wpb_wrapper\">\n\t\t\t<h1 style=\"text-align: center;\">We give you <em>more added value<\/em>.<\/h1>\n\n\t\t<\/div>\n\t<\/div>\n<\/div><\/div><\/div><\/div><!-- Row Backgrounds --><div class=\"upb_color\" data-bg-override=\"full\" data-bg-color=\"#eaeaea\" data-fadeout=\"\" data-fadeout-percentage=\"30\" data-parallax-content=\"\" data-parallax-content-sense=\"30\" data-row-effect-mobile-disable=\"true\" data-img-parallax-mobile-disable=\"true\" data-rtl=\"false\"  data-custom-vc-row=\"\"  data-vc=\"4.12\"  data-is_old_vc=\"\"  data-theme-support=\"\"   data-overlay=\"false\" data-overlay-color=\"\" data-overlay-pattern=\"\" data-overlay-pattern-opacity=\"\" data-overlay-pattern-size=\"\"    ><\/div><div class=\"vc_row wpb_row vc_row-fluid vc_row-o-equal-height vc_row-o-content-top vc_row-flex\"><div class=\"wpb_column vc_column_container vc_col-sm-4\"><div class=\"vc_column-inner\"><div class=\"wpb_wrapper\">\n\t<div class=\"wpb_single_image wpb_content_element vc_align_center\">\n\t\t\n\t\t<figure class=\"wpb_wrapper vc_figure\">\n\t\t\t<div class=\"vc_single_image-wrapper   vc_box_border_grey\"><img loading=\"lazy\" decoding=\"async\" class=\"vc_single_image-img\" src=\"https:\/\/www.miasa.com.mx\/wp-content\/uploads\/2022\/01\/REFACCION-150x150.png\" width=\"150\" height=\"150\" alt=\"REFACCION\" title=\"REFACCION\" \/><\/div>\n\t\t<\/figure>\n\t<\/div>\n\n\t<div class=\"wpb_text_column wpb_content_element\">\n\t\t<div class=\"wpb_wrapper\">\n\t\t\t<h1 id=\"servicios\" style=\"text-align: center;\">We only use <em>original spare parts<\/em>.<\/h1>\n\n\t\t<\/div>\n\t<\/div>\n<\/div><\/div><\/div><div class=\"wpb_column vc_column_container vc_col-sm-4\"><div class=\"vc_column-inner\"><div class=\"wpb_wrapper\">\n\t<div class=\"wpb_single_image wpb_content_element vc_align_center\">\n\t\t\n\t\t<figure class=\"wpb_wrapper vc_figure\">\n\t\t\t<div class=\"vc_single_image-wrapper   vc_box_border_grey\"><img loading=\"lazy\" decoding=\"async\" class=\"vc_single_image-img\" src=\"https:\/\/www.miasa.com.mx\/wp-content\/uploads\/2022\/01\/CALIBRACION-150x150.png\" width=\"150\" height=\"150\" alt=\"CALIBRACION\" title=\"CALIBRACION\" \/><\/div>\n\t\t<\/figure>\n\t<\/div>\n\n\t<div class=\"wpb_text_column wpb_content_element\">\n\t\t<div class=\"wpb_wrapper\">\n\t\t\t<h1 id=\"servicios\" style=\"text-align: center;\">We provide <em>calibration<\/em> certificate.<\/h1>\n\n\t\t<\/div>\n\t<\/div>\n<\/div><\/div><\/div><div class=\"wpb_column vc_column_container vc_col-sm-4\"><div class=\"vc_column-inner\"><div class=\"wpb_wrapper\">\n\t<div class=\"wpb_single_image wpb_content_element vc_align_center\">\n\t\t\n\t\t<figure class=\"wpb_wrapper vc_figure\">\n\t\t\t<div class=\"vc_single_image-wrapper   vc_box_border_grey\"><img loading=\"lazy\" decoding=\"async\" class=\"vc_single_image-img\" src=\"https:\/\/www.miasa.com.mx\/wp-content\/uploads\/2022\/01\/garantia-1-150x150.png\" width=\"150\" height=\"150\" alt=\"garantia\" title=\"garantia\" \/><\/div>\n\t\t<\/figure>\n\t<\/div>\n\n\t<div class=\"wpb_text_column wpb_content_element\">\n\t\t<div class=\"wpb_wrapper\">\n\t\t\t<h1 style=\"text-align: center;\">30 days <em>warranty<\/em>.<\/h1>\n\n\t\t<\/div>\n\t<\/div>\n<\/div><\/div><\/div><\/div><!-- Row Backgrounds --><div class=\"upb_color\" data-bg-override=\"full\" data-bg-color=\"#eaeaea\" data-fadeout=\"\" data-fadeout-percentage=\"30\" data-parallax-content=\"\" data-parallax-content-sense=\"30\" data-row-effect-mobile-disable=\"true\" data-img-parallax-mobile-disable=\"true\" data-rtl=\"false\"  data-custom-vc-row=\"\"  data-vc=\"4.12\"  data-is_old_vc=\"\"  data-theme-support=\"\"   data-overlay=\"false\" data-overlay-color=\"\" data-overlay-pattern=\"\" data-overlay-pattern-opacity=\"\" data-overlay-pattern-size=\"\"    ><\/div><div class=\"vc_row wpb_row vc_row-fluid\"><div class=\"wpb_column vc_column_container vc_col-sm-12\"><div class=\"vc_column-inner\"><div class=\"wpb_wrapper\"><div class=\"vc_empty_space\"  style=\"height: 32px\" ><span class=\"vc_empty_space_inner\"><\/span><\/div>\n<\/div><\/div><\/div><\/div><div class=\"vc_row wpb_row vc_row-fluid\"><div class=\"wpb_column vc_column_container vc_col-sm-12\"><div class=\"vc_column-inner\"><div class=\"wpb_wrapper\">\n\t<div class=\"wpb_text_column wpb_content_element\">\n\t\t<div class=\"wpb_wrapper\">\n\t\t\t<h1>Need more info?<\/h1>\n<h5>One of our consultants will attend your request as soon as possible.<\/h5>\n\n\t\t<\/div>\n\t<\/div>\n<\/div><\/div><\/div><\/div><div class=\"vc_row wpb_row vc_row-fluid vc_custom_1641835742472\"><div class=\"wpb_column vc_column_container vc_col-sm-12\"><div class=\"vc_column-inner\"><div class=\"wpb_wrapper\"><div class=\"wpforms-container wpforms-container-full\" id=\"wpforms-13596\"><form id=\"wpforms-form-13596\" class=\"wpforms-validate wpforms-form\" data-formid=\"13596\" method=\"post\" enctype=\"multipart\/form-data\" action=\"\/en\/wp-json\/wp\/v2\/pages\/1983\" data-token=\"f189d89624f58ad0153344293604c178\" data-trp-original-action=\"\/en\/wp-json\/wp\/v2\/pages\/1983\"><noscript class=\"wpforms-error-noscript\">Please enable JavaScript in your browser to complete this form.<\/noscript><div class=\"wpforms-field-container\"><div id=\"wpforms-13596-field_9-container\" class=\"wpforms-field wpforms-field-text\" data-field-id=\"9\"><input type=\"text\" id=\"wpforms-13596-field_9\" class=\"wpforms-field-large wpforms-field-required\" name=\"wpforms[fields][9]\" placeholder=\"Name\" required><\/div><div id=\"wpforms-13596-field_3-container\" class=\"wpforms-field wpforms-field-text\" data-field-id=\"3\"><input type=\"text\" id=\"wpforms-13596-field_3\" class=\"wpforms-field-large wpforms-field-required\" name=\"wpforms[fields][3]\" placeholder=\"Mail\" required><\/div><div id=\"wpforms-13596-field_4-container\" class=\"wpforms-field wpforms-field-text\" data-field-id=\"4\"><input type=\"text\" id=\"wpforms-13596-field_4\" class=\"wpforms-field-large wpforms-field-required\" name=\"wpforms[fields][4]\" placeholder=\"Phone\" required><\/div><div id=\"wpforms-13596-field_5-container\" class=\"wpforms-field wpforms-field-text\" data-field-id=\"5\"><input type=\"text\" id=\"wpforms-13596-field_5\" class=\"wpforms-field-large wpforms-field-required\" name=\"wpforms[fields][5]\" placeholder=\"Company\" required><\/div><div id=\"wpforms-13596-field_13-container\" class=\"wpforms-field wpforms-field-checkbox wpforms-list-3-columns\" data-field-id=\"13\"><label class=\"wpforms-field-label\" for=\"wpforms-13596-field_13\">What type of failure does the instrument(s) do? <span class=\"wpforms-required-label\">*<\/span><\/label><ul id=\"wpforms-13596-field_13\" class=\"wpforms-field-required\"><li class=\"choice-1 depth-1\"><input type=\"checkbox\" id=\"wpforms-13596-field_13_1\" name=\"wpforms[fields][13][]\" value=\"El\u00e9ctrica.\" required><label class=\"wpforms-field-label-inline\" for=\"wpforms-13596-field_13_1\">Electric.<\/label><\/li><li class=\"choice-2 depth-1\"><input type=\"checkbox\" id=\"wpforms-13596-field_13_2\" name=\"wpforms[fields][13][]\" value=\"Mec\u00e1nica.\" required><label class=\"wpforms-field-label-inline\" for=\"wpforms-13596-field_13_2\">Mechanical.<\/label><\/li><li class=\"choice-3 depth-1\"><input type=\"checkbox\" id=\"wpforms-13596-field_13_3\" name=\"wpforms[fields][13][]\" value=\"Da\u00f1os f\u00edsicos.\" required><label class=\"wpforms-field-label-inline\" for=\"wpforms-13596-field_13_3\">Physical damage.<\/label><\/li><\/ul><\/div><div id=\"wpforms-13596-field_10-container\" class=\"wpforms-field wpforms-field-textarea\" data-field-id=\"10\"><textarea id=\"wpforms-13596-field_10\" class=\"wpforms-field-medium wpforms-field-required\" name=\"wpforms[fields][10]\" placeholder=\"Detail here the instrument(s) to be repaired\" required><\/textarea><\/div><div id=\"wpforms-13596-field_15-container\" class=\"wpforms-field wpforms-field-checkbox wpforms-list-3-columns\" data-field-id=\"15\"><label class=\"wpforms-field-label\" for=\"wpforms-13596-field_15\">Do you wish to perform accredited calibration of the instrument(s) after repair? <span class=\"wpforms-required-label\">*<\/span><\/label><ul id=\"wpforms-13596-field_15\" class=\"wpforms-field-required\"><li class=\"choice-1 depth-1\"><input type=\"checkbox\" id=\"wpforms-13596-field_15_1\" name=\"wpforms[fields][15][]\" value=\"Si.\" required><label class=\"wpforms-field-label-inline\" for=\"wpforms-13596-field_15_1\">Yes.<\/label><\/li><li class=\"choice-2 depth-1\"><input type=\"checkbox\" id=\"wpforms-13596-field_15_2\" name=\"wpforms[fields][15][]\" value=\"No.\" required><label class=\"wpforms-field-label-inline\" for=\"wpforms-13596-field_15_2\">No.<\/label><\/li><\/ul><\/div><\/div><!-- .wpforms-field-container --><div class=\"wpforms-submit-container\" ><input type=\"hidden\" name=\"wpforms[id]\" value=\"13596\"><input type=\"hidden\" name=\"wpforms[author]\" value=\"2\"><button type=\"submit\" name=\"wpforms[submit]\" id=\"wpforms-submit-13596\" class=\"wpforms-submit\" data-alt-text=\"Enviando...\" data-submit-text=\"Enviar\" aria-live=\"assertive\" value=\"wpforms-submit\">Send<\/button><\/div><input type=\"hidden\" name=\"trp-form-language\" value=\"en\"\/><\/form><\/div>  <!-- .wpforms-container --><\/div><\/div><\/div><\/div>","protected":false},"excerpt":{"rendered":"Asistencia t\u00e9cnica. Ponemos a tu disposici\u00f3n un conjunto de servicios especializados con los cuales te brindamos respaldo en ciertas situaciones.. Nos aseguramos de la continuidad operativa de tus instrumentos. Somos expertos, contamos con tecnolog\u00eda y herramientas especializadas para brindar diagn\u00f3sticos precisos y reales, adem\u00e1s, todas las reparaciones son verificadas por nuestro laboratorio de metrolog\u00eda, siguiendo [...]","protected":false},"author":2,"featured_media":0,"parent":9,"menu_order":0,"comment_status":"closed","ping_status":"closed","template":"homepage-template.php","meta":{"footnotes":""},"class_list":["post-1983","page","type-page","status-publish","hentry"],"_links":{"self":[{"href":"https:\/\/www.miasa.com.mx\/en\/wp-json\/wp\/v2\/pages\/1983","targetHints":{"allow":["GET"]}}],"collection":[{"href":"https:\/\/www.miasa.com.mx\/en\/wp-json\/wp\/v2\/pages"}],"about":[{"href":"https:\/\/www.miasa.com.mx\/en\/wp-json\/wp\/v2\/types\/page"}],"author":[{"embeddable":true,"href":"https:\/\/www.miasa.com.mx\/en\/wp-json\/wp\/v2\/users\/2"}],"replies":[{"embeddable":true,"href":"https:\/\/www.miasa.com.mx\/en\/wp-json\/wp\/v2\/comments?post=1983"}],"version-history":[{"count":21,"href":"https:\/\/www.miasa.com.mx\/en\/wp-json\/wp\/v2\/pages\/1983\/revisions"}],"predecessor-version":[{"id":15535,"href":"https:\/\/www.miasa.com.mx\/en\/wp-json\/wp\/v2\/pages\/1983\/revisions\/15535"}],"up":[{"embeddable":true,"href":"https:\/\/www.miasa.com.mx\/en\/wp-json\/wp\/v2\/pages\/9"}],"wp:attachment":[{"href":"https:\/\/www.miasa.com.mx\/en\/wp-json\/wp\/v2\/media?parent=1983"}],"curies":[{"name":"wp","href":"https:\/\/api.w.org\/{rel}","templated":true}]}}