{"id":7247,"date":"2018-08-08T14:38:50","date_gmt":"2018-08-08T14:38:50","guid":{"rendered":"http:\/\/www.miasa.com.mx\/?page_id=7247"},"modified":"2023-08-31T14:21:35","modified_gmt":"2023-08-31T14:21:35","slug":"c-line","status":"publish","type":"page","link":"https:\/\/www.miasa.com.mx\/en\/trimosmeasurement\/c-line\/","title":{"rendered":"Trimos C-Line"},"content":{"rendered":"<div class=\"vc_row wpb_row vc_row-fluid vc_custom_1659047516066 vc_row-o-equal-height vc_row-o-content-bottom vc_row-flex\"><div class=\"wpb_column vc_column_container vc_col-sm-6\"><div class=\"vc_column-inner\"><div class=\"wpb_wrapper\">\n\t<div class=\"wpb_text_column wpb_content_element\">\n\t\t<div class=\"wpb_wrapper\">\n\t\t\t<h1>The world's first truly portable DCC <em>coordinate measuring machine<\/em>.<\/h1>\n<h5><strong><span style=\"color: #000000;\">Working volume:<\/span><\/strong> X and Y 700 mm diameter, Z 250 mm.<br \/>\n<strong><span style=\"color: #000000;\">Linear accuracy (\u00a0<em style=\"font-weight: inherit;\">\u03bcm<\/em> ): <\/span><\/strong>3.0 + (D \/ 100mm).<br \/>\n<strong><span style=\"color: #000000;\">Precisi\u00f3n lineal (\u00a0<em style=\"font-weight: inherit;\">\u03bcm<\/em> ):<\/span><\/strong> 5.0 + (L \/ 100mm).<br \/>\n<strong><span style=\"color: #000000;\">Requirement for fixture accuracy:<\/span><\/strong> 5mm.<br \/>\n<strong><span style=\"color: #000000;\">Machine speed:<\/span><\/strong> 150 mm\/ps user controlled.<br \/>\n<strong><span style=\"color: #000000;\">Air requirements:<\/span><\/strong> None required.<br \/>\n<strong><span style=\"color: #000000;\">Manufacturing:<\/span><\/strong> Stainless steel on all structural components.<br \/>\n<strong><span style=\"color: #000000;\">Machine power supply requirements:<\/span><\/strong> 100-240 V CA \u00b1 10%, 50-60Hz.<br \/>\n<strong><span style=\"color: #000000;\">Battery:<\/span><\/strong> 4 hours in normal use, 3 hours at maximum.<br \/>\n<strong><span style=\"color: #000000;\">Power consumption:<\/span><\/strong> 15 W maximum, normal 10 W.<br \/>\n<strong><span style=\"color: #000000;\">Temperature compensation:<\/span><\/strong> Monitoring and internal compensation.<br \/>\n<strong><span style=\"color: #000000;\">Probe type:<\/span><\/strong> Renishaw TP20.<br \/>\n<strong><span style=\"color: #000000;\">Machine weight:<\/span><\/strong> 13,6 kg, (30 lbs).<br \/>\n<strong><span style=\"color: #000000;\">Machine dimensions (\u00a0<em style=\"font-weight: inherit;\">W x D x H<\/em> ):<\/span><\/strong> 420 mm x 172 mm x 620 mm.<\/h5>\n\n\t\t<\/div>\n\t<\/div>\n<div class=\"vc_btn3-container vc_btn3-left\"><a onmouseleave=\"this.style.borderColor='#0a0a0a'; this.style.backgroundColor='transparent'; this.style.color='#0a0a0a'\" onmouseenter=\"this.style.borderColor='#e61e2c'; this.style.backgroundColor='#e61e2c'; this.style.color='#ffffff';\" style=\"border-color:#0a0a0a; color:#0a0a0a;\" class=\"vc_general vc_btn3 vc_btn3-size-md vc_btn3-shape-round vc_btn3-style-outline-custom\" href=\"https:\/\/www.miasa.com.mx\/en\/brochure-cline\/\" title=\"Brochure Trimos C-Line en espa\u00f1ol.\">Download free brochure in Spanish.<\/a><\/div>\n<\/div><\/div><\/div><div class=\"wpb_column vc_column_container vc_col-sm-6\"><div class=\"vc_column-inner\"><div class=\"wpb_wrapper\">\n\t<div class=\"wpb_single_image wpb_content_element vc_align_left  vc_custom_1659046563138\">\n\t\t\n\t\t<figure class=\"wpb_wrapper vc_figure\">\n\t\t\t<div class=\"vc_single_image-wrapper   vc_box_border_grey\"><img loading=\"lazy\" decoding=\"async\" width=\"660\" height=\"920\" src=\"https:\/\/www.miasa.com.mx\/wp-content\/uploads\/2022\/07\/c4-735x1024.png\" class=\"vc_single_image-img attachment-large\" alt=\"\" srcset=\"https:\/\/www.miasa.com.mx\/wp-content\/uploads\/2022\/07\/c4-735x1024.png 735w, https:\/\/www.miasa.com.mx\/wp-content\/uploads\/2022\/07\/c4-215x300.png 215w, https:\/\/www.miasa.com.mx\/wp-content\/uploads\/2022\/07\/c4-768x1069.png 768w, https:\/\/www.miasa.com.mx\/wp-content\/uploads\/2022\/07\/c4-1103x1536.png 1103w, https:\/\/www.miasa.com.mx\/wp-content\/uploads\/2022\/07\/c4.png 1379w\" sizes=\"auto, (max-width: 660px) 100vw, 660px\" \/><\/div>\n\t\t<\/figure>\n\t<\/div>\n<\/div><\/div><\/div><\/div><!-- Row Backgrounds --><div class=\"upb_color\" data-bg-override=\"full\" data-bg-color=\"#eaeaea\" data-fadeout=\"\" data-fadeout-percentage=\"30\" data-parallax-content=\"\" data-parallax-content-sense=\"30\" data-row-effect-mobile-disable=\"true\" data-img-parallax-mobile-disable=\"true\" data-rtl=\"false\"  data-custom-vc-row=\"\"  data-vc=\"4.12\"  data-is_old_vc=\"\"  data-theme-support=\"\"   data-overlay=\"false\" data-overlay-color=\"\" data-overlay-pattern=\"\" data-overlay-pattern-opacity=\"\" data-overlay-pattern-size=\"\"    ><\/div><div class=\"vc_row wpb_row vc_row-fluid vc_custom_1647451114267 vc_row-o-equal-height vc_row-o-content-middle vc_row-flex\"><div class=\"wpb_column vc_column_container vc_col-sm-6\"><div class=\"vc_column-inner\"><div class=\"wpb_wrapper\">\n\t<div class=\"wpb_text_column wpb_content_element\">\n\t\t<div class=\"wpb_wrapper\">\n\t\t\t<h1><strong><span style=\"color: #333333;\">A revolutionary solution to a complicated problem.<\/span><\/strong><\/h1>\n<h5>Utilizing advanced technology, software, design and electronics, the C4 is manufactured as a compact stand-alone unit that is fundamentally different from existing CMM technology, design and operation. From initial equipment procurement to configuration, training and maintenance, C4 offers significant cost reductions without compromising measurement accuracy or performance.<\/h5>\n<h5><strong><span style=\"color: #333333;\">Easy to use.<\/span><\/strong><\/h5>\n<h5>The C4 is the easiest CMM DCC to use. Created with the intention of lowering the training threshold required to successfully operate and even program a CMM DCC, every component, from mechanics to software, has been examined for optimal user experience and ease of use.<\/h5>\n\n\t\t<\/div>\n\t<\/div>\n<\/div><\/div><\/div><div class=\"wpb_column vc_column_container vc_col-sm-6\"><div class=\"vc_column-inner\"><div class=\"wpb_wrapper\">\n\t<div class=\"wpb_single_image wpb_content_element vc_align_left\">\n\t\t\n\t\t<figure class=\"wpb_wrapper vc_figure\">\n\t\t\t<div class=\"vc_single_image-wrapper   vc_box_border_grey\"><img loading=\"lazy\" decoding=\"async\" width=\"625\" height=\"667\" src=\"https:\/\/www.miasa.com.mx\/wp-content\/uploads\/2022\/07\/cline.png\" class=\"vc_single_image-img attachment-large\" alt=\"\" srcset=\"https:\/\/www.miasa.com.mx\/wp-content\/uploads\/2022\/07\/cline.png 625w, https:\/\/www.miasa.com.mx\/wp-content\/uploads\/2022\/07\/cline-281x300.png 281w\" sizes=\"auto, (max-width: 625px) 100vw, 625px\" \/><\/div>\n\t\t<\/figure>\n\t<\/div>\n<\/div><\/div><\/div><\/div><div class=\"vc_row wpb_row vc_row-fluid vc_row-o-equal-height vc_row-o-content-middle vc_row-flex\"><div class=\"wpb_column vc_column_container vc_col-sm-6\"><div class=\"vc_column-inner\"><div class=\"wpb_wrapper\">\n\t<div class=\"wpb_single_image wpb_content_element vc_align_left\">\n\t\t\n\t\t<figure class=\"wpb_wrapper vc_figure\">\n\t\t\t<div class=\"vc_single_image-wrapper   vc_box_border_grey\"><img loading=\"lazy\" decoding=\"async\" width=\"564\" height=\"730\" src=\"https:\/\/www.miasa.com.mx\/wp-content\/uploads\/2021\/02\/tech-top-image.png\" class=\"vc_single_image-img attachment-large\" alt=\"\" srcset=\"https:\/\/www.miasa.com.mx\/wp-content\/uploads\/2021\/02\/tech-top-image.png 564w, https:\/\/www.miasa.com.mx\/wp-content\/uploads\/2021\/02\/tech-top-image-232x300.png 232w\" sizes=\"auto, (max-width: 564px) 100vw, 564px\" \/><\/div>\n\t\t<\/figure>\n\t<\/div>\n\n\t<div class=\"wpb_text_column wpb_content_element\">\n\t\t<div class=\"wpb_wrapper\">\n\t\t\t<p>***The Trimos C4 is also marketed in America under the name zCat.<\/p>\n\n\t\t<\/div>\n\t<\/div>\n<\/div><\/div><\/div><div class=\"wpb_column vc_column_container vc_col-sm-6\"><div class=\"vc_column-inner\"><div class=\"wpb_wrapper\">\n\t<div class=\"wpb_text_column wpb_content_element\">\n\t\t<div class=\"wpb_wrapper\">\n\t\t\t<h5><strong><span style=\"color: #333333;\">Portability.<\/span><\/strong><\/h5>\n<h5>The C4 is the world's first direct computer-controlled coordinate measuring machine (DCC CMM). At only 30 pounds, the C4 conveniently accompanies you wherever you need it. No longer are you required to carry the part to the CMM; from a surface plate, to a table in the shop or on a large part itself, C4 can be deployed directly into the manufacturing process.<\/h5>\n<h5><strong><span style=\"color: #333333;\">Power.<\/span><\/strong><\/h5>\n<h5>Being tethered to a power outlet is a thing of the past. The C4 is powered by a built-in 10.8 volt lithium-ion battery, which provides enough power for accurate and precise measurements for four hours in the field. The C4 is truly wireless. A power supply charger is included for quick recharges between or during use.<\/h5>\n<h5><strong><span style=\"color: #333333;\">Probe system.<\/span><\/strong><\/h5>\n<h5>The C4 ensures accuracy with an industry standard probe system. Find comfort in knowing that accurate, easy-to-acquire results are measured with this reliable touch-trigger probe system. Whatever your measurement task, this probe system allows optimal stylus arrangement for accuracy.<\/h5>\n<h5><strong><span style=\"color: #333333;\">Programming.<\/span><\/strong><\/h5>\n<h5>Automate measurement processes and get accurate data time after time. The unique C4 clutch moves seamlessly from direct computer to manual control without the need to activate switches or click buttons. Simply move the probe manually, and the computer remembers and reproduces the movements for accurate, repeatable measurements.<\/h5>\n\n\t\t<\/div>\n\t<\/div>\n<\/div><\/div><\/div><\/div><div class=\"vc_row wpb_row vc_row-fluid vc_row-o-equal-height vc_row-o-content-middle vc_row-flex\"><div class=\"wpb_column vc_column_container vc_col-sm-6\"><div class=\"vc_column-inner\"><div class=\"wpb_wrapper\">\n\t<div class=\"wpb_text_column wpb_content_element\">\n\t\t<div class=\"wpb_wrapper\">\n\t\t\t<h5><strong><span style=\"color: #333333;\">Software.<\/span><\/strong><\/h5>\n<h5>The C4 comes with ControlCAT: integrated, easy-to-use geometric measurement software, controlled through an intuitive touch screen icon-based interface. Take advantage of direct computer-controlled measurements without the need for a secondary computer. From shop floor technicians to dedicated CMM operators, anyone can feel comfortable operating C4.<\/h5>\n<h5><strong><span style=\"color: #333333;\">ControlCAT Metrology Software.<\/span><\/strong><\/h5>\n<ul>\n<li>\n<h5>Easy-to-use geometric measuring tool.<\/h5>\n<\/li>\n<li>\n<h5>Measures manually or DCC.\u00a0Creates constructions for the most common geometric elements, including:<\/h5>\n<h5>-Flat line point Sphere angle PCD.<\/h5>\n<h5>-Circle\u00a0 Slot\u00a0 Cone\u00a0 Reference\u00a0 Cylinder\u00a0 Cloud.<\/h5>\n<\/li>\n<li>\n<h5>Reports actual and nominal information in the Excel spreadsheet.<\/h5>\n<\/li>\n<li>\n<h5>The program remembers the geometry and reproduces for repetitive part measurements.<\/h5>\n<\/li>\n<\/ul>\n\n\t\t<\/div>\n\t<\/div>\n<\/div><\/div><\/div><div class=\"wpb_column vc_column_container vc_col-sm-6\"><div class=\"vc_column-inner\"><div class=\"wpb_wrapper\">\n\t<div class=\"wpb_single_image wpb_content_element vc_align_left  vc_custom_1612548652425\">\n\t\t\n\t\t<figure class=\"wpb_wrapper vc_figure\">\n\t\t\t<div class=\"vc_single_image-wrapper   vc_box_border_grey\"><img loading=\"lazy\" decoding=\"async\" width=\"660\" height=\"361\" src=\"https:\/\/www.miasa.com.mx\/wp-content\/uploads\/2018\/08\/MK4zCatsoftware2.jpg\" class=\"vc_single_image-img attachment-large\" alt=\"\" srcset=\"https:\/\/www.miasa.com.mx\/wp-content\/uploads\/2018\/08\/MK4zCatsoftware2.jpg 774w, https:\/\/www.miasa.com.mx\/wp-content\/uploads\/2018\/08\/MK4zCatsoftware2-300x164.jpg 300w, https:\/\/www.miasa.com.mx\/wp-content\/uploads\/2018\/08\/MK4zCatsoftware2-768x420.jpg 768w\" sizes=\"auto, (max-width: 660px) 100vw, 660px\" \/><\/div>\n\t\t<\/figure>\n\t<\/div>\n<\/div><\/div><\/div><\/div><div class=\"vc_row wpb_row vc_row-fluid vc_row-o-equal-height vc_row-o-content-middle vc_row-flex\"><div class=\"wpb_column vc_column_container vc_col-sm-6\"><div class=\"vc_column-inner\"><div class=\"wpb_wrapper\">\n\t<div class=\"wpb_single_image wpb_content_element vc_align_left  vc_custom_1612548912454\">\n\t\t\n\t\t<figure class=\"wpb_wrapper vc_figure\">\n\t\t\t<div class=\"vc_single_image-wrapper   vc_box_border_grey\"><img loading=\"lazy\" decoding=\"async\" width=\"660\" height=\"361\" src=\"https:\/\/www.miasa.com.mx\/wp-content\/uploads\/2018\/08\/MK4zCatsoftware.jpg\" class=\"vc_single_image-img attachment-large\" alt=\"\" srcset=\"https:\/\/www.miasa.com.mx\/wp-content\/uploads\/2018\/08\/MK4zCatsoftware.jpg 774w, https:\/\/www.miasa.com.mx\/wp-content\/uploads\/2018\/08\/MK4zCatsoftware-300x164.jpg 300w, https:\/\/www.miasa.com.mx\/wp-content\/uploads\/2018\/08\/MK4zCatsoftware-768x420.jpg 768w\" sizes=\"auto, (max-width: 660px) 100vw, 660px\" \/><\/div>\n\t\t<\/figure>\n\t<\/div>\n<\/div><\/div><\/div><div class=\"wpb_column vc_column_container vc_col-sm-6\"><div class=\"vc_column-inner\"><div class=\"wpb_wrapper\">\n\t<div class=\"wpb_text_column wpb_content_element\">\n\t\t<div class=\"wpb_wrapper\">\n\t\t\t<h5><strong><span style=\"color: #333333;\">I++ Server Software.<\/span><\/strong><\/h5>\n<ul>\n<li>\n<h5>The optional MK4 C4 software provides advanced 3D C4 capabilities, including:<\/h5>\n<\/li>\n<li>\n<h5>Automatic measurement routines<\/h5>\n<\/li>\n<li>\n<h5>Powerful interactive graphic window<\/h5>\n<\/li>\n<li>\n<h5>2D and 3D inspection<\/h5>\n<\/li>\n<li>\n<h5>DXF data import<\/h5>\n<\/li>\n<li>\n<h5>Characteristic construction<\/h5>\n<\/li>\n<li>\n<h5>GD &amp; T dimensions and tolerances<\/h5>\n<\/li>\n<li>\n<h5>Teach and learn programming<\/h5>\n<\/li>\n<li>\n<h5>GD &amp; T Engineering Drawing Report<\/h5>\n<\/li>\n<li>\n<h5>Simple PASS \/ FAIL notification<\/h5>\n<\/li>\n<li>\n<h5>Real-time SPC<\/h5>\n<\/li>\n<\/ul>\n<h5><strong><span style=\"color: #333333;\">Export to DXF.<\/span><\/strong><\/h5>\n\n\t\t<\/div>\n\t<\/div>\n<\/div><\/div><\/div><\/div><div class=\"vc_row wpb_row vc_row-fluid vc_row-o-equal-height vc_row-o-content-middle vc_row-flex\"><div class=\"wpb_column vc_column_container vc_col-sm-4\"><div class=\"vc_column-inner\"><div class=\"wpb_wrapper\">\n\t<div class=\"wpb_text_column wpb_content_element\">\n\t\t<div class=\"wpb_wrapper\">\n\t\t\t<h1><span style=\"color: #333333;\">C4 Travel Case.<\/span><\/h1>\n<h5><span style=\"font-style: inherit; font-weight: inherit;\">- High-impact housing with extendable handle and built-in wheels for easy movement.<\/span><br \/>\n<span style=\"font-style: inherit; font-weight: inherit;\">- The custom-fitted, high-density foam insert ensures that the C4 is transported safely and securely.<\/span><br \/>\n<span style=\"font-style: inherit; font-weight: inherit;\">- 7 latches ensure a secure closure.<\/span><br \/>\n<span style=\"font-style: inherit; font-weight: inherit;\">- Pad locking to prevent internal movements.<\/span><\/h5>\n\n\t\t<\/div>\n\t<\/div>\n<\/div><\/div><\/div><div class=\"wpb_column vc_column_container vc_col-sm-4\"><div class=\"vc_column-inner\"><div class=\"wpb_wrapper\">\n\t<div class=\"wpb_single_image wpb_content_element vc_align_center\">\n\t\t\n\t\t<figure class=\"wpb_wrapper vc_figure\">\n\t\t\t<a href=\"https:\/\/www.miasa.com.mx\/wp-content\/uploads\/2018\/08\/case-1.jpg\" target=\"_self\" class=\"vc_single_image-wrapper   vc_box_border_grey\"><img loading=\"lazy\" decoding=\"async\" width=\"269\" height=\"300\" src=\"https:\/\/www.miasa.com.mx\/wp-content\/uploads\/2018\/08\/case-1-269x300.jpg\" class=\"vc_single_image-img attachment-medium\" alt=\"\" srcset=\"https:\/\/www.miasa.com.mx\/wp-content\/uploads\/2018\/08\/case-1-269x300.jpg 269w, https:\/\/www.miasa.com.mx\/wp-content\/uploads\/2018\/08\/case-1.jpg 449w\" sizes=\"auto, (max-width: 269px) 100vw, 269px\" \/><\/a>\n\t\t<\/figure>\n\t<\/div>\n<\/div><\/div><\/div><div class=\"wpb_column vc_column_container vc_col-sm-4\"><div class=\"vc_column-inner\"><div class=\"wpb_wrapper\">\n\t<div class=\"wpb_single_image wpb_content_element vc_align_center\">\n\t\t\n\t\t<figure class=\"wpb_wrapper vc_figure\">\n\t\t\t<a href=\"https:\/\/www.miasa.com.mx\/wp-content\/uploads\/2018\/08\/case.jpg\" target=\"_self\" class=\"vc_single_image-wrapper   vc_box_border_grey\"><img loading=\"lazy\" decoding=\"async\" width=\"269\" height=\"300\" src=\"https:\/\/www.miasa.com.mx\/wp-content\/uploads\/2018\/08\/case-269x300.jpg\" class=\"vc_single_image-img attachment-medium\" alt=\"\" srcset=\"https:\/\/www.miasa.com.mx\/wp-content\/uploads\/2018\/08\/case-269x300.jpg 269w, https:\/\/www.miasa.com.mx\/wp-content\/uploads\/2018\/08\/case.jpg 449w\" sizes=\"auto, (max-width: 269px) 100vw, 269px\" \/><\/a>\n\t\t<\/figure>\n\t<\/div>\n<\/div><\/div><\/div><\/div><div class=\"vc_row wpb_row vc_row-fluid\"><div class=\"wpb_column vc_column_container vc_col-sm-12\"><div class=\"vc_column-inner\"><div class=\"wpb_wrapper\">\n\t<div class=\"wpb_text_column wpb_content_element\">\n\t\t<div class=\"wpb_wrapper\">\n\t\t\t\n\t\t<\/div>\n\t<\/div>\n<\/div><\/div><\/div><\/div>","protected":false},"excerpt":{"rendered":"La primera m\u00e1quina de medici\u00f3n por coordenadas DCC verdaderamente port\u00e1til del mundo. Volumen de trabajo: X e Y 700 mm de di\u00e1metro, Z 250 mm. Exactitud Diametral\u00a0(\u00a0\u03bcm ): 3.0 + (D \/ 100mm). Precisi\u00f3n lineal (\u00a0\u03bcm ): 5.0 + (L \/ 100mm). Requerimiento de exactitud de fixture: 5mm. Velocidad de la m\u00e1quina: 150 mm\/ps controlado [...]","protected":false},"author":2,"featured_media":0,"parent":9439,"menu_order":0,"comment_status":"closed","ping_status":"closed","template":"homepage-template.php","meta":{"footnotes":""},"class_list":["post-7247","page","type-page","status-publish","hentry"],"_links":{"self":[{"href":"https:\/\/www.miasa.com.mx\/en\/wp-json\/wp\/v2\/pages\/7247","targetHints":{"allow":["GET"]}}],"collection":[{"href":"https:\/\/www.miasa.com.mx\/en\/wp-json\/wp\/v2\/pages"}],"about":[{"href":"https:\/\/www.miasa.com.mx\/en\/wp-json\/wp\/v2\/types\/page"}],"author":[{"embeddable":true,"href":"https:\/\/www.miasa.com.mx\/en\/wp-json\/wp\/v2\/users\/2"}],"replies":[{"embeddable":true,"href":"https:\/\/www.miasa.com.mx\/en\/wp-json\/wp\/v2\/comments?post=7247"}],"version-history":[{"count":44,"href":"https:\/\/www.miasa.com.mx\/en\/wp-json\/wp\/v2\/pages\/7247\/revisions"}],"predecessor-version":[{"id":15555,"href":"https:\/\/www.miasa.com.mx\/en\/wp-json\/wp\/v2\/pages\/7247\/revisions\/15555"}],"up":[{"embeddable":true,"href":"https:\/\/www.miasa.com.mx\/en\/wp-json\/wp\/v2\/pages\/9439"}],"wp:attachment":[{"href":"https:\/\/www.miasa.com.mx\/en\/wp-json\/wp\/v2\/media?parent=7247"}],"curies":[{"name":"wp","href":"https:\/\/api.w.org\/{rel}","templated":true}]}}